


{"id":110554,"date":"2023-02-17T09:28:28","date_gmt":"2023-02-17T07:28:28","guid":{"rendered":"https:\/\/srokacompany.com\/produit\/paquete-wake-foil-pocket-2023-s-foil\/"},"modified":"2024-05-21T12:41:11","modified_gmt":"2024-05-21T12:41:11","slug":"paquete-wake-foil-pocket-2023-s-foil","status":"publish","type":"product","link":"https:\/\/staging.srokafinal.lets-preprod.com\/es\/produit\/paquete-wake-foil-pocket-2023-s-foil\/","title":{"rendered":"Paquete Wake Foil: Pocket 2023 + S-foil"},"content":{"rendered":"<hr>\n<h3><em>&#8220;El mejor combo para sobresalir en wake-foiling&#8221;  <\/em><\/h3>\n<p>El pack incluye la tabla <strong>Pocket 2023<\/strong>, dise\u00f1ada para ofrecer una <strong>agilidad<\/strong> sin igual, as\u00ed como una S-Foil 1190 Lift o 1350 Lift. Si buscas el foil ideal para wake-foiling, a la vez que ofrece un <strong>rendimiento excepcional en otras disciplinas<\/strong> como el wing-foiling o el surf-foiling, este pack es para ti.<\/p>\n<p><strong>Pocket 2023<\/strong> : Su construcci\u00f3n ultrarr\u00edgida y su tama\u00f1o compacto se sienten como uno con la l\u00e1mina, lo que le da una capacidad de respuesta excepcional. \u00a1Todo reacciona exactamente como se esperaba y es emocionante!<\/p>\n<p><strong>S-Foil 1190 y 1350 Lift<\/strong> : Estas cometas de alta relaci\u00f3n de aspecto te permitir\u00e1n deslizarte sin l\u00edmite en cualquier ola de barco. Elija el <strong>1350<\/strong> Lift para los riders <strong>m\u00e1s altos<\/strong> (+85 kg) y para montar la 2\u00aa a la 4\u00aa ola del barco y el 1190 Lift para los riders m\u00e1s ligeros o para estar lo m\u00e1s cerca posible del barco en las olas m\u00e1s profundas. No recomendamos usar el 1190 Speed como wake surf foil porque es demasiado r\u00e1pido.<\/p>\n","protected":false},"excerpt":{"rendered":"<p>&#8220;El mejor combo para sobresalir en wake-foiling&#8221; El pack incluye la tabla Pocket 2023, dise\u00f1ada para ofrecer una agilidad sin igual, as\u00ed como una S-Foil 1190 Lift o 1350 Lift. Si buscas el foil ideal para wake-foiling, a la vez que ofrece un rendimiento excepcional en otras disciplinas como el wing-foiling o el surf-foiling, este [&hellip;]<\/p>\n","protected":false},"featured_media":110557,"template":"","meta":{"_acf_changed":false,"_uag_custom_page_level_css":""},"product_brand":[],"product_cat":[3161],"product_tag":[],"class_list":{"0":"post-110554","1":"product","2":"type-product","3":"status-publish","4":"has-post-thumbnail","6":"product_cat-gama-uha-downwind","8":"first","9":"instock","10":"taxable","11":"shipping-taxable","12":"purchasable","13":"product-type-woosb"},"acf":[],"yoast_head":"<!-- This site is optimized with the Yoast SEO plugin v25.1 - https:\/\/yoast.com\/wordpress\/plugins\/seo\/ -->\n<title>Paquete Wake Foil: Pocket 2023 + S-foil - SROKA Company<\/title>\n<meta name=\"description\" content=\"Descubre el wake foiling f\u00e1cilmente con este pack completo. Tabla compacta y ligera, l\u00e1mina vers\u00e1til y de alto rendimiento, pr\u00e1ctica bolsa de transporte.\" \/>\n<meta name=\"robots\" content=\"noindex, follow, max-snippet:-1, max-image-preview:large, max-video-preview:-1\" \/>\n<meta property=\"og:locale\" content=\"es_ES\" \/>\n<meta property=\"og:type\" content=\"article\" \/>\n<meta property=\"og:title\" content=\"Paquete Wake Foil: Pocket 2023 + S-foil - SROKA Company\" \/>\n<meta property=\"og:description\" content=\"Descubre el wake foiling f\u00e1cilmente con este pack completo. Tabla compacta y ligera, l\u00e1mina vers\u00e1til y de alto rendimiento, pr\u00e1ctica bolsa de transporte.\" \/>\n<meta property=\"og:url\" content=\"https:\/\/staging.srokafinal.lets-preprod.com\/es\/produit\/paquete-wake-foil-pocket-2023-s-foil\/\" \/>\n<meta property=\"og:site_name\" content=\"SROKA Company\" \/>\n<meta property=\"article:publisher\" content=\"https:\/\/www.facebook.com\/srokawatersports\/\" \/>\n<meta property=\"article:modified_time\" content=\"2024-05-21T12:41:11+00:00\" \/>\n<meta property=\"og:image\" content=\"https:\/\/staging.srokafinal.lets-preprod.com\/wp-content\/uploads\/2023\/02\/Pack-wake-foil.png\" \/>\n\t<meta property=\"og:image:width\" content=\"740\" \/>\n\t<meta property=\"og:image:height\" content=\"1080\" \/>\n\t<meta property=\"og:image:type\" content=\"image\/png\" \/>\n<meta name=\"twitter:label1\" content=\"Tiempo de lectura\" \/>\n\t<meta name=\"twitter:data1\" content=\"1 minuto\" \/>\n<script type=\"application\/ld+json\" class=\"yoast-schema-graph\">{\"@context\":\"https:\/\/schema.org\",\"@graph\":[{\"@type\":\"WebPage\",\"@id\":\"https:\/\/staging.srokafinal.lets-preprod.com\/es\/produit\/paquete-wake-foil-pocket-2023-s-foil\/\",\"url\":\"https:\/\/staging.srokafinal.lets-preprod.com\/es\/produit\/paquete-wake-foil-pocket-2023-s-foil\/\",\"name\":\"Paquete Wake Foil: Pocket 2023 + S-foil - SROKA Company\",\"isPartOf\":{\"@id\":\"https:\/\/staging.srokafinal.lets-preprod.com\/es\/#website\"},\"primaryImageOfPage\":{\"@id\":\"https:\/\/staging.srokafinal.lets-preprod.com\/es\/produit\/paquete-wake-foil-pocket-2023-s-foil\/#primaryimage\"},\"image\":{\"@id\":\"https:\/\/staging.srokafinal.lets-preprod.com\/es\/produit\/paquete-wake-foil-pocket-2023-s-foil\/#primaryimage\"},\"thumbnailUrl\":\"https:\/\/staging.srokafinal.lets-preprod.com\/wp-content\/uploads\/2023\/02\/Pack-wake-foil.png\",\"datePublished\":\"2023-02-17T07:28:28+00:00\",\"dateModified\":\"2024-05-21T12:41:11+00:00\",\"description\":\"Descubre el wake foiling f\u00e1cilmente con este pack completo. Tabla compacta y ligera, l\u00e1mina vers\u00e1til y de alto rendimiento, pr\u00e1ctica bolsa de transporte.\",\"breadcrumb\":{\"@id\":\"https:\/\/staging.srokafinal.lets-preprod.com\/es\/produit\/paquete-wake-foil-pocket-2023-s-foil\/#breadcrumb\"},\"inLanguage\":\"es\",\"potentialAction\":[{\"@type\":\"ReadAction\",\"target\":[\"https:\/\/staging.srokafinal.lets-preprod.com\/es\/produit\/paquete-wake-foil-pocket-2023-s-foil\/\"]}]},{\"@type\":\"ImageObject\",\"inLanguage\":\"es\",\"@id\":\"https:\/\/staging.srokafinal.lets-preprod.com\/es\/produit\/paquete-wake-foil-pocket-2023-s-foil\/#primaryimage\",\"url\":\"https:\/\/staging.srokafinal.lets-preprod.com\/wp-content\/uploads\/2023\/02\/Pack-wake-foil.png\",\"contentUrl\":\"https:\/\/staging.srokafinal.lets-preprod.com\/wp-content\/uploads\/2023\/02\/Pack-wake-foil.png\",\"width\":740,\"height\":1080},{\"@type\":\"BreadcrumbList\",\"@id\":\"https:\/\/staging.srokafinal.lets-preprod.com\/es\/produit\/paquete-wake-foil-pocket-2023-s-foil\/#breadcrumb\",\"itemListElement\":[{\"@type\":\"ListItem\",\"position\":1,\"name\":\"Accueil\",\"item\":\"https:\/\/staging.srokafinal.lets-preprod.com\/es\/\"},{\"@type\":\"ListItem\",\"position\":2,\"name\":\"Boutique\",\"item\":\"https:\/\/staging.srokafinal.lets-preprod.com\/boutique\/\"},{\"@type\":\"ListItem\",\"position\":3,\"name\":\"Paquete Wake Foil: Pocket 2023 + S-foil\"}]},{\"@type\":\"WebSite\",\"@id\":\"https:\/\/staging.srokafinal.lets-preprod.com\/es\/#website\",\"url\":\"https:\/\/staging.srokafinal.lets-preprod.com\/es\/\",\"name\":\"SROKA Company\",\"description\":\"SUP, Kite, Foil, Wing\",\"publisher\":{\"@id\":\"https:\/\/staging.srokafinal.lets-preprod.com\/es\/#organization\"},\"potentialAction\":[{\"@type\":\"SearchAction\",\"target\":{\"@type\":\"EntryPoint\",\"urlTemplate\":\"https:\/\/staging.srokafinal.lets-preprod.com\/es\/?s={search_term_string}\"},\"query-input\":{\"@type\":\"PropertyValueSpecification\",\"valueRequired\":true,\"valueName\":\"search_term_string\"}}],\"inLanguage\":\"es\"},{\"@type\":\"Organization\",\"@id\":\"https:\/\/staging.srokafinal.lets-preprod.com\/es\/#organization\",\"name\":\"SROKACOMPANY\",\"alternateName\":\"SROKA\",\"url\":\"https:\/\/staging.srokafinal.lets-preprod.com\/es\/\",\"logo\":{\"@type\":\"ImageObject\",\"inLanguage\":\"es\",\"@id\":\"https:\/\/staging.srokafinal.lets-preprod.com\/es\/#\/schema\/logo\/image\/\",\"url\":\"https:\/\/staging.srokafinal.lets-preprod.com\/wp-content\/uploads\/2021\/01\/logo-sroka-black-transpa.png\",\"contentUrl\":\"https:\/\/staging.srokafinal.lets-preprod.com\/wp-content\/uploads\/2021\/01\/logo-sroka-black-transpa.png\",\"width\":1201,\"height\":342,\"caption\":\"SROKACOMPANY\"},\"image\":{\"@id\":\"https:\/\/staging.srokafinal.lets-preprod.com\/es\/#\/schema\/logo\/image\/\"},\"sameAs\":[\"https:\/\/www.facebook.com\/srokawatersports\/\",\"https:\/\/www.instagram.com\/srokawatersports\/\",\"https:\/\/www.youtube.com\/channel\/UCVLHHeaPIm-J5bdEUgxqtZA\"]}]}<\/script>\n<!-- \/ Yoast SEO plugin. -->","yoast_head_json":{"title":"Paquete Wake Foil: Pocket 2023 + S-foil - SROKA Company","description":"Descubre el wake foiling f\u00e1cilmente con este pack completo. Tabla compacta y ligera, l\u00e1mina vers\u00e1til y de alto rendimiento, pr\u00e1ctica bolsa de transporte.","robots":{"index":"noindex","follow":"follow","max-snippet":"max-snippet:-1","max-image-preview":"max-image-preview:large","max-video-preview":"max-video-preview:-1"},"og_locale":"es_ES","og_type":"article","og_title":"Paquete Wake Foil: Pocket 2023 + S-foil - SROKA Company","og_description":"Descubre el wake foiling f\u00e1cilmente con este pack completo. Tabla compacta y ligera, l\u00e1mina vers\u00e1til y de alto rendimiento, pr\u00e1ctica bolsa de transporte.","og_url":"https:\/\/staging.srokafinal.lets-preprod.com\/es\/produit\/paquete-wake-foil-pocket-2023-s-foil\/","og_site_name":"SROKA Company","article_publisher":"https:\/\/www.facebook.com\/srokawatersports\/","article_modified_time":"2024-05-21T12:41:11+00:00","og_image":[{"width":740,"height":1080,"url":"https:\/\/staging.srokafinal.lets-preprod.com\/wp-content\/uploads\/2023\/02\/Pack-wake-foil.png","type":"image\/png"}],"twitter_misc":{"Tiempo de lectura":"1 minuto"},"schema":{"@context":"https:\/\/schema.org","@graph":[{"@type":"WebPage","@id":"https:\/\/staging.srokafinal.lets-preprod.com\/es\/produit\/paquete-wake-foil-pocket-2023-s-foil\/","url":"https:\/\/staging.srokafinal.lets-preprod.com\/es\/produit\/paquete-wake-foil-pocket-2023-s-foil\/","name":"Paquete Wake Foil: Pocket 2023 + S-foil - SROKA Company","isPartOf":{"@id":"https:\/\/staging.srokafinal.lets-preprod.com\/es\/#website"},"primaryImageOfPage":{"@id":"https:\/\/staging.srokafinal.lets-preprod.com\/es\/produit\/paquete-wake-foil-pocket-2023-s-foil\/#primaryimage"},"image":{"@id":"https:\/\/staging.srokafinal.lets-preprod.com\/es\/produit\/paquete-wake-foil-pocket-2023-s-foil\/#primaryimage"},"thumbnailUrl":"https:\/\/staging.srokafinal.lets-preprod.com\/wp-content\/uploads\/2023\/02\/Pack-wake-foil.png","datePublished":"2023-02-17T07:28:28+00:00","dateModified":"2024-05-21T12:41:11+00:00","description":"Descubre el wake foiling f\u00e1cilmente con este pack completo. Tabla compacta y ligera, l\u00e1mina vers\u00e1til y de alto rendimiento, pr\u00e1ctica bolsa de transporte.","breadcrumb":{"@id":"https:\/\/staging.srokafinal.lets-preprod.com\/es\/produit\/paquete-wake-foil-pocket-2023-s-foil\/#breadcrumb"},"inLanguage":"es","potentialAction":[{"@type":"ReadAction","target":["https:\/\/staging.srokafinal.lets-preprod.com\/es\/produit\/paquete-wake-foil-pocket-2023-s-foil\/"]}]},{"@type":"ImageObject","inLanguage":"es","@id":"https:\/\/staging.srokafinal.lets-preprod.com\/es\/produit\/paquete-wake-foil-pocket-2023-s-foil\/#primaryimage","url":"https:\/\/staging.srokafinal.lets-preprod.com\/wp-content\/uploads\/2023\/02\/Pack-wake-foil.png","contentUrl":"https:\/\/staging.srokafinal.lets-preprod.com\/wp-content\/uploads\/2023\/02\/Pack-wake-foil.png","width":740,"height":1080},{"@type":"BreadcrumbList","@id":"https:\/\/staging.srokafinal.lets-preprod.com\/es\/produit\/paquete-wake-foil-pocket-2023-s-foil\/#breadcrumb","itemListElement":[{"@type":"ListItem","position":1,"name":"Accueil","item":"https:\/\/staging.srokafinal.lets-preprod.com\/es\/"},{"@type":"ListItem","position":2,"name":"Boutique","item":"https:\/\/staging.srokafinal.lets-preprod.com\/boutique\/"},{"@type":"ListItem","position":3,"name":"Paquete Wake Foil: Pocket 2023 + S-foil"}]},{"@type":"WebSite","@id":"https:\/\/staging.srokafinal.lets-preprod.com\/es\/#website","url":"https:\/\/staging.srokafinal.lets-preprod.com\/es\/","name":"SROKA Company","description":"SUP, Kite, Foil, Wing","publisher":{"@id":"https:\/\/staging.srokafinal.lets-preprod.com\/es\/#organization"},"potentialAction":[{"@type":"SearchAction","target":{"@type":"EntryPoint","urlTemplate":"https:\/\/staging.srokafinal.lets-preprod.com\/es\/?s={search_term_string}"},"query-input":{"@type":"PropertyValueSpecification","valueRequired":true,"valueName":"search_term_string"}}],"inLanguage":"es"},{"@type":"Organization","@id":"https:\/\/staging.srokafinal.lets-preprod.com\/es\/#organization","name":"SROKACOMPANY","alternateName":"SROKA","url":"https:\/\/staging.srokafinal.lets-preprod.com\/es\/","logo":{"@type":"ImageObject","inLanguage":"es","@id":"https:\/\/staging.srokafinal.lets-preprod.com\/es\/#\/schema\/logo\/image\/","url":"https:\/\/staging.srokafinal.lets-preprod.com\/wp-content\/uploads\/2021\/01\/logo-sroka-black-transpa.png","contentUrl":"https:\/\/staging.srokafinal.lets-preprod.com\/wp-content\/uploads\/2021\/01\/logo-sroka-black-transpa.png","width":1201,"height":342,"caption":"SROKACOMPANY"},"image":{"@id":"https:\/\/staging.srokafinal.lets-preprod.com\/es\/#\/schema\/logo\/image\/"},"sameAs":["https:\/\/www.facebook.com\/srokawatersports\/","https:\/\/www.instagram.com\/srokawatersports\/","https:\/\/www.youtube.com\/channel\/UCVLHHeaPIm-J5bdEUgxqtZA"]}]}},"uagb_featured_image_src":{"full":["https:\/\/staging.srokafinal.lets-preprod.com\/wp-content\/uploads\/2023\/02\/Pack-wake-foil.png",740,1080,false],"thumbnail":["https:\/\/staging.srokafinal.lets-preprod.com\/wp-content\/uploads\/2023\/02\/Pack-wake-foil-150x150.png",150,150,true],"medium":["https:\/\/staging.srokafinal.lets-preprod.com\/wp-content\/uploads\/2023\/02\/Pack-wake-foil-206x300.png",206,300,true],"medium_large":["https:\/\/staging.srokafinal.lets-preprod.com\/wp-content\/uploads\/2023\/02\/Pack-wake-foil.png",740,1080,false],"large":["https:\/\/staging.srokafinal.lets-preprod.com\/wp-content\/uploads\/2023\/02\/Pack-wake-foil-702x1024.png",702,1024,true],"1536x1536":["https:\/\/staging.srokafinal.lets-preprod.com\/wp-content\/uploads\/2023\/02\/Pack-wake-foil.png",740,1080,false],"2048x2048":["https:\/\/staging.srokafinal.lets-preprod.com\/wp-content\/uploads\/2023\/02\/Pack-wake-foil.png",740,1080,false],"woocommerce_thumbnail":["https:\/\/staging.srokafinal.lets-preprod.com\/wp-content\/uploads\/2023\/02\/Pack-wake-foil-600x876.png",600,876,true],"woocommerce_single":["https:\/\/staging.srokafinal.lets-preprod.com\/wp-content\/uploads\/2023\/02\/Pack-wake-foil-600x876.png",600,876,true],"woocommerce_gallery_thumbnail":["https:\/\/staging.srokafinal.lets-preprod.com\/wp-content\/uploads\/2023\/02\/Pack-wake-foil-100x100.png",100,100,true]},"uagb_author_info":{"display_name":"emmanuel.d emmanuel.d","author_link":"https:\/\/staging.srokafinal.lets-preprod.com\/es\/blog\/author\/"},"uagb_comment_info":0,"uagb_excerpt":"&#8220;El mejor combo para sobresalir en wake-foiling&#8221; El pack incluye la tabla Pocket 2023, dise\u00f1ada para ofrecer una agilidad sin igual, as\u00ed como una S-Foil 1190 Lift o 1350 Lift. Si buscas el foil ideal para wake-foiling, a la vez que ofrece un rendimiento excepcional en otras disciplinas como el wing-foiling o el surf-foiling, este&hellip;","_links":{"self":[{"href":"https:\/\/staging.srokafinal.lets-preprod.com\/es\/wp-json\/wp\/v2\/product\/110554","targetHints":{"allow":["GET"]}}],"collection":[{"href":"https:\/\/staging.srokafinal.lets-preprod.com\/es\/wp-json\/wp\/v2\/product"}],"about":[{"href":"https:\/\/staging.srokafinal.lets-preprod.com\/es\/wp-json\/wp\/v2\/types\/product"}],"wp:featuredmedia":[{"embeddable":true,"href":"https:\/\/staging.srokafinal.lets-preprod.com\/es\/wp-json\/wp\/v2\/media\/110557"}],"wp:attachment":[{"href":"https:\/\/staging.srokafinal.lets-preprod.com\/es\/wp-json\/wp\/v2\/media?parent=110554"}],"wp:term":[{"taxonomy":"product_brand","embeddable":true,"href":"https:\/\/staging.srokafinal.lets-preprod.com\/es\/wp-json\/wp\/v2\/product_brand?post=110554"},{"taxonomy":"product_cat","embeddable":true,"href":"https:\/\/staging.srokafinal.lets-preprod.com\/es\/wp-json\/wp\/v2\/product_cat?post=110554"},{"taxonomy":"product_tag","embeddable":true,"href":"https:\/\/staging.srokafinal.lets-preprod.com\/es\/wp-json\/wp\/v2\/product_tag?post=110554"}],"curies":[{"name":"wp","href":"https:\/\/api.w.org\/{rel}","templated":true}]}}