


{"id":110569,"date":"2023-03-10T15:31:07","date_gmt":"2023-03-10T13:31:07","guid":{"rendered":"https:\/\/srokacompany.com\/produit\/aleron-delantero-s-foil-high-aspect-2000\/"},"modified":"2024-11-23T13:29:23","modified_gmt":"2024-11-23T13:29:23","slug":"aleron-delantero-s-foil-high-aspect-2000","status":"publish","type":"product","link":"https:\/\/staging.srokafinal.lets-preprod.com\/es\/produit\/aleron-delantero-s-foil-high-aspect-2000\/","title":{"rendered":"Aler\u00f3n delantero S-Foil High Aspect 2000"},"content":{"rendered":"<hr>\n<p>La nueva HA2000 es la cometa definitiva para bombear. Podr\u00e1 bombear sin cesar con el m\u00ednimo esfuerzo. El HA2000 te permitir\u00e1 batir r\u00e9cords de tiempo o aprender la disciplina con facilidad.<\/p>\n<p>Despu\u00e9s de docenas de prototipos, encontramos la cometa con el aspecto de relaci\u00f3n perfecta y el compromiso de planeo\/sustentaci\u00f3n m\u00e1s \u00f3ptimo para el bombeo. Utilizamos un perfil de elevaci\u00f3n que transporta y le permite permanecer en el aire a bajas velocidades.<\/p>\n<p>El HA2000 es intercambiable con todos los dem\u00e1s alerones delanteros y fuselajes de la gama SROKA S-Foil.<\/p>\n<p><strong>Este aillet en el a\u00f1o 2000 funciona con todos los estabilizadores y fuselajes.<\/strong><\/p>\n<p><a href=\"https:\/\/srokacompany.com\/produit\/nouveaute-s-foil-high-aspect-2000\/\">El foil completo est\u00e1 disponible aqu\u00ed.<\/a><\/p>\n","protected":false},"excerpt":{"rendered":"<p>La nueva HA2000 es la cometa definitiva para bombear. Podr\u00e1 bombear sin cesar con el m\u00ednimo esfuerzo. El HA2000 te permitir\u00e1 batir r\u00e9cords de tiempo o aprender la disciplina con facilidad. Despu\u00e9s de docenas de prototipos, encontramos la cometa con el aspecto de relaci\u00f3n perfecta y el compromiso de planeo\/sustentaci\u00f3n m\u00e1s \u00f3ptimo para el bombeo. [&hellip;]<\/p>\n","protected":false},"featured_media":110570,"template":"","meta":{"_acf_changed":false,"_uag_custom_page_level_css":""},"product_brand":[],"product_cat":[2515,2483],"product_tag":[],"class_list":{"0":"post-110569","1":"product","2":"type-product","3":"status-publish","4":"has-post-thumbnail","6":"product_cat-arranque-en-muelle-y-bombeo","7":"product_cat-foil","8":"product_shipping_class-lamina-completa-o-piezas-de-repuesto-unidad-de-ala","10":"first","11":"instock","12":"sale","13":"taxable","14":"shipping-taxable","15":"purchasable","16":"product-type-simple"},"acf":[],"yoast_head":"<!-- This site is optimized with the Yoast SEO plugin v25.1 - https:\/\/yoast.com\/wordpress\/plugins\/seo\/ -->\n<title>Aler\u00f3n delantero S-Foil High Aspect 2000 - SROKA Company<\/title>\n<meta name=\"description\" content=\"\u00a1Conoce la HA2000, la cometa definitiva para bombear! Bombea sin esfuerzo y bate r\u00e9cords de tiempo gracias a su relaci\u00f3n de aspecto perfecta.\" \/>\n<meta name=\"robots\" content=\"noindex, follow, max-snippet:-1, max-image-preview:large, max-video-preview:-1\" \/>\n<meta property=\"og:locale\" content=\"es_ES\" \/>\n<meta property=\"og:type\" content=\"article\" \/>\n<meta property=\"og:title\" content=\"Aler\u00f3n delantero S-Foil High Aspect 2000 - SROKA Company\" \/>\n<meta property=\"og:description\" content=\"\u00a1Conoce la HA2000, la cometa definitiva para bombear! Bombea sin esfuerzo y bate r\u00e9cords de tiempo gracias a su relaci\u00f3n de aspecto perfecta.\" \/>\n<meta property=\"og:url\" content=\"https:\/\/staging.srokafinal.lets-preprod.com\/es\/produit\/aleron-delantero-s-foil-high-aspect-2000\/\" \/>\n<meta property=\"og:site_name\" content=\"SROKA Company\" \/>\n<meta property=\"article:publisher\" content=\"https:\/\/www.facebook.com\/srokawatersports\/\" \/>\n<meta property=\"article:modified_time\" content=\"2024-11-23T13:29:23+00:00\" \/>\n<meta property=\"og:image\" content=\"https:\/\/staging.srokafinal.lets-preprod.com\/wp-content\/uploads\/2023\/03\/2000-HA.png\" \/>\n\t<meta property=\"og:image:width\" content=\"740\" \/>\n\t<meta property=\"og:image:height\" content=\"1080\" \/>\n\t<meta property=\"og:image:type\" content=\"image\/png\" \/>\n<meta name=\"twitter:label1\" content=\"Tiempo de lectura\" \/>\n\t<meta name=\"twitter:data1\" content=\"1 minuto\" \/>\n<script type=\"application\/ld+json\" class=\"yoast-schema-graph\">{\"@context\":\"https:\/\/schema.org\",\"@graph\":[{\"@type\":\"WebPage\",\"@id\":\"https:\/\/staging.srokafinal.lets-preprod.com\/es\/produit\/aleron-delantero-s-foil-high-aspect-2000\/\",\"url\":\"https:\/\/staging.srokafinal.lets-preprod.com\/es\/produit\/aleron-delantero-s-foil-high-aspect-2000\/\",\"name\":\"Aler\u00f3n delantero S-Foil High Aspect 2000 - SROKA Company\",\"isPartOf\":{\"@id\":\"https:\/\/staging.srokafinal.lets-preprod.com\/es\/#website\"},\"primaryImageOfPage\":{\"@id\":\"https:\/\/staging.srokafinal.lets-preprod.com\/es\/produit\/aleron-delantero-s-foil-high-aspect-2000\/#primaryimage\"},\"image\":{\"@id\":\"https:\/\/staging.srokafinal.lets-preprod.com\/es\/produit\/aleron-delantero-s-foil-high-aspect-2000\/#primaryimage\"},\"thumbnailUrl\":\"https:\/\/staging.srokafinal.lets-preprod.com\/wp-content\/uploads\/2023\/03\/2000-HA.png\",\"datePublished\":\"2023-03-10T13:31:07+00:00\",\"dateModified\":\"2024-11-23T13:29:23+00:00\",\"description\":\"\u00a1Conoce la HA2000, la cometa definitiva para bombear! Bombea sin esfuerzo y bate r\u00e9cords de tiempo gracias a su relaci\u00f3n de aspecto perfecta.\",\"breadcrumb\":{\"@id\":\"https:\/\/staging.srokafinal.lets-preprod.com\/es\/produit\/aleron-delantero-s-foil-high-aspect-2000\/#breadcrumb\"},\"inLanguage\":\"es\",\"potentialAction\":[{\"@type\":\"ReadAction\",\"target\":[\"https:\/\/staging.srokafinal.lets-preprod.com\/es\/produit\/aleron-delantero-s-foil-high-aspect-2000\/\"]}]},{\"@type\":\"ImageObject\",\"inLanguage\":\"es\",\"@id\":\"https:\/\/staging.srokafinal.lets-preprod.com\/es\/produit\/aleron-delantero-s-foil-high-aspect-2000\/#primaryimage\",\"url\":\"https:\/\/staging.srokafinal.lets-preprod.com\/wp-content\/uploads\/2023\/03\/2000-HA.png\",\"contentUrl\":\"https:\/\/staging.srokafinal.lets-preprod.com\/wp-content\/uploads\/2023\/03\/2000-HA.png\",\"width\":740,\"height\":1080},{\"@type\":\"BreadcrumbList\",\"@id\":\"https:\/\/staging.srokafinal.lets-preprod.com\/es\/produit\/aleron-delantero-s-foil-high-aspect-2000\/#breadcrumb\",\"itemListElement\":[{\"@type\":\"ListItem\",\"position\":1,\"name\":\"Accueil\",\"item\":\"https:\/\/staging.srokafinal.lets-preprod.com\/es\/\"},{\"@type\":\"ListItem\",\"position\":2,\"name\":\"Boutique\",\"item\":\"https:\/\/staging.srokafinal.lets-preprod.com\/boutique\/\"},{\"@type\":\"ListItem\",\"position\":3,\"name\":\"Aler\u00f3n delantero S-Foil High Aspect 2000\"}]},{\"@type\":\"WebSite\",\"@id\":\"https:\/\/staging.srokafinal.lets-preprod.com\/es\/#website\",\"url\":\"https:\/\/staging.srokafinal.lets-preprod.com\/es\/\",\"name\":\"SROKA Company\",\"description\":\"SUP, Kite, Foil, Wing\",\"publisher\":{\"@id\":\"https:\/\/staging.srokafinal.lets-preprod.com\/es\/#organization\"},\"potentialAction\":[{\"@type\":\"SearchAction\",\"target\":{\"@type\":\"EntryPoint\",\"urlTemplate\":\"https:\/\/staging.srokafinal.lets-preprod.com\/es\/?s={search_term_string}\"},\"query-input\":{\"@type\":\"PropertyValueSpecification\",\"valueRequired\":true,\"valueName\":\"search_term_string\"}}],\"inLanguage\":\"es\"},{\"@type\":\"Organization\",\"@id\":\"https:\/\/staging.srokafinal.lets-preprod.com\/es\/#organization\",\"name\":\"SROKACOMPANY\",\"alternateName\":\"SROKA\",\"url\":\"https:\/\/staging.srokafinal.lets-preprod.com\/es\/\",\"logo\":{\"@type\":\"ImageObject\",\"inLanguage\":\"es\",\"@id\":\"https:\/\/staging.srokafinal.lets-preprod.com\/es\/#\/schema\/logo\/image\/\",\"url\":\"https:\/\/staging.srokafinal.lets-preprod.com\/wp-content\/uploads\/2021\/01\/logo-sroka-black-transpa.png\",\"contentUrl\":\"https:\/\/staging.srokafinal.lets-preprod.com\/wp-content\/uploads\/2021\/01\/logo-sroka-black-transpa.png\",\"width\":1201,\"height\":342,\"caption\":\"SROKACOMPANY\"},\"image\":{\"@id\":\"https:\/\/staging.srokafinal.lets-preprod.com\/es\/#\/schema\/logo\/image\/\"},\"sameAs\":[\"https:\/\/www.facebook.com\/srokawatersports\/\",\"https:\/\/www.instagram.com\/srokawatersports\/\",\"https:\/\/www.youtube.com\/channel\/UCVLHHeaPIm-J5bdEUgxqtZA\"]}]}<\/script>\n<!-- \/ Yoast SEO plugin. -->","yoast_head_json":{"title":"Aler\u00f3n delantero S-Foil High Aspect 2000 - SROKA Company","description":"\u00a1Conoce la HA2000, la cometa definitiva para bombear! Bombea sin esfuerzo y bate r\u00e9cords de tiempo gracias a su relaci\u00f3n de aspecto perfecta.","robots":{"index":"noindex","follow":"follow","max-snippet":"max-snippet:-1","max-image-preview":"max-image-preview:large","max-video-preview":"max-video-preview:-1"},"og_locale":"es_ES","og_type":"article","og_title":"Aler\u00f3n delantero S-Foil High Aspect 2000 - SROKA Company","og_description":"\u00a1Conoce la HA2000, la cometa definitiva para bombear! Bombea sin esfuerzo y bate r\u00e9cords de tiempo gracias a su relaci\u00f3n de aspecto perfecta.","og_url":"https:\/\/staging.srokafinal.lets-preprod.com\/es\/produit\/aleron-delantero-s-foil-high-aspect-2000\/","og_site_name":"SROKA Company","article_publisher":"https:\/\/www.facebook.com\/srokawatersports\/","article_modified_time":"2024-11-23T13:29:23+00:00","og_image":[{"width":740,"height":1080,"url":"https:\/\/staging.srokafinal.lets-preprod.com\/wp-content\/uploads\/2023\/03\/2000-HA.png","type":"image\/png"}],"twitter_misc":{"Tiempo de lectura":"1 minuto"},"schema":{"@context":"https:\/\/schema.org","@graph":[{"@type":"WebPage","@id":"https:\/\/staging.srokafinal.lets-preprod.com\/es\/produit\/aleron-delantero-s-foil-high-aspect-2000\/","url":"https:\/\/staging.srokafinal.lets-preprod.com\/es\/produit\/aleron-delantero-s-foil-high-aspect-2000\/","name":"Aler\u00f3n delantero S-Foil High Aspect 2000 - SROKA Company","isPartOf":{"@id":"https:\/\/staging.srokafinal.lets-preprod.com\/es\/#website"},"primaryImageOfPage":{"@id":"https:\/\/staging.srokafinal.lets-preprod.com\/es\/produit\/aleron-delantero-s-foil-high-aspect-2000\/#primaryimage"},"image":{"@id":"https:\/\/staging.srokafinal.lets-preprod.com\/es\/produit\/aleron-delantero-s-foil-high-aspect-2000\/#primaryimage"},"thumbnailUrl":"https:\/\/staging.srokafinal.lets-preprod.com\/wp-content\/uploads\/2023\/03\/2000-HA.png","datePublished":"2023-03-10T13:31:07+00:00","dateModified":"2024-11-23T13:29:23+00:00","description":"\u00a1Conoce la HA2000, la cometa definitiva para bombear! Bombea sin esfuerzo y bate r\u00e9cords de tiempo gracias a su relaci\u00f3n de aspecto perfecta.","breadcrumb":{"@id":"https:\/\/staging.srokafinal.lets-preprod.com\/es\/produit\/aleron-delantero-s-foil-high-aspect-2000\/#breadcrumb"},"inLanguage":"es","potentialAction":[{"@type":"ReadAction","target":["https:\/\/staging.srokafinal.lets-preprod.com\/es\/produit\/aleron-delantero-s-foil-high-aspect-2000\/"]}]},{"@type":"ImageObject","inLanguage":"es","@id":"https:\/\/staging.srokafinal.lets-preprod.com\/es\/produit\/aleron-delantero-s-foil-high-aspect-2000\/#primaryimage","url":"https:\/\/staging.srokafinal.lets-preprod.com\/wp-content\/uploads\/2023\/03\/2000-HA.png","contentUrl":"https:\/\/staging.srokafinal.lets-preprod.com\/wp-content\/uploads\/2023\/03\/2000-HA.png","width":740,"height":1080},{"@type":"BreadcrumbList","@id":"https:\/\/staging.srokafinal.lets-preprod.com\/es\/produit\/aleron-delantero-s-foil-high-aspect-2000\/#breadcrumb","itemListElement":[{"@type":"ListItem","position":1,"name":"Accueil","item":"https:\/\/staging.srokafinal.lets-preprod.com\/es\/"},{"@type":"ListItem","position":2,"name":"Boutique","item":"https:\/\/staging.srokafinal.lets-preprod.com\/boutique\/"},{"@type":"ListItem","position":3,"name":"Aler\u00f3n delantero S-Foil High Aspect 2000"}]},{"@type":"WebSite","@id":"https:\/\/staging.srokafinal.lets-preprod.com\/es\/#website","url":"https:\/\/staging.srokafinal.lets-preprod.com\/es\/","name":"SROKA Company","description":"SUP, Kite, Foil, Wing","publisher":{"@id":"https:\/\/staging.srokafinal.lets-preprod.com\/es\/#organization"},"potentialAction":[{"@type":"SearchAction","target":{"@type":"EntryPoint","urlTemplate":"https:\/\/staging.srokafinal.lets-preprod.com\/es\/?s={search_term_string}"},"query-input":{"@type":"PropertyValueSpecification","valueRequired":true,"valueName":"search_term_string"}}],"inLanguage":"es"},{"@type":"Organization","@id":"https:\/\/staging.srokafinal.lets-preprod.com\/es\/#organization","name":"SROKACOMPANY","alternateName":"SROKA","url":"https:\/\/staging.srokafinal.lets-preprod.com\/es\/","logo":{"@type":"ImageObject","inLanguage":"es","@id":"https:\/\/staging.srokafinal.lets-preprod.com\/es\/#\/schema\/logo\/image\/","url":"https:\/\/staging.srokafinal.lets-preprod.com\/wp-content\/uploads\/2021\/01\/logo-sroka-black-transpa.png","contentUrl":"https:\/\/staging.srokafinal.lets-preprod.com\/wp-content\/uploads\/2021\/01\/logo-sroka-black-transpa.png","width":1201,"height":342,"caption":"SROKACOMPANY"},"image":{"@id":"https:\/\/staging.srokafinal.lets-preprod.com\/es\/#\/schema\/logo\/image\/"},"sameAs":["https:\/\/www.facebook.com\/srokawatersports\/","https:\/\/www.instagram.com\/srokawatersports\/","https:\/\/www.youtube.com\/channel\/UCVLHHeaPIm-J5bdEUgxqtZA"]}]}},"uagb_featured_image_src":{"full":["https:\/\/staging.srokafinal.lets-preprod.com\/wp-content\/uploads\/2023\/03\/2000-HA.png",740,1080,false],"thumbnail":["https:\/\/staging.srokafinal.lets-preprod.com\/wp-content\/uploads\/2023\/03\/2000-HA-150x150.png",150,150,true],"medium":["https:\/\/staging.srokafinal.lets-preprod.com\/wp-content\/uploads\/2023\/03\/2000-HA-206x300.png",206,300,true],"medium_large":["https:\/\/staging.srokafinal.lets-preprod.com\/wp-content\/uploads\/2023\/03\/2000-HA.png",740,1080,false],"large":["https:\/\/staging.srokafinal.lets-preprod.com\/wp-content\/uploads\/2023\/03\/2000-HA-702x1024.png",702,1024,true],"1536x1536":["https:\/\/staging.srokafinal.lets-preprod.com\/wp-content\/uploads\/2023\/03\/2000-HA.png",740,1080,false],"2048x2048":["https:\/\/staging.srokafinal.lets-preprod.com\/wp-content\/uploads\/2023\/03\/2000-HA.png",740,1080,false],"woocommerce_thumbnail":["https:\/\/staging.srokafinal.lets-preprod.com\/wp-content\/uploads\/2023\/03\/2000-HA-600x876.png",600,876,true],"woocommerce_single":["https:\/\/staging.srokafinal.lets-preprod.com\/wp-content\/uploads\/2023\/03\/2000-HA-600x876.png",600,876,true],"woocommerce_gallery_thumbnail":["https:\/\/staging.srokafinal.lets-preprod.com\/wp-content\/uploads\/2023\/03\/2000-HA-100x100.png",100,100,true]},"uagb_author_info":{"display_name":"emmanuel.d emmanuel.d","author_link":"https:\/\/staging.srokafinal.lets-preprod.com\/es\/blog\/author\/"},"uagb_comment_info":0,"uagb_excerpt":"La nueva HA2000 es la cometa definitiva para bombear. Podr\u00e1 bombear sin cesar con el m\u00ednimo esfuerzo. El HA2000 te permitir\u00e1 batir r\u00e9cords de tiempo o aprender la disciplina con facilidad. Despu\u00e9s de docenas de prototipos, encontramos la cometa con el aspecto de relaci\u00f3n perfecta y el compromiso de planeo\/sustentaci\u00f3n m\u00e1s \u00f3ptimo para el bombeo.&hellip;","_links":{"self":[{"href":"https:\/\/staging.srokafinal.lets-preprod.com\/es\/wp-json\/wp\/v2\/product\/110569","targetHints":{"allow":["GET"]}}],"collection":[{"href":"https:\/\/staging.srokafinal.lets-preprod.com\/es\/wp-json\/wp\/v2\/product"}],"about":[{"href":"https:\/\/staging.srokafinal.lets-preprod.com\/es\/wp-json\/wp\/v2\/types\/product"}],"wp:featuredmedia":[{"embeddable":true,"href":"https:\/\/staging.srokafinal.lets-preprod.com\/es\/wp-json\/wp\/v2\/media\/110570"}],"wp:attachment":[{"href":"https:\/\/staging.srokafinal.lets-preprod.com\/es\/wp-json\/wp\/v2\/media?parent=110569"}],"wp:term":[{"taxonomy":"product_brand","embeddable":true,"href":"https:\/\/staging.srokafinal.lets-preprod.com\/es\/wp-json\/wp\/v2\/product_brand?post=110569"},{"taxonomy":"product_cat","embeddable":true,"href":"https:\/\/staging.srokafinal.lets-preprod.com\/es\/wp-json\/wp\/v2\/product_cat?post=110569"},{"taxonomy":"product_tag","embeddable":true,"href":"https:\/\/staging.srokafinal.lets-preprod.com\/es\/wp-json\/wp\/v2\/product_tag?post=110569"}],"curies":[{"name":"wp","href":"https:\/\/api.w.org\/{rel}","templated":true}]}}