


{"id":110622,"date":"2023-04-17T14:11:30","date_gmt":"2023-04-17T12:11:30","guid":{"rendered":"https:\/\/srokacompany.com\/produit\/control-s-foil-950\/"},"modified":"2024-11-23T13:28:55","modified_gmt":"2024-11-23T13:28:55","slug":"control-s-foil-950","status":"publish","type":"product","link":"https:\/\/staging.srokafinal.lets-preprod.com\/es\/produit\/control-s-foil-950\/","title":{"rendered":"Control S-foil 950"},"content":{"rendered":"<hr>\n<h2>El 950 Control: Freeride y wing foiling en su m\u00e1xima expresi\u00f3n<\/h2>\n<p>Con el Foil 950 Control, la experiencia del freeride en el wing foiling adquiere una nueva dimensi\u00f3n. Desl\u00edzate con una facilidad sin igual, domina tus giros con absoluta precisi\u00f3n. Dise\u00f1ado para ofrecer un manejo, suavidad y precisi\u00f3n excepcionales.<\/p>\n<p>El Foil 950 Control es tu compa\u00f1ero vers\u00e1til para explorar los placeres del freeride en wing foil. Su relaci\u00f3n media proporciona una curva suave y una velocidad \u00f3ptima, tanto en aguas abiertas como en olas. Su perfil asegura la sustentaci\u00f3n a bajas velocidades, facilitando despegues graduales y r\u00e1pidos. Gracias a su dise\u00f1o en curvas, mantienes un control \u00f3ptimo en las curvas evitando desequilibrios.<\/p>\n<p>El suave murmullo del agua a medida que se acerca te avisa sutilmente, evitando as\u00ed la p\u00e9rdida.<\/p>\n<p><a href=\"https:\/\/srokacompany.com\/2022\/08\/nouveau-s-foil-950-high-aspect-speed\/\">Esta nueva aleta de foil 950<\/a> asegura una estabilidad \u00f3ptima en las olas, ya que <strong>no se detiene<\/strong>, <strong>no ventila <\/strong>y ha sido optimizada para <strong>eliminar<\/strong> esa <strong>impresi\u00f3n de que el foil quiere salir del agua a<\/strong> gran velocidad. La l\u00e1mina permanece sumergida y no te hace perder el equilibrio. \u00a1Para que disfrutes al m\u00e1ximo de tu sesi\u00f3n de wingfoil!<\/p>\n<p><a href=\"https:\/\/srokacompany.com\/produit\/front-wing-950-control\/\">Ala sola aqu\u00ed.<\/a><\/p>\n<p>&nbsp;<\/p>\n","protected":false},"excerpt":{"rendered":"<p>El 950 Control: Freeride y wing foiling en su m\u00e1xima expresi\u00f3n Con el Foil 950 Control, la experiencia del freeride en el wing foiling adquiere una nueva dimensi\u00f3n. Desl\u00edzate con una facilidad sin igual, domina tus giros con absoluta precisi\u00f3n. Dise\u00f1ado para ofrecer un manejo, suavidad y precisi\u00f3n excepcionales. El Foil 950 Control es tu [&hellip;]<\/p>\n","protected":false},"featured_media":110625,"template":"","meta":{"_acf_changed":false,"_uag_custom_page_level_css":""},"product_brand":[],"product_cat":[2562,2542],"product_tag":[],"class_list":{"0":"post-110622","1":"product","2":"type-product","3":"status-publish","4":"has-post-thumbnail","6":"product_cat-todas-nuestras-laminas-de-control","7":"product_cat-foils-surf-foil-es","9":"first","10":"instock","11":"sale","12":"taxable","13":"shipping-taxable","14":"purchasable","15":"product-type-variable","16":"has-default-attributes"},"acf":[],"yoast_head":"<!-- This site is optimized with the Yoast SEO plugin v25.1 - https:\/\/yoast.com\/wordpress\/plugins\/seo\/ -->\n<title>950 Control: La magia del wing surf | Empresa SROKA<\/title>\n<meta name=\"description\" content=\"Descubre la &quot;950 Control&quot;, una aleta de foil m\u00e1gica para freeride y wing surf. Precisi\u00f3n, fluidez y m\u00e1ximo control. Supera tus l\u00edmites.\" \/>\n<meta name=\"robots\" content=\"noindex, follow, max-snippet:-1, max-image-preview:large, max-video-preview:-1\" \/>\n<meta property=\"og:locale\" content=\"es_ES\" \/>\n<meta property=\"og:type\" content=\"article\" \/>\n<meta property=\"og:title\" content=\"950 Control: La magia del wing surf | Empresa SROKA\" \/>\n<meta property=\"og:description\" content=\"Descubre la &quot;950 Control&quot;, una aleta de foil m\u00e1gica para freeride y wing surf. Precisi\u00f3n, fluidez y m\u00e1ximo control. Supera tus l\u00edmites.\" \/>\n<meta property=\"og:url\" content=\"https:\/\/staging.srokafinal.lets-preprod.com\/es\/produit\/control-s-foil-950\/\" \/>\n<meta property=\"og:site_name\" content=\"SROKA Company\" \/>\n<meta property=\"article:publisher\" content=\"https:\/\/www.facebook.com\/srokawatersports\/\" \/>\n<meta property=\"article:modified_time\" content=\"2024-11-23T13:28:55+00:00\" \/>\n<meta property=\"og:image\" content=\"https:\/\/staging.srokafinal.lets-preprod.com\/wp-content\/uploads\/2023\/04\/950-control-4.png\" \/>\n\t<meta property=\"og:image:width\" content=\"740\" \/>\n\t<meta property=\"og:image:height\" content=\"1080\" \/>\n\t<meta property=\"og:image:type\" content=\"image\/png\" \/>\n<meta name=\"twitter:label1\" content=\"Tiempo de lectura\" \/>\n\t<meta name=\"twitter:data1\" content=\"1 minuto\" \/>\n<script type=\"application\/ld+json\" class=\"yoast-schema-graph\">{\"@context\":\"https:\/\/schema.org\",\"@graph\":[{\"@type\":\"WebPage\",\"@id\":\"https:\/\/staging.srokafinal.lets-preprod.com\/es\/produit\/control-s-foil-950\/\",\"url\":\"https:\/\/staging.srokafinal.lets-preprod.com\/es\/produit\/control-s-foil-950\/\",\"name\":\"950 Control: La magia del wing surf | Empresa SROKA\",\"isPartOf\":{\"@id\":\"https:\/\/staging.srokafinal.lets-preprod.com\/es\/#website\"},\"primaryImageOfPage\":{\"@id\":\"https:\/\/staging.srokafinal.lets-preprod.com\/es\/produit\/control-s-foil-950\/#primaryimage\"},\"image\":{\"@id\":\"https:\/\/staging.srokafinal.lets-preprod.com\/es\/produit\/control-s-foil-950\/#primaryimage\"},\"thumbnailUrl\":\"https:\/\/staging.srokafinal.lets-preprod.com\/wp-content\/uploads\/2023\/04\/950-control-4.png\",\"datePublished\":\"2023-04-17T12:11:30+00:00\",\"dateModified\":\"2024-11-23T13:28:55+00:00\",\"description\":\"Descubre la \\\"950 Control\\\", una aleta de foil m\u00e1gica para freeride y wing surf. Precisi\u00f3n, fluidez y m\u00e1ximo control. Supera tus l\u00edmites.\",\"breadcrumb\":{\"@id\":\"https:\/\/staging.srokafinal.lets-preprod.com\/es\/produit\/control-s-foil-950\/#breadcrumb\"},\"inLanguage\":\"es\",\"potentialAction\":[{\"@type\":\"ReadAction\",\"target\":[\"https:\/\/staging.srokafinal.lets-preprod.com\/es\/produit\/control-s-foil-950\/\"]}]},{\"@type\":\"ImageObject\",\"inLanguage\":\"es\",\"@id\":\"https:\/\/staging.srokafinal.lets-preprod.com\/es\/produit\/control-s-foil-950\/#primaryimage\",\"url\":\"https:\/\/staging.srokafinal.lets-preprod.com\/wp-content\/uploads\/2023\/04\/950-control-4.png\",\"contentUrl\":\"https:\/\/staging.srokafinal.lets-preprod.com\/wp-content\/uploads\/2023\/04\/950-control-4.png\",\"width\":740,\"height\":1080,\"caption\":\"Control S foil sroka 950\"},{\"@type\":\"BreadcrumbList\",\"@id\":\"https:\/\/staging.srokafinal.lets-preprod.com\/es\/produit\/control-s-foil-950\/#breadcrumb\",\"itemListElement\":[{\"@type\":\"ListItem\",\"position\":1,\"name\":\"Accueil\",\"item\":\"https:\/\/staging.srokafinal.lets-preprod.com\/es\/\"},{\"@type\":\"ListItem\",\"position\":2,\"name\":\"Boutique\",\"item\":\"https:\/\/staging.srokafinal.lets-preprod.com\/boutique\/\"},{\"@type\":\"ListItem\",\"position\":3,\"name\":\"Control S-foil 950\"}]},{\"@type\":\"WebSite\",\"@id\":\"https:\/\/staging.srokafinal.lets-preprod.com\/es\/#website\",\"url\":\"https:\/\/staging.srokafinal.lets-preprod.com\/es\/\",\"name\":\"SROKA Company\",\"description\":\"SUP, Kite, Foil, Wing\",\"publisher\":{\"@id\":\"https:\/\/staging.srokafinal.lets-preprod.com\/es\/#organization\"},\"potentialAction\":[{\"@type\":\"SearchAction\",\"target\":{\"@type\":\"EntryPoint\",\"urlTemplate\":\"https:\/\/staging.srokafinal.lets-preprod.com\/es\/?s={search_term_string}\"},\"query-input\":{\"@type\":\"PropertyValueSpecification\",\"valueRequired\":true,\"valueName\":\"search_term_string\"}}],\"inLanguage\":\"es\"},{\"@type\":\"Organization\",\"@id\":\"https:\/\/staging.srokafinal.lets-preprod.com\/es\/#organization\",\"name\":\"SROKACOMPANY\",\"alternateName\":\"SROKA\",\"url\":\"https:\/\/staging.srokafinal.lets-preprod.com\/es\/\",\"logo\":{\"@type\":\"ImageObject\",\"inLanguage\":\"es\",\"@id\":\"https:\/\/staging.srokafinal.lets-preprod.com\/es\/#\/schema\/logo\/image\/\",\"url\":\"https:\/\/staging.srokafinal.lets-preprod.com\/wp-content\/uploads\/2021\/01\/logo-sroka-black-transpa.png\",\"contentUrl\":\"https:\/\/staging.srokafinal.lets-preprod.com\/wp-content\/uploads\/2021\/01\/logo-sroka-black-transpa.png\",\"width\":1201,\"height\":342,\"caption\":\"SROKACOMPANY\"},\"image\":{\"@id\":\"https:\/\/staging.srokafinal.lets-preprod.com\/es\/#\/schema\/logo\/image\/\"},\"sameAs\":[\"https:\/\/www.facebook.com\/srokawatersports\/\",\"https:\/\/www.instagram.com\/srokawatersports\/\",\"https:\/\/www.youtube.com\/channel\/UCVLHHeaPIm-J5bdEUgxqtZA\"]}]}<\/script>\n<!-- \/ Yoast SEO plugin. -->","yoast_head_json":{"title":"950 Control: La magia del wing surf | Empresa SROKA","description":"Descubre la \"950 Control\", una aleta de foil m\u00e1gica para freeride y wing surf. Precisi\u00f3n, fluidez y m\u00e1ximo control. Supera tus l\u00edmites.","robots":{"index":"noindex","follow":"follow","max-snippet":"max-snippet:-1","max-image-preview":"max-image-preview:large","max-video-preview":"max-video-preview:-1"},"og_locale":"es_ES","og_type":"article","og_title":"950 Control: La magia del wing surf | Empresa SROKA","og_description":"Descubre la \"950 Control\", una aleta de foil m\u00e1gica para freeride y wing surf. Precisi\u00f3n, fluidez y m\u00e1ximo control. Supera tus l\u00edmites.","og_url":"https:\/\/staging.srokafinal.lets-preprod.com\/es\/produit\/control-s-foil-950\/","og_site_name":"SROKA Company","article_publisher":"https:\/\/www.facebook.com\/srokawatersports\/","article_modified_time":"2024-11-23T13:28:55+00:00","og_image":[{"width":740,"height":1080,"url":"https:\/\/staging.srokafinal.lets-preprod.com\/wp-content\/uploads\/2023\/04\/950-control-4.png","type":"image\/png"}],"twitter_misc":{"Tiempo de lectura":"1 minuto"},"schema":{"@context":"https:\/\/schema.org","@graph":[{"@type":"WebPage","@id":"https:\/\/staging.srokafinal.lets-preprod.com\/es\/produit\/control-s-foil-950\/","url":"https:\/\/staging.srokafinal.lets-preprod.com\/es\/produit\/control-s-foil-950\/","name":"950 Control: La magia del wing surf | Empresa SROKA","isPartOf":{"@id":"https:\/\/staging.srokafinal.lets-preprod.com\/es\/#website"},"primaryImageOfPage":{"@id":"https:\/\/staging.srokafinal.lets-preprod.com\/es\/produit\/control-s-foil-950\/#primaryimage"},"image":{"@id":"https:\/\/staging.srokafinal.lets-preprod.com\/es\/produit\/control-s-foil-950\/#primaryimage"},"thumbnailUrl":"https:\/\/staging.srokafinal.lets-preprod.com\/wp-content\/uploads\/2023\/04\/950-control-4.png","datePublished":"2023-04-17T12:11:30+00:00","dateModified":"2024-11-23T13:28:55+00:00","description":"Descubre la \"950 Control\", una aleta de foil m\u00e1gica para freeride y wing surf. Precisi\u00f3n, fluidez y m\u00e1ximo control. Supera tus l\u00edmites.","breadcrumb":{"@id":"https:\/\/staging.srokafinal.lets-preprod.com\/es\/produit\/control-s-foil-950\/#breadcrumb"},"inLanguage":"es","potentialAction":[{"@type":"ReadAction","target":["https:\/\/staging.srokafinal.lets-preprod.com\/es\/produit\/control-s-foil-950\/"]}]},{"@type":"ImageObject","inLanguage":"es","@id":"https:\/\/staging.srokafinal.lets-preprod.com\/es\/produit\/control-s-foil-950\/#primaryimage","url":"https:\/\/staging.srokafinal.lets-preprod.com\/wp-content\/uploads\/2023\/04\/950-control-4.png","contentUrl":"https:\/\/staging.srokafinal.lets-preprod.com\/wp-content\/uploads\/2023\/04\/950-control-4.png","width":740,"height":1080,"caption":"Control S foil sroka 950"},{"@type":"BreadcrumbList","@id":"https:\/\/staging.srokafinal.lets-preprod.com\/es\/produit\/control-s-foil-950\/#breadcrumb","itemListElement":[{"@type":"ListItem","position":1,"name":"Accueil","item":"https:\/\/staging.srokafinal.lets-preprod.com\/es\/"},{"@type":"ListItem","position":2,"name":"Boutique","item":"https:\/\/staging.srokafinal.lets-preprod.com\/boutique\/"},{"@type":"ListItem","position":3,"name":"Control S-foil 950"}]},{"@type":"WebSite","@id":"https:\/\/staging.srokafinal.lets-preprod.com\/es\/#website","url":"https:\/\/staging.srokafinal.lets-preprod.com\/es\/","name":"SROKA Company","description":"SUP, Kite, Foil, Wing","publisher":{"@id":"https:\/\/staging.srokafinal.lets-preprod.com\/es\/#organization"},"potentialAction":[{"@type":"SearchAction","target":{"@type":"EntryPoint","urlTemplate":"https:\/\/staging.srokafinal.lets-preprod.com\/es\/?s={search_term_string}"},"query-input":{"@type":"PropertyValueSpecification","valueRequired":true,"valueName":"search_term_string"}}],"inLanguage":"es"},{"@type":"Organization","@id":"https:\/\/staging.srokafinal.lets-preprod.com\/es\/#organization","name":"SROKACOMPANY","alternateName":"SROKA","url":"https:\/\/staging.srokafinal.lets-preprod.com\/es\/","logo":{"@type":"ImageObject","inLanguage":"es","@id":"https:\/\/staging.srokafinal.lets-preprod.com\/es\/#\/schema\/logo\/image\/","url":"https:\/\/staging.srokafinal.lets-preprod.com\/wp-content\/uploads\/2021\/01\/logo-sroka-black-transpa.png","contentUrl":"https:\/\/staging.srokafinal.lets-preprod.com\/wp-content\/uploads\/2021\/01\/logo-sroka-black-transpa.png","width":1201,"height":342,"caption":"SROKACOMPANY"},"image":{"@id":"https:\/\/staging.srokafinal.lets-preprod.com\/es\/#\/schema\/logo\/image\/"},"sameAs":["https:\/\/www.facebook.com\/srokawatersports\/","https:\/\/www.instagram.com\/srokawatersports\/","https:\/\/www.youtube.com\/channel\/UCVLHHeaPIm-J5bdEUgxqtZA"]}]}},"uagb_featured_image_src":{"full":["https:\/\/staging.srokafinal.lets-preprod.com\/wp-content\/uploads\/2023\/04\/950-control-4.png",740,1080,false],"thumbnail":["https:\/\/staging.srokafinal.lets-preprod.com\/wp-content\/uploads\/2023\/04\/950-control-4-150x150.png",150,150,true],"medium":["https:\/\/staging.srokafinal.lets-preprod.com\/wp-content\/uploads\/2023\/04\/950-control-4-206x300.png",206,300,true],"medium_large":["https:\/\/staging.srokafinal.lets-preprod.com\/wp-content\/uploads\/2023\/04\/950-control-4.png",740,1080,false],"large":["https:\/\/staging.srokafinal.lets-preprod.com\/wp-content\/uploads\/2023\/04\/950-control-4-702x1024.png",702,1024,true],"1536x1536":["https:\/\/staging.srokafinal.lets-preprod.com\/wp-content\/uploads\/2023\/04\/950-control-4.png",740,1080,false],"2048x2048":["https:\/\/staging.srokafinal.lets-preprod.com\/wp-content\/uploads\/2023\/04\/950-control-4.png",740,1080,false],"woocommerce_thumbnail":["https:\/\/staging.srokafinal.lets-preprod.com\/wp-content\/uploads\/2023\/04\/950-control-4-600x876.png",600,876,true],"woocommerce_single":["https:\/\/staging.srokafinal.lets-preprod.com\/wp-content\/uploads\/2023\/04\/950-control-4-600x876.png",600,876,true],"woocommerce_gallery_thumbnail":["https:\/\/staging.srokafinal.lets-preprod.com\/wp-content\/uploads\/2023\/04\/950-control-4-100x100.png",100,100,true]},"uagb_author_info":{"display_name":"emmanuel.d emmanuel.d","author_link":"https:\/\/staging.srokafinal.lets-preprod.com\/es\/blog\/author\/"},"uagb_comment_info":0,"uagb_excerpt":"El 950 Control: Freeride y wing foiling en su m\u00e1xima expresi\u00f3n Con el Foil 950 Control, la experiencia del freeride en el wing foiling adquiere una nueva dimensi\u00f3n. Desl\u00edzate con una facilidad sin igual, domina tus giros con absoluta precisi\u00f3n. Dise\u00f1ado para ofrecer un manejo, suavidad y precisi\u00f3n excepcionales. El Foil 950 Control es tu&hellip;","_links":{"self":[{"href":"https:\/\/staging.srokafinal.lets-preprod.com\/es\/wp-json\/wp\/v2\/product\/110622","targetHints":{"allow":["GET"]}}],"collection":[{"href":"https:\/\/staging.srokafinal.lets-preprod.com\/es\/wp-json\/wp\/v2\/product"}],"about":[{"href":"https:\/\/staging.srokafinal.lets-preprod.com\/es\/wp-json\/wp\/v2\/types\/product"}],"wp:featuredmedia":[{"embeddable":true,"href":"https:\/\/staging.srokafinal.lets-preprod.com\/es\/wp-json\/wp\/v2\/media\/110625"}],"wp:attachment":[{"href":"https:\/\/staging.srokafinal.lets-preprod.com\/es\/wp-json\/wp\/v2\/media?parent=110622"}],"wp:term":[{"taxonomy":"product_brand","embeddable":true,"href":"https:\/\/staging.srokafinal.lets-preprod.com\/es\/wp-json\/wp\/v2\/product_brand?post=110622"},{"taxonomy":"product_cat","embeddable":true,"href":"https:\/\/staging.srokafinal.lets-preprod.com\/es\/wp-json\/wp\/v2\/product_cat?post=110622"},{"taxonomy":"product_tag","embeddable":true,"href":"https:\/\/staging.srokafinal.lets-preprod.com\/es\/wp-json\/wp\/v2\/product_tag?post=110622"}],"curies":[{"name":"wp","href":"https:\/\/api.w.org\/{rel}","templated":true}]}}