


{"id":110698,"date":"2023-05-10T08:23:37","date_gmt":"2023-05-10T06:23:37","guid":{"rendered":"https:\/\/srokacompany.com\/produit\/control-de-lamina-s-1250\/"},"modified":"2024-05-21T12:41:27","modified_gmt":"2024-05-21T12:41:27","slug":"control-de-lamina-s-1250","status":"publish","type":"product","link":"https:\/\/staging.srokafinal.lets-preprod.com\/es\/produit\/control-de-lamina-s-1250\/","title":{"rendered":"Control de l\u00e1mina S 1250"},"content":{"rendered":"<hr>\n<h2>\u00bfC\u00f3mo transformar\u00e1 el aler\u00f3n delantero 1250 Control tu experiencia de wingfoiling en freeride y olas?<\/h2>\n<p>La 1250 Control es tan vers\u00e1til para el wing foiling de freeride como para las olas. Su aspecto de relaci\u00f3n media te permite tomar giros fluidos y surfear las olas sin quedarte atr\u00e1s. Su perfil optimiza la sustentaci\u00f3n a bajas velocidades para despegar de forma r\u00e1pida y gradual.<\/p>\n<p>La forma curva de la aleta te ayuda a mantener las puntas en el agua durante los giros y a evitar ca\u00eddas. Adem\u00e1s, la aleta emite sonidos de agua cuando roza la superficie, advirti\u00e9ndote antes de que pierdas el control.<\/p>\n<p>El S-foil es el foil que tambi\u00e9n transformar\u00e1 tu pr\u00e1ctica de wingfoiling sobre las olas. Es un foil que ha sido dise\u00f1ado para satisfacer las necesidades y deseos de los riders que quieren divertirse en las olas, ya sea en wing foil, surf foil o wake foil, a la vez que elimina las imperfecciones de sujeci\u00f3n, arrastre y precisi\u00f3n de otros foils del mercado.<\/p>\n<p><a href=\"https:\/\/srokacompany.com\/produit\/front-wing-1250-control\/\">Ala sola aqu\u00ed.  <\/a><\/p>\n","protected":false},"excerpt":{"rendered":"<p>\u00bfC\u00f3mo transformar\u00e1 el aler\u00f3n delantero 1250 Control tu experiencia de wingfoiling en freeride y olas? La 1250 Control es tan vers\u00e1til para el wing foiling de freeride como para las olas. Su aspecto de relaci\u00f3n media te permite tomar giros fluidos y surfear las olas sin quedarte atr\u00e1s. Su perfil optimiza la sustentaci\u00f3n a bajas [&hellip;]<\/p>\n","protected":false},"featured_media":110718,"template":"","meta":{"_acf_changed":false,"_uag_custom_page_level_css":""},"product_brand":[],"product_cat":[2562,2542],"product_tag":[],"class_list":{"0":"post-110698","1":"product","2":"type-product","3":"status-publish","4":"has-post-thumbnail","6":"product_cat-todas-nuestras-laminas-de-control","7":"product_cat-foils-surf-foil-es","8":"product_shipping_class-lamina-completa-o-piezas-de-repuesto-unidad-de-ala","9":"pa_longueur-du-fuselage-56cm","10":"pa_longueur-du-fuselage-2011","11":"pa_longueur-du-fuselage-2012","12":"pa_surface-du-stabilisateur-2007","13":"pa_surface-du-stabilisateur-2008","14":"pa_surface-du-stabilisateur-2009","15":"pa_taille-du-mat-70cm","16":"pa_taille-du-mat-80cm","17":"pa_taille-du-mat-90cm","19":"first","20":"instock","21":"taxable","22":"shipping-taxable","23":"purchasable","24":"product-type-variable","25":"has-default-attributes"},"acf":[],"yoast_head":"<!-- This site is optimized with the Yoast SEO plugin v25.1 - https:\/\/yoast.com\/wordpress\/plugins\/seo\/ -->\n<title>Control S-Foil 1250 | Empresa SROKA<\/title>\n<meta name=\"description\" content=\"El S-foil 1250 Control es un foil adecuado para freeride y wing foil. Te da velocidad, suavidad y control en las curvas.\" \/>\n<meta name=\"robots\" content=\"noindex, follow, max-snippet:-1, max-image-preview:large, max-video-preview:-1\" \/>\n<meta property=\"og:locale\" content=\"es_ES\" \/>\n<meta property=\"og:type\" content=\"article\" \/>\n<meta property=\"og:title\" content=\"Control S-Foil 1250 | Empresa SROKA\" \/>\n<meta property=\"og:description\" content=\"El S-foil 1250 Control es un foil adecuado para freeride y wing foil. Te da velocidad, suavidad y control en las curvas.\" \/>\n<meta property=\"og:url\" content=\"https:\/\/staging.srokafinal.lets-preprod.com\/es\/produit\/control-de-lamina-s-1250\/\" \/>\n<meta property=\"og:site_name\" content=\"SROKA Company\" \/>\n<meta property=\"article:publisher\" content=\"https:\/\/www.facebook.com\/srokawatersports\/\" \/>\n<meta property=\"article:modified_time\" content=\"2024-05-21T12:41:27+00:00\" \/>\n<meta property=\"og:image\" content=\"https:\/\/staging.srokafinal.lets-preprod.com\/wp-content\/uploads\/2023\/05\/1250-control.png\" \/>\n\t<meta property=\"og:image:width\" content=\"740\" \/>\n\t<meta property=\"og:image:height\" content=\"1080\" \/>\n\t<meta property=\"og:image:type\" content=\"image\/png\" \/>\n<meta name=\"twitter:label1\" content=\"Tiempo de lectura\" \/>\n\t<meta name=\"twitter:data1\" content=\"1 minuto\" \/>\n<script type=\"application\/ld+json\" class=\"yoast-schema-graph\">{\"@context\":\"https:\/\/schema.org\",\"@graph\":[{\"@type\":\"WebPage\",\"@id\":\"https:\/\/staging.srokafinal.lets-preprod.com\/es\/produit\/control-de-lamina-s-1250\/\",\"url\":\"https:\/\/staging.srokafinal.lets-preprod.com\/es\/produit\/control-de-lamina-s-1250\/\",\"name\":\"Control S-Foil 1250 | Empresa SROKA\",\"isPartOf\":{\"@id\":\"https:\/\/staging.srokafinal.lets-preprod.com\/es\/#website\"},\"primaryImageOfPage\":{\"@id\":\"https:\/\/staging.srokafinal.lets-preprod.com\/es\/produit\/control-de-lamina-s-1250\/#primaryimage\"},\"image\":{\"@id\":\"https:\/\/staging.srokafinal.lets-preprod.com\/es\/produit\/control-de-lamina-s-1250\/#primaryimage\"},\"thumbnailUrl\":\"https:\/\/staging.srokafinal.lets-preprod.com\/wp-content\/uploads\/2023\/05\/1250-control.png\",\"datePublished\":\"2023-05-10T06:23:37+00:00\",\"dateModified\":\"2024-05-21T12:41:27+00:00\",\"description\":\"El S-foil 1250 Control es un foil adecuado para freeride y wing foil. Te da velocidad, suavidad y control en las curvas.\",\"breadcrumb\":{\"@id\":\"https:\/\/staging.srokafinal.lets-preprod.com\/es\/produit\/control-de-lamina-s-1250\/#breadcrumb\"},\"inLanguage\":\"es\",\"potentialAction\":[{\"@type\":\"ReadAction\",\"target\":[\"https:\/\/staging.srokafinal.lets-preprod.com\/es\/produit\/control-de-lamina-s-1250\/\"]}]},{\"@type\":\"ImageObject\",\"inLanguage\":\"es\",\"@id\":\"https:\/\/staging.srokafinal.lets-preprod.com\/es\/produit\/control-de-lamina-s-1250\/#primaryimage\",\"url\":\"https:\/\/staging.srokafinal.lets-preprod.com\/wp-content\/uploads\/2023\/05\/1250-control.png\",\"contentUrl\":\"https:\/\/staging.srokafinal.lets-preprod.com\/wp-content\/uploads\/2023\/05\/1250-control.png\",\"width\":740,\"height\":1080,\"caption\":\"1250 Control Sroka\"},{\"@type\":\"BreadcrumbList\",\"@id\":\"https:\/\/staging.srokafinal.lets-preprod.com\/es\/produit\/control-de-lamina-s-1250\/#breadcrumb\",\"itemListElement\":[{\"@type\":\"ListItem\",\"position\":1,\"name\":\"Accueil\",\"item\":\"https:\/\/staging.srokafinal.lets-preprod.com\/es\/\"},{\"@type\":\"ListItem\",\"position\":2,\"name\":\"Boutique\",\"item\":\"https:\/\/staging.srokafinal.lets-preprod.com\/boutique\/\"},{\"@type\":\"ListItem\",\"position\":3,\"name\":\"Control de l\u00e1mina S 1250\"}]},{\"@type\":\"WebSite\",\"@id\":\"https:\/\/staging.srokafinal.lets-preprod.com\/es\/#website\",\"url\":\"https:\/\/staging.srokafinal.lets-preprod.com\/es\/\",\"name\":\"SROKA Company\",\"description\":\"SUP, Kite, Foil, Wing\",\"publisher\":{\"@id\":\"https:\/\/staging.srokafinal.lets-preprod.com\/es\/#organization\"},\"potentialAction\":[{\"@type\":\"SearchAction\",\"target\":{\"@type\":\"EntryPoint\",\"urlTemplate\":\"https:\/\/staging.srokafinal.lets-preprod.com\/es\/?s={search_term_string}\"},\"query-input\":{\"@type\":\"PropertyValueSpecification\",\"valueRequired\":true,\"valueName\":\"search_term_string\"}}],\"inLanguage\":\"es\"},{\"@type\":\"Organization\",\"@id\":\"https:\/\/staging.srokafinal.lets-preprod.com\/es\/#organization\",\"name\":\"SROKACOMPANY\",\"alternateName\":\"SROKA\",\"url\":\"https:\/\/staging.srokafinal.lets-preprod.com\/es\/\",\"logo\":{\"@type\":\"ImageObject\",\"inLanguage\":\"es\",\"@id\":\"https:\/\/staging.srokafinal.lets-preprod.com\/es\/#\/schema\/logo\/image\/\",\"url\":\"https:\/\/staging.srokafinal.lets-preprod.com\/wp-content\/uploads\/2021\/01\/logo-sroka-black-transpa.png\",\"contentUrl\":\"https:\/\/staging.srokafinal.lets-preprod.com\/wp-content\/uploads\/2021\/01\/logo-sroka-black-transpa.png\",\"width\":1201,\"height\":342,\"caption\":\"SROKACOMPANY\"},\"image\":{\"@id\":\"https:\/\/staging.srokafinal.lets-preprod.com\/es\/#\/schema\/logo\/image\/\"},\"sameAs\":[\"https:\/\/www.facebook.com\/srokawatersports\/\",\"https:\/\/www.instagram.com\/srokawatersports\/\",\"https:\/\/www.youtube.com\/channel\/UCVLHHeaPIm-J5bdEUgxqtZA\"]}]}<\/script>\n<!-- \/ Yoast SEO plugin. -->","yoast_head_json":{"title":"Control S-Foil 1250 | Empresa SROKA","description":"El S-foil 1250 Control es un foil adecuado para freeride y wing foil. Te da velocidad, suavidad y control en las curvas.","robots":{"index":"noindex","follow":"follow","max-snippet":"max-snippet:-1","max-image-preview":"max-image-preview:large","max-video-preview":"max-video-preview:-1"},"og_locale":"es_ES","og_type":"article","og_title":"Control S-Foil 1250 | Empresa SROKA","og_description":"El S-foil 1250 Control es un foil adecuado para freeride y wing foil. Te da velocidad, suavidad y control en las curvas.","og_url":"https:\/\/staging.srokafinal.lets-preprod.com\/es\/produit\/control-de-lamina-s-1250\/","og_site_name":"SROKA Company","article_publisher":"https:\/\/www.facebook.com\/srokawatersports\/","article_modified_time":"2024-05-21T12:41:27+00:00","og_image":[{"width":740,"height":1080,"url":"https:\/\/staging.srokafinal.lets-preprod.com\/wp-content\/uploads\/2023\/05\/1250-control.png","type":"image\/png"}],"twitter_misc":{"Tiempo de lectura":"1 minuto"},"schema":{"@context":"https:\/\/schema.org","@graph":[{"@type":"WebPage","@id":"https:\/\/staging.srokafinal.lets-preprod.com\/es\/produit\/control-de-lamina-s-1250\/","url":"https:\/\/staging.srokafinal.lets-preprod.com\/es\/produit\/control-de-lamina-s-1250\/","name":"Control S-Foil 1250 | Empresa SROKA","isPartOf":{"@id":"https:\/\/staging.srokafinal.lets-preprod.com\/es\/#website"},"primaryImageOfPage":{"@id":"https:\/\/staging.srokafinal.lets-preprod.com\/es\/produit\/control-de-lamina-s-1250\/#primaryimage"},"image":{"@id":"https:\/\/staging.srokafinal.lets-preprod.com\/es\/produit\/control-de-lamina-s-1250\/#primaryimage"},"thumbnailUrl":"https:\/\/staging.srokafinal.lets-preprod.com\/wp-content\/uploads\/2023\/05\/1250-control.png","datePublished":"2023-05-10T06:23:37+00:00","dateModified":"2024-05-21T12:41:27+00:00","description":"El S-foil 1250 Control es un foil adecuado para freeride y wing foil. Te da velocidad, suavidad y control en las curvas.","breadcrumb":{"@id":"https:\/\/staging.srokafinal.lets-preprod.com\/es\/produit\/control-de-lamina-s-1250\/#breadcrumb"},"inLanguage":"es","potentialAction":[{"@type":"ReadAction","target":["https:\/\/staging.srokafinal.lets-preprod.com\/es\/produit\/control-de-lamina-s-1250\/"]}]},{"@type":"ImageObject","inLanguage":"es","@id":"https:\/\/staging.srokafinal.lets-preprod.com\/es\/produit\/control-de-lamina-s-1250\/#primaryimage","url":"https:\/\/staging.srokafinal.lets-preprod.com\/wp-content\/uploads\/2023\/05\/1250-control.png","contentUrl":"https:\/\/staging.srokafinal.lets-preprod.com\/wp-content\/uploads\/2023\/05\/1250-control.png","width":740,"height":1080,"caption":"1250 Control Sroka"},{"@type":"BreadcrumbList","@id":"https:\/\/staging.srokafinal.lets-preprod.com\/es\/produit\/control-de-lamina-s-1250\/#breadcrumb","itemListElement":[{"@type":"ListItem","position":1,"name":"Accueil","item":"https:\/\/staging.srokafinal.lets-preprod.com\/es\/"},{"@type":"ListItem","position":2,"name":"Boutique","item":"https:\/\/staging.srokafinal.lets-preprod.com\/boutique\/"},{"@type":"ListItem","position":3,"name":"Control de l\u00e1mina S 1250"}]},{"@type":"WebSite","@id":"https:\/\/staging.srokafinal.lets-preprod.com\/es\/#website","url":"https:\/\/staging.srokafinal.lets-preprod.com\/es\/","name":"SROKA Company","description":"SUP, Kite, Foil, Wing","publisher":{"@id":"https:\/\/staging.srokafinal.lets-preprod.com\/es\/#organization"},"potentialAction":[{"@type":"SearchAction","target":{"@type":"EntryPoint","urlTemplate":"https:\/\/staging.srokafinal.lets-preprod.com\/es\/?s={search_term_string}"},"query-input":{"@type":"PropertyValueSpecification","valueRequired":true,"valueName":"search_term_string"}}],"inLanguage":"es"},{"@type":"Organization","@id":"https:\/\/staging.srokafinal.lets-preprod.com\/es\/#organization","name":"SROKACOMPANY","alternateName":"SROKA","url":"https:\/\/staging.srokafinal.lets-preprod.com\/es\/","logo":{"@type":"ImageObject","inLanguage":"es","@id":"https:\/\/staging.srokafinal.lets-preprod.com\/es\/#\/schema\/logo\/image\/","url":"https:\/\/staging.srokafinal.lets-preprod.com\/wp-content\/uploads\/2021\/01\/logo-sroka-black-transpa.png","contentUrl":"https:\/\/staging.srokafinal.lets-preprod.com\/wp-content\/uploads\/2021\/01\/logo-sroka-black-transpa.png","width":1201,"height":342,"caption":"SROKACOMPANY"},"image":{"@id":"https:\/\/staging.srokafinal.lets-preprod.com\/es\/#\/schema\/logo\/image\/"},"sameAs":["https:\/\/www.facebook.com\/srokawatersports\/","https:\/\/www.instagram.com\/srokawatersports\/","https:\/\/www.youtube.com\/channel\/UCVLHHeaPIm-J5bdEUgxqtZA"]}]}},"uagb_featured_image_src":{"full":["https:\/\/staging.srokafinal.lets-preprod.com\/wp-content\/uploads\/2023\/05\/1250-control.png",740,1080,false],"thumbnail":["https:\/\/staging.srokafinal.lets-preprod.com\/wp-content\/uploads\/2023\/05\/1250-control-150x150.png",150,150,true],"medium":["https:\/\/staging.srokafinal.lets-preprod.com\/wp-content\/uploads\/2023\/05\/1250-control-206x300.png",206,300,true],"medium_large":["https:\/\/staging.srokafinal.lets-preprod.com\/wp-content\/uploads\/2023\/05\/1250-control.png",740,1080,false],"large":["https:\/\/staging.srokafinal.lets-preprod.com\/wp-content\/uploads\/2023\/05\/1250-control-702x1024.png",702,1024,true],"1536x1536":["https:\/\/staging.srokafinal.lets-preprod.com\/wp-content\/uploads\/2023\/05\/1250-control.png",740,1080,false],"2048x2048":["https:\/\/staging.srokafinal.lets-preprod.com\/wp-content\/uploads\/2023\/05\/1250-control.png",740,1080,false],"woocommerce_thumbnail":["https:\/\/staging.srokafinal.lets-preprod.com\/wp-content\/uploads\/2023\/05\/1250-control-600x876.png",600,876,true],"woocommerce_single":["https:\/\/staging.srokafinal.lets-preprod.com\/wp-content\/uploads\/2023\/05\/1250-control-600x876.png",600,876,true],"woocommerce_gallery_thumbnail":["https:\/\/staging.srokafinal.lets-preprod.com\/wp-content\/uploads\/2023\/05\/1250-control-100x100.png",100,100,true]},"uagb_author_info":{"display_name":"emmanuel.d emmanuel.d","author_link":"https:\/\/staging.srokafinal.lets-preprod.com\/es\/blog\/author\/"},"uagb_comment_info":0,"uagb_excerpt":"\u00bfC\u00f3mo transformar\u00e1 el aler\u00f3n delantero 1250 Control tu experiencia de wingfoiling en freeride y olas? La 1250 Control es tan vers\u00e1til para el wing foiling de freeride como para las olas. Su aspecto de relaci\u00f3n media te permite tomar giros fluidos y surfear las olas sin quedarte atr\u00e1s. Su perfil optimiza la sustentaci\u00f3n a bajas&hellip;","_links":{"self":[{"href":"https:\/\/staging.srokafinal.lets-preprod.com\/es\/wp-json\/wp\/v2\/product\/110698","targetHints":{"allow":["GET"]}}],"collection":[{"href":"https:\/\/staging.srokafinal.lets-preprod.com\/es\/wp-json\/wp\/v2\/product"}],"about":[{"href":"https:\/\/staging.srokafinal.lets-preprod.com\/es\/wp-json\/wp\/v2\/types\/product"}],"wp:featuredmedia":[{"embeddable":true,"href":"https:\/\/staging.srokafinal.lets-preprod.com\/es\/wp-json\/wp\/v2\/media\/110718"}],"wp:attachment":[{"href":"https:\/\/staging.srokafinal.lets-preprod.com\/es\/wp-json\/wp\/v2\/media?parent=110698"}],"wp:term":[{"taxonomy":"product_brand","embeddable":true,"href":"https:\/\/staging.srokafinal.lets-preprod.com\/es\/wp-json\/wp\/v2\/product_brand?post=110698"},{"taxonomy":"product_cat","embeddable":true,"href":"https:\/\/staging.srokafinal.lets-preprod.com\/es\/wp-json\/wp\/v2\/product_cat?post=110698"},{"taxonomy":"product_tag","embeddable":true,"href":"https:\/\/staging.srokafinal.lets-preprod.com\/es\/wp-json\/wp\/v2\/product_tag?post=110698"}],"curies":[{"name":"wp","href":"https:\/\/api.w.org\/{rel}","templated":true}]}}