


{"id":111091,"date":"2024-03-06T13:28:57","date_gmt":"2024-03-06T13:28:57","guid":{"rendered":"https:\/\/srokacompany.com\/produit\/tabla-de-wing-foil-sky-rider-63\/"},"modified":"2024-11-23T13:27:09","modified_gmt":"2024-11-23T13:27:09","slug":"tabla-de-wing-foil-sky-rider-63","status":"publish","type":"product","link":"https:\/\/staging.srokafinal.lets-preprod.com\/es\/produit\/tabla-de-wing-foil-sky-rider-63\/","title":{"rendered":"Tabla de wing foil Sky Rider: 6&#8217;3"},"content":{"rendered":"<hr>\n<h3>&#8220;Progresa r\u00e1pidamente y disfruta de un manejo que nunca te fallar\u00e1, despegue f\u00e1cil incluso en aguas turbulentas y m\u00e1xima estabilidad con el Sky rider 6&#8217;3&#8221;<\/h3>\n<p class=\"p1\">Este jinete Sky de 6&#8217;3 ha sido dise\u00f1ado para acompa\u00f1arte en tu <b>progreso<\/b> y permitirte <b>evolucionar lo<\/b> m\u00e1s r\u00e1pido posible con el m\u00e1ximo placer y facilidad.<\/p>\n<p class=\"p1\">Con el fin de mantener nuestro ADN de precios, lanzamos esta tabla Sky Rider en la continuidad de la 5&#8217;2 y la 4&#8217;8 manteniendo un <b>precio atractivo<\/b> <b> de 1099 euros impuestos incluidos.<\/b><\/p>\n<p class=\"p1\">Las formas de estas nuevas tablas son <b>m\u00e1s<\/b> <b>compactas<\/b>, reduciendo as\u00ed la longitud de las tablas y aumentando la maniobrabilidad.<\/p>\n<p class=\"p1\">Queremos ofrecerte la mejor alternativa con el m\u00e1ximo rendimiento. Bas\u00e1ndonos en esta observaci\u00f3n, mantenemos una <a href=\"https:\/\/srokacompany.com\/2020\/05\/comment-sont-contruites-les-planches-de-wingfoil\/\">construcci\u00f3n <b>de s\u00e1ndwich completa<\/b><\/a><span class=\"Apple-converted-space\">  <\/span>en el casco para que sea indestructible y para que te siga durante mucho tiempo. Se trata de una zona muy sometida a tensiones, sobre todo con la uni\u00f3n del foil y un s\u00e1ndwich bajo las almohadillas, lo que garantiza la m\u00e1xima rigidez bajo los soportes y evita que la tabla se asiente bajo los talones durante los saltos, por ejemplo. Para aumentar a\u00fan m\u00e1s la rigidez del conjunto, se disponen dos capas de <b>carbono<\/b> en los rieles estadounidenses.<\/p>\n<p class=\"p1\">Todas las tablas est\u00e1n construidas en Sandwich, PVC <b>, fibra de vidrio<\/b> y <b>fibra de carbono<\/b> dependiendo de los modelos con las fibras m\u00e1s resistentes del mercado.<\/p>\n<p>&nbsp;<\/p>\n","protected":false},"excerpt":{"rendered":"<p>&#8220;Progresa r\u00e1pidamente y disfruta de un manejo que nunca te fallar\u00e1, despegue f\u00e1cil incluso en aguas turbulentas y m\u00e1xima estabilidad con el Sky rider 6&#8217;3&#8221; Este jinete Sky de 6&#8217;3 ha sido dise\u00f1ado para acompa\u00f1arte en tu progreso y permitirte evolucionar lo m\u00e1s r\u00e1pido posible con el m\u00e1ximo placer y facilidad. Con el fin de [&hellip;]<\/p>\n","protected":false},"featured_media":111093,"template":"","meta":{"_acf_changed":false,"_uag_custom_page_level_css":""},"product_brand":[],"product_cat":[2535],"product_tag":[],"class_list":{"0":"post-111091","1":"product","2":"type-product","3":"status-publish","4":"has-post-thumbnail","6":"product_cat-tablas-de-wing-foil-al-mejor-precio","7":"product_shipping_class-unidad-de-tablero-duro","9":"first","10":"instock","11":"sale","12":"taxable","13":"shipping-taxable","14":"purchasable","15":"product-type-simple"},"acf":[],"yoast_head":"<!-- This site is optimized with the Yoast SEO plugin v25.1 - https:\/\/yoast.com\/wordpress\/plugins\/seo\/ -->\n<title>Skyrider 6&#039;3 Tabla de ala para principiantes<\/title>\n<meta name=\"description\" content=\"Progresi\u00f3n r\u00e1pida, f\u00e1cil estabilidad y despegue. Conozca Sky Rider: rendimiento asequible, dise\u00f1o s\u00e1ndwich de PVC s\u00f3lido, fibra de vidrio.\" \/>\n<meta name=\"robots\" content=\"noindex, follow, max-snippet:-1, max-image-preview:large, max-video-preview:-1\" \/>\n<meta property=\"og:locale\" content=\"es_ES\" \/>\n<meta property=\"og:type\" content=\"article\" \/>\n<meta property=\"og:title\" content=\"Skyrider 6&#039;3 Tabla de ala para principiantes\" \/>\n<meta property=\"og:description\" content=\"Progresi\u00f3n r\u00e1pida, f\u00e1cil estabilidad y despegue. Conozca Sky Rider: rendimiento asequible, dise\u00f1o s\u00e1ndwich de PVC s\u00f3lido, fibra de vidrio.\" \/>\n<meta property=\"og:url\" content=\"https:\/\/staging.srokafinal.lets-preprod.com\/es\/produit\/tabla-de-wing-foil-sky-rider-63\/\" \/>\n<meta property=\"og:site_name\" content=\"SROKA Company\" \/>\n<meta property=\"article:publisher\" content=\"https:\/\/www.facebook.com\/srokawatersports\/\" \/>\n<meta property=\"article:modified_time\" content=\"2024-11-23T13:27:09+00:00\" \/>\n<meta property=\"og:image\" content=\"https:\/\/staging.srokafinal.lets-preprod.com\/wp-content\/uploads\/2023\/01\/63-2-1024x1024.png\" \/>\n\t<meta property=\"og:image:width\" content=\"1024\" \/>\n\t<meta property=\"og:image:height\" content=\"1024\" \/>\n\t<meta property=\"og:image:type\" content=\"image\/png\" \/>\n<meta name=\"twitter:label1\" content=\"Tiempo de lectura\" \/>\n\t<meta name=\"twitter:data1\" content=\"1 minuto\" \/>\n<script type=\"application\/ld+json\" class=\"yoast-schema-graph\">{\"@context\":\"https:\/\/schema.org\",\"@graph\":[{\"@type\":\"WebPage\",\"@id\":\"https:\/\/staging.srokafinal.lets-preprod.com\/es\/produit\/tabla-de-wing-foil-sky-rider-63\/\",\"url\":\"https:\/\/staging.srokafinal.lets-preprod.com\/es\/produit\/tabla-de-wing-foil-sky-rider-63\/\",\"name\":\"Skyrider 6'3 Tabla de ala para principiantes\",\"isPartOf\":{\"@id\":\"https:\/\/staging.srokafinal.lets-preprod.com\/es\/#website\"},\"primaryImageOfPage\":{\"@id\":\"https:\/\/staging.srokafinal.lets-preprod.com\/es\/produit\/tabla-de-wing-foil-sky-rider-63\/#primaryimage\"},\"image\":{\"@id\":\"https:\/\/staging.srokafinal.lets-preprod.com\/es\/produit\/tabla-de-wing-foil-sky-rider-63\/#primaryimage\"},\"thumbnailUrl\":\"https:\/\/staging.srokafinal.lets-preprod.com\/wp-content\/uploads\/2023\/01\/63-2.png\",\"datePublished\":\"2024-03-06T13:28:57+00:00\",\"dateModified\":\"2024-11-23T13:27:09+00:00\",\"description\":\"Progresi\u00f3n r\u00e1pida, f\u00e1cil estabilidad y despegue. Conozca Sky Rider: rendimiento asequible, dise\u00f1o s\u00e1ndwich de PVC s\u00f3lido, fibra de vidrio.\",\"breadcrumb\":{\"@id\":\"https:\/\/staging.srokafinal.lets-preprod.com\/es\/produit\/tabla-de-wing-foil-sky-rider-63\/#breadcrumb\"},\"inLanguage\":\"es\",\"potentialAction\":[{\"@type\":\"ReadAction\",\"target\":[\"https:\/\/staging.srokafinal.lets-preprod.com\/es\/produit\/tabla-de-wing-foil-sky-rider-63\/\"]}]},{\"@type\":\"ImageObject\",\"inLanguage\":\"es\",\"@id\":\"https:\/\/staging.srokafinal.lets-preprod.com\/es\/produit\/tabla-de-wing-foil-sky-rider-63\/#primaryimage\",\"url\":\"https:\/\/staging.srokafinal.lets-preprod.com\/wp-content\/uploads\/2023\/01\/63-2.png\",\"contentUrl\":\"https:\/\/staging.srokafinal.lets-preprod.com\/wp-content\/uploads\/2023\/01\/63-2.png\",\"width\":2048,\"height\":2048},{\"@type\":\"BreadcrumbList\",\"@id\":\"https:\/\/staging.srokafinal.lets-preprod.com\/es\/produit\/tabla-de-wing-foil-sky-rider-63\/#breadcrumb\",\"itemListElement\":[{\"@type\":\"ListItem\",\"position\":1,\"name\":\"Accueil\",\"item\":\"https:\/\/staging.srokafinal.lets-preprod.com\/es\/\"},{\"@type\":\"ListItem\",\"position\":2,\"name\":\"Boutique\",\"item\":\"https:\/\/staging.srokafinal.lets-preprod.com\/boutique\/\"},{\"@type\":\"ListItem\",\"position\":3,\"name\":\"Tabla de wing foil Sky Rider: 6&#8217;3\"}]},{\"@type\":\"WebSite\",\"@id\":\"https:\/\/staging.srokafinal.lets-preprod.com\/es\/#website\",\"url\":\"https:\/\/staging.srokafinal.lets-preprod.com\/es\/\",\"name\":\"SROKA Company\",\"description\":\"SUP, Kite, Foil, Wing\",\"publisher\":{\"@id\":\"https:\/\/staging.srokafinal.lets-preprod.com\/es\/#organization\"},\"potentialAction\":[{\"@type\":\"SearchAction\",\"target\":{\"@type\":\"EntryPoint\",\"urlTemplate\":\"https:\/\/staging.srokafinal.lets-preprod.com\/es\/?s={search_term_string}\"},\"query-input\":{\"@type\":\"PropertyValueSpecification\",\"valueRequired\":true,\"valueName\":\"search_term_string\"}}],\"inLanguage\":\"es\"},{\"@type\":\"Organization\",\"@id\":\"https:\/\/staging.srokafinal.lets-preprod.com\/es\/#organization\",\"name\":\"SROKACOMPANY\",\"alternateName\":\"SROKA\",\"url\":\"https:\/\/staging.srokafinal.lets-preprod.com\/es\/\",\"logo\":{\"@type\":\"ImageObject\",\"inLanguage\":\"es\",\"@id\":\"https:\/\/staging.srokafinal.lets-preprod.com\/es\/#\/schema\/logo\/image\/\",\"url\":\"https:\/\/staging.srokafinal.lets-preprod.com\/wp-content\/uploads\/2021\/01\/logo-sroka-black-transpa.png\",\"contentUrl\":\"https:\/\/staging.srokafinal.lets-preprod.com\/wp-content\/uploads\/2021\/01\/logo-sroka-black-transpa.png\",\"width\":1201,\"height\":342,\"caption\":\"SROKACOMPANY\"},\"image\":{\"@id\":\"https:\/\/staging.srokafinal.lets-preprod.com\/es\/#\/schema\/logo\/image\/\"},\"sameAs\":[\"https:\/\/www.facebook.com\/srokawatersports\/\",\"https:\/\/www.instagram.com\/srokawatersports\/\",\"https:\/\/www.youtube.com\/channel\/UCVLHHeaPIm-J5bdEUgxqtZA\"]}]}<\/script>\n<!-- \/ Yoast SEO plugin. -->","yoast_head_json":{"title":"Skyrider 6'3 Tabla de ala para principiantes","description":"Progresi\u00f3n r\u00e1pida, f\u00e1cil estabilidad y despegue. Conozca Sky Rider: rendimiento asequible, dise\u00f1o s\u00e1ndwich de PVC s\u00f3lido, fibra de vidrio.","robots":{"index":"noindex","follow":"follow","max-snippet":"max-snippet:-1","max-image-preview":"max-image-preview:large","max-video-preview":"max-video-preview:-1"},"og_locale":"es_ES","og_type":"article","og_title":"Skyrider 6'3 Tabla de ala para principiantes","og_description":"Progresi\u00f3n r\u00e1pida, f\u00e1cil estabilidad y despegue. Conozca Sky Rider: rendimiento asequible, dise\u00f1o s\u00e1ndwich de PVC s\u00f3lido, fibra de vidrio.","og_url":"https:\/\/staging.srokafinal.lets-preprod.com\/es\/produit\/tabla-de-wing-foil-sky-rider-63\/","og_site_name":"SROKA Company","article_publisher":"https:\/\/www.facebook.com\/srokawatersports\/","article_modified_time":"2024-11-23T13:27:09+00:00","og_image":[{"width":1024,"height":1024,"url":"https:\/\/staging.srokafinal.lets-preprod.com\/wp-content\/uploads\/2023\/01\/63-2-1024x1024.png","type":"image\/png"}],"twitter_misc":{"Tiempo de lectura":"1 minuto"},"schema":{"@context":"https:\/\/schema.org","@graph":[{"@type":"WebPage","@id":"https:\/\/staging.srokafinal.lets-preprod.com\/es\/produit\/tabla-de-wing-foil-sky-rider-63\/","url":"https:\/\/staging.srokafinal.lets-preprod.com\/es\/produit\/tabla-de-wing-foil-sky-rider-63\/","name":"Skyrider 6'3 Tabla de ala para principiantes","isPartOf":{"@id":"https:\/\/staging.srokafinal.lets-preprod.com\/es\/#website"},"primaryImageOfPage":{"@id":"https:\/\/staging.srokafinal.lets-preprod.com\/es\/produit\/tabla-de-wing-foil-sky-rider-63\/#primaryimage"},"image":{"@id":"https:\/\/staging.srokafinal.lets-preprod.com\/es\/produit\/tabla-de-wing-foil-sky-rider-63\/#primaryimage"},"thumbnailUrl":"https:\/\/staging.srokafinal.lets-preprod.com\/wp-content\/uploads\/2023\/01\/63-2.png","datePublished":"2024-03-06T13:28:57+00:00","dateModified":"2024-11-23T13:27:09+00:00","description":"Progresi\u00f3n r\u00e1pida, f\u00e1cil estabilidad y despegue. Conozca Sky Rider: rendimiento asequible, dise\u00f1o s\u00e1ndwich de PVC s\u00f3lido, fibra de vidrio.","breadcrumb":{"@id":"https:\/\/staging.srokafinal.lets-preprod.com\/es\/produit\/tabla-de-wing-foil-sky-rider-63\/#breadcrumb"},"inLanguage":"es","potentialAction":[{"@type":"ReadAction","target":["https:\/\/staging.srokafinal.lets-preprod.com\/es\/produit\/tabla-de-wing-foil-sky-rider-63\/"]}]},{"@type":"ImageObject","inLanguage":"es","@id":"https:\/\/staging.srokafinal.lets-preprod.com\/es\/produit\/tabla-de-wing-foil-sky-rider-63\/#primaryimage","url":"https:\/\/staging.srokafinal.lets-preprod.com\/wp-content\/uploads\/2023\/01\/63-2.png","contentUrl":"https:\/\/staging.srokafinal.lets-preprod.com\/wp-content\/uploads\/2023\/01\/63-2.png","width":2048,"height":2048},{"@type":"BreadcrumbList","@id":"https:\/\/staging.srokafinal.lets-preprod.com\/es\/produit\/tabla-de-wing-foil-sky-rider-63\/#breadcrumb","itemListElement":[{"@type":"ListItem","position":1,"name":"Accueil","item":"https:\/\/staging.srokafinal.lets-preprod.com\/es\/"},{"@type":"ListItem","position":2,"name":"Boutique","item":"https:\/\/staging.srokafinal.lets-preprod.com\/boutique\/"},{"@type":"ListItem","position":3,"name":"Tabla de wing foil Sky Rider: 6&#8217;3"}]},{"@type":"WebSite","@id":"https:\/\/staging.srokafinal.lets-preprod.com\/es\/#website","url":"https:\/\/staging.srokafinal.lets-preprod.com\/es\/","name":"SROKA Company","description":"SUP, Kite, Foil, Wing","publisher":{"@id":"https:\/\/staging.srokafinal.lets-preprod.com\/es\/#organization"},"potentialAction":[{"@type":"SearchAction","target":{"@type":"EntryPoint","urlTemplate":"https:\/\/staging.srokafinal.lets-preprod.com\/es\/?s={search_term_string}"},"query-input":{"@type":"PropertyValueSpecification","valueRequired":true,"valueName":"search_term_string"}}],"inLanguage":"es"},{"@type":"Organization","@id":"https:\/\/staging.srokafinal.lets-preprod.com\/es\/#organization","name":"SROKACOMPANY","alternateName":"SROKA","url":"https:\/\/staging.srokafinal.lets-preprod.com\/es\/","logo":{"@type":"ImageObject","inLanguage":"es","@id":"https:\/\/staging.srokafinal.lets-preprod.com\/es\/#\/schema\/logo\/image\/","url":"https:\/\/staging.srokafinal.lets-preprod.com\/wp-content\/uploads\/2021\/01\/logo-sroka-black-transpa.png","contentUrl":"https:\/\/staging.srokafinal.lets-preprod.com\/wp-content\/uploads\/2021\/01\/logo-sroka-black-transpa.png","width":1201,"height":342,"caption":"SROKACOMPANY"},"image":{"@id":"https:\/\/staging.srokafinal.lets-preprod.com\/es\/#\/schema\/logo\/image\/"},"sameAs":["https:\/\/www.facebook.com\/srokawatersports\/","https:\/\/www.instagram.com\/srokawatersports\/","https:\/\/www.youtube.com\/channel\/UCVLHHeaPIm-J5bdEUgxqtZA"]}]}},"uagb_featured_image_src":{"full":["https:\/\/staging.srokafinal.lets-preprod.com\/wp-content\/uploads\/2023\/01\/63-2.png",2048,2048,false],"thumbnail":["https:\/\/staging.srokafinal.lets-preprod.com\/wp-content\/uploads\/2023\/01\/63-2-150x150.png",150,150,true],"medium":["https:\/\/staging.srokafinal.lets-preprod.com\/wp-content\/uploads\/2023\/01\/63-2-300x300.png",300,300,true],"medium_large":["https:\/\/staging.srokafinal.lets-preprod.com\/wp-content\/uploads\/2023\/01\/63-2-768x768.png",768,768,true],"large":["https:\/\/staging.srokafinal.lets-preprod.com\/wp-content\/uploads\/2023\/01\/63-2-1024x1024.png",1024,1024,true],"1536x1536":["https:\/\/staging.srokafinal.lets-preprod.com\/wp-content\/uploads\/2023\/01\/63-2-1536x1536.png",1536,1536,true],"2048x2048":["https:\/\/staging.srokafinal.lets-preprod.com\/wp-content\/uploads\/2023\/01\/63-2-2048x2048.png",2048,2048,true],"woocommerce_thumbnail":["https:\/\/staging.srokafinal.lets-preprod.com\/wp-content\/uploads\/2023\/01\/63-2-600x600.png",600,600,true],"woocommerce_single":["https:\/\/staging.srokafinal.lets-preprod.com\/wp-content\/uploads\/2023\/01\/63-2-600x600.png",600,600,true],"woocommerce_gallery_thumbnail":["https:\/\/staging.srokafinal.lets-preprod.com\/wp-content\/uploads\/2023\/01\/63-2-100x100.png",100,100,true]},"uagb_author_info":{"display_name":"Jules Bustin","author_link":"https:\/\/staging.srokafinal.lets-preprod.com\/es\/blog\/author\/"},"uagb_comment_info":0,"uagb_excerpt":"&#8220;Progresa r\u00e1pidamente y disfruta de un manejo que nunca te fallar\u00e1, despegue f\u00e1cil incluso en aguas turbulentas y m\u00e1xima estabilidad con el Sky rider 6&#8217;3&#8221; Este jinete Sky de 6&#8217;3 ha sido dise\u00f1ado para acompa\u00f1arte en tu progreso y permitirte evolucionar lo m\u00e1s r\u00e1pido posible con el m\u00e1ximo placer y facilidad. Con el fin de&hellip;","_links":{"self":[{"href":"https:\/\/staging.srokafinal.lets-preprod.com\/es\/wp-json\/wp\/v2\/product\/111091","targetHints":{"allow":["GET"]}}],"collection":[{"href":"https:\/\/staging.srokafinal.lets-preprod.com\/es\/wp-json\/wp\/v2\/product"}],"about":[{"href":"https:\/\/staging.srokafinal.lets-preprod.com\/es\/wp-json\/wp\/v2\/types\/product"}],"wp:featuredmedia":[{"embeddable":true,"href":"https:\/\/staging.srokafinal.lets-preprod.com\/es\/wp-json\/wp\/v2\/media\/111093"}],"wp:attachment":[{"href":"https:\/\/staging.srokafinal.lets-preprod.com\/es\/wp-json\/wp\/v2\/media?parent=111091"}],"wp:term":[{"taxonomy":"product_brand","embeddable":true,"href":"https:\/\/staging.srokafinal.lets-preprod.com\/es\/wp-json\/wp\/v2\/product_brand?post=111091"},{"taxonomy":"product_cat","embeddable":true,"href":"https:\/\/staging.srokafinal.lets-preprod.com\/es\/wp-json\/wp\/v2\/product_cat?post=111091"},{"taxonomy":"product_tag","embeddable":true,"href":"https:\/\/staging.srokafinal.lets-preprod.com\/es\/wp-json\/wp\/v2\/product_tag?post=111091"}],"curies":[{"name":"wp","href":"https:\/\/api.w.org\/{rel}","templated":true}]}}