


{"id":124441,"date":"2024-07-26T07:21:42","date_gmt":"2024-07-26T07:21:42","guid":{"rendered":"https:\/\/srokacompany.com\/produit\/producto-1\/"},"modified":"2024-10-18T16:23:24","modified_gmt":"2024-10-18T16:23:24","slug":"producto-1","status":"publish","type":"product","link":"https:\/\/staging.srokafinal.lets-preprod.com\/es\/produit\/producto-1\/","title":{"rendered":"1260 HAU"},"content":{"rendered":"<p class=\"p1\">Volando como un p\u00e1jaro<span class=\"Apple-converted-space\">  <\/span>rozando la cresta de las olas<span class=\"Apple-converted-space\">  <\/span>a pleno rendimiento<span class=\"Apple-converted-space\">  <\/span>velocidad<span class=\"Apple-converted-space\">  <\/span>Al descender el oleaje entrena sin esfuerzo. Esto se hace realidad con nuestra gama UHA: Ultra High Aspect Ratio. Esta gama con una gran envergadura te permite hacer foil casi sin viento y sin oleaje, llevando toda la energ\u00eda necesaria en el oleaje para hacer foil. Si est\u00e1s buscando una cometa para ir r\u00e1pido a sotavento o a sotavento con ala, las cometas UHA han sido creadas para ti y te sorprender\u00e1n por su facilidad y rendimiento. Esta gama consta de 4 tama\u00f1os de cometas: 800 UHA (800 cm2), 930 UHA (930 cm2), 1100 UHA (1100 cm2), 1260 UHA (1260 cm2). Esta gama se adapta perfectamente a las gamas de plantas LW y DW y Superfly<\/p>\n<p class=\"p3\">Sobre la base del \u00e9xito de la gama HA Speed, decidimos aplicar el mismo perfil para proporcionar el mismo despegue suave pero con un rendimiento de velocidad impresionante. Es imposible decepcionarse con esta gama UHA: Speed, Glide y Handling son las tres palabras que mejor caracterizan a esta nueva gama<\/p>\n<p class=\"p1\"><strong>La 1260 UHA<\/strong> ha sido totalmente desarrollada para el downwinding, ofreciendo una capacidad insospechada para volar con muy poco oleaje y\/o viento. Con una envergadura cercana a los 1200 cm, le ofrecer\u00e1 una capacidad de gu\u00eda infinita sean cuales sean las condiciones.<\/p>\n<hr>\n<p class=\"p1\"><strong>En stock<\/strong><\/p>\n<p>Volar como un p\u00e1jaro rozando la cresta de las olas a toda velocidad mientras desciende sin esfuerzo por los trenes de oleaje es ahora una realidad con nuestra gama UHA (Ultra High Aspect Ratio). Esta gama, con una gran envergadura, permite hacer foil casi sin viento ni oleaje, utilizando toda la energ\u00eda disponible en el oleaje para volar. Si est\u00e1s buscando una cometa para ir r\u00e1pido a favor del viento o para practicar el wingfoiling a favor del viento, las cometas UHA han sido creadas para ti y te sorprender\u00e1n por su facilidad de uso y rendimiento. <strong>Esta gama consta de cuatro tama\u00f1os de ala: 800 UHA (800 cm\u00b2), 930 UHA (930 cm\u00b2), 1100 UHA (1100 cm\u00b2) y 1260 UHA (1260 cm\u00b2).<\/strong> Se adapta perfectamente a las gamas de tablas LW (viento ligero) y DW (viento a favor), as\u00ed como a la Superfly. Sobre la base del \u00e9xito de la gama HA Speed, hemos aplicado el mismo perfil a la gama UHA para ofrecer la misma suavidad en el despegue, pero con un rendimiento de velocidad impresionante. Es imposible decepcionarse con esta gama UHA: velocidad, deslizamiento y maniobrabilidad son las tres palabras que mejor la caracterizan. <strong>El 1260 UHA<\/strong> ha sido <strong>desarrollado \u00edntegramente para el downwinding,<\/strong> ofreciendo una <strong>capacidad insospechada para volar en condiciones de oleaje y\/o viento muy bajos con una incre\u00edble capacidad de bombeo con facilidad<\/strong>. Con una envergadura de casi 1200 cm, te permitir\u00e1 navegar sin l\u00edmites, sean cuales sean las condiciones<\/p>\n","protected":false},"excerpt":{"rendered":"<p>Volando como un p\u00e1jaro rozando la cresta de las olas a pleno rendimiento velocidad Al descender el oleaje entrena sin esfuerzo. Esto se hace realidad con nuestra gama UHA: Ultra High Aspect Ratio. Esta gama con una gran envergadura te permite hacer foil casi sin viento y sin oleaje, llevando toda la energ\u00eda necesaria en [&hellip;]<\/p>\n","protected":false},"featured_media":119446,"template":"","meta":{"_acf_changed":false,"_uag_custom_page_level_css":""},"product_brand":[],"product_cat":[2476],"product_tag":[],"class_list":{"0":"post-124441","1":"product","2":"type-product","3":"status-publish","4":"has-post-thumbnail","6":"product_cat-lamina-de-alas","7":"product_shipping_class-lamina-completa-o-piezas-de-repuesto-unidad-de-ala-es","9":"first","10":"instock","11":"taxable","12":"shipping-taxable","13":"purchasable","14":"product-type-simple"},"acf":[],"yoast_head":"<!-- This site is optimized with the Yoast SEO plugin v25.1 - https:\/\/yoast.com\/wordpress\/plugins\/seo\/ -->\n<title>1260 HAU - SROKA Company<\/title>\n<meta name=\"description\" content=\"Destinado a todos los amantes del viento a favor que buscan un foil que se deslice r\u00e1pido y duro para todas las condiciones de viento ligero o oleaje.\" \/>\n<meta name=\"robots\" content=\"noindex, follow, max-snippet:-1, max-image-preview:large, max-video-preview:-1\" \/>\n<meta property=\"og:locale\" content=\"es_ES\" \/>\n<meta property=\"og:type\" content=\"article\" \/>\n<meta property=\"og:title\" content=\"1260 HAU - SROKA Company\" \/>\n<meta property=\"og:description\" content=\"Destinado a todos los amantes del viento a favor que buscan un foil que se deslice r\u00e1pido y duro para todas las condiciones de viento ligero o oleaje.\" \/>\n<meta property=\"og:url\" content=\"https:\/\/staging.srokafinal.lets-preprod.com\/es\/produit\/producto-1\/\" \/>\n<meta property=\"og:site_name\" content=\"SROKA Company\" \/>\n<meta property=\"article:publisher\" content=\"https:\/\/www.facebook.com\/srokawatersports\/\" \/>\n<meta property=\"article:modified_time\" content=\"2024-10-18T16:23:24+00:00\" \/>\n<meta property=\"og:image\" content=\"https:\/\/staging.srokafinal.lets-preprod.com\/wp-content\/uploads\/2024\/06\/1260.208.jpg\" \/>\n\t<meta property=\"og:image:width\" content=\"2560\" \/>\n\t<meta property=\"og:image:height\" content=\"1920\" \/>\n\t<meta property=\"og:image:type\" content=\"image\/jpeg\" \/>\n<meta name=\"twitter:label1\" content=\"Tiempo de lectura\" \/>\n\t<meta name=\"twitter:data1\" content=\"2 minutos\" \/>\n<script type=\"application\/ld+json\" class=\"yoast-schema-graph\">{\"@context\":\"https:\/\/schema.org\",\"@graph\":[{\"@type\":\"WebPage\",\"@id\":\"https:\/\/staging.srokafinal.lets-preprod.com\/es\/produit\/producto-1\/\",\"url\":\"https:\/\/staging.srokafinal.lets-preprod.com\/es\/produit\/producto-1\/\",\"name\":\"1260 HAU - SROKA Company\",\"isPartOf\":{\"@id\":\"https:\/\/staging.srokafinal.lets-preprod.com\/es\/#website\"},\"primaryImageOfPage\":{\"@id\":\"https:\/\/staging.srokafinal.lets-preprod.com\/es\/produit\/producto-1\/#primaryimage\"},\"image\":{\"@id\":\"https:\/\/staging.srokafinal.lets-preprod.com\/es\/produit\/producto-1\/#primaryimage\"},\"thumbnailUrl\":\"https:\/\/staging.srokafinal.lets-preprod.com\/wp-content\/uploads\/2024\/06\/1260.208.jpg\",\"datePublished\":\"2024-07-26T07:21:42+00:00\",\"dateModified\":\"2024-10-18T16:23:24+00:00\",\"description\":\"Destinado a todos los amantes del viento a favor que buscan un foil que se deslice r\u00e1pido y duro para todas las condiciones de viento ligero o oleaje.\",\"breadcrumb\":{\"@id\":\"https:\/\/staging.srokafinal.lets-preprod.com\/es\/produit\/producto-1\/#breadcrumb\"},\"inLanguage\":\"es\",\"potentialAction\":[{\"@type\":\"ReadAction\",\"target\":[\"https:\/\/staging.srokafinal.lets-preprod.com\/es\/produit\/producto-1\/\"]}]},{\"@type\":\"ImageObject\",\"inLanguage\":\"es\",\"@id\":\"https:\/\/staging.srokafinal.lets-preprod.com\/es\/produit\/producto-1\/#primaryimage\",\"url\":\"https:\/\/staging.srokafinal.lets-preprod.com\/wp-content\/uploads\/2024\/06\/1260.208.jpg\",\"contentUrl\":\"https:\/\/staging.srokafinal.lets-preprod.com\/wp-content\/uploads\/2024\/06\/1260.208.jpg\",\"width\":2560,\"height\":1920,\"caption\":\"Aler\u00f3n delantero UHA 1260 a sotavento\"},{\"@type\":\"BreadcrumbList\",\"@id\":\"https:\/\/staging.srokafinal.lets-preprod.com\/es\/produit\/producto-1\/#breadcrumb\",\"itemListElement\":[{\"@type\":\"ListItem\",\"position\":1,\"name\":\"Accueil\",\"item\":\"https:\/\/staging.srokafinal.lets-preprod.com\/es\/\"},{\"@type\":\"ListItem\",\"position\":2,\"name\":\"Boutique\",\"item\":\"https:\/\/staging.srokafinal.lets-preprod.com\/boutique\/\"},{\"@type\":\"ListItem\",\"position\":3,\"name\":\"1260 HAU\"}]},{\"@type\":\"WebSite\",\"@id\":\"https:\/\/staging.srokafinal.lets-preprod.com\/es\/#website\",\"url\":\"https:\/\/staging.srokafinal.lets-preprod.com\/es\/\",\"name\":\"SROKA Company\",\"description\":\"SUP, Kite, Foil, Wing\",\"publisher\":{\"@id\":\"https:\/\/staging.srokafinal.lets-preprod.com\/es\/#organization\"},\"potentialAction\":[{\"@type\":\"SearchAction\",\"target\":{\"@type\":\"EntryPoint\",\"urlTemplate\":\"https:\/\/staging.srokafinal.lets-preprod.com\/es\/?s={search_term_string}\"},\"query-input\":{\"@type\":\"PropertyValueSpecification\",\"valueRequired\":true,\"valueName\":\"search_term_string\"}}],\"inLanguage\":\"es\"},{\"@type\":\"Organization\",\"@id\":\"https:\/\/staging.srokafinal.lets-preprod.com\/es\/#organization\",\"name\":\"SROKACOMPANY\",\"alternateName\":\"SROKA\",\"url\":\"https:\/\/staging.srokafinal.lets-preprod.com\/es\/\",\"logo\":{\"@type\":\"ImageObject\",\"inLanguage\":\"es\",\"@id\":\"https:\/\/staging.srokafinal.lets-preprod.com\/es\/#\/schema\/logo\/image\/\",\"url\":\"https:\/\/staging.srokafinal.lets-preprod.com\/wp-content\/uploads\/2021\/01\/logo-sroka-black-transpa.png\",\"contentUrl\":\"https:\/\/staging.srokafinal.lets-preprod.com\/wp-content\/uploads\/2021\/01\/logo-sroka-black-transpa.png\",\"width\":1201,\"height\":342,\"caption\":\"SROKACOMPANY\"},\"image\":{\"@id\":\"https:\/\/staging.srokafinal.lets-preprod.com\/es\/#\/schema\/logo\/image\/\"},\"sameAs\":[\"https:\/\/www.facebook.com\/srokawatersports\/\",\"https:\/\/www.instagram.com\/srokawatersports\/\",\"https:\/\/www.youtube.com\/channel\/UCVLHHeaPIm-J5bdEUgxqtZA\"]}]}<\/script>\n<!-- \/ Yoast SEO plugin. -->","yoast_head_json":{"title":"1260 HAU - SROKA Company","description":"Destinado a todos los amantes del viento a favor que buscan un foil que se deslice r\u00e1pido y duro para todas las condiciones de viento ligero o oleaje.","robots":{"index":"noindex","follow":"follow","max-snippet":"max-snippet:-1","max-image-preview":"max-image-preview:large","max-video-preview":"max-video-preview:-1"},"og_locale":"es_ES","og_type":"article","og_title":"1260 HAU - SROKA Company","og_description":"Destinado a todos los amantes del viento a favor que buscan un foil que se deslice r\u00e1pido y duro para todas las condiciones de viento ligero o oleaje.","og_url":"https:\/\/staging.srokafinal.lets-preprod.com\/es\/produit\/producto-1\/","og_site_name":"SROKA Company","article_publisher":"https:\/\/www.facebook.com\/srokawatersports\/","article_modified_time":"2024-10-18T16:23:24+00:00","og_image":[{"width":2560,"height":1920,"url":"https:\/\/staging.srokafinal.lets-preprod.com\/wp-content\/uploads\/2024\/06\/1260.208.jpg","type":"image\/jpeg"}],"twitter_misc":{"Tiempo de lectura":"2 minutos"},"schema":{"@context":"https:\/\/schema.org","@graph":[{"@type":"WebPage","@id":"https:\/\/staging.srokafinal.lets-preprod.com\/es\/produit\/producto-1\/","url":"https:\/\/staging.srokafinal.lets-preprod.com\/es\/produit\/producto-1\/","name":"1260 HAU - SROKA Company","isPartOf":{"@id":"https:\/\/staging.srokafinal.lets-preprod.com\/es\/#website"},"primaryImageOfPage":{"@id":"https:\/\/staging.srokafinal.lets-preprod.com\/es\/produit\/producto-1\/#primaryimage"},"image":{"@id":"https:\/\/staging.srokafinal.lets-preprod.com\/es\/produit\/producto-1\/#primaryimage"},"thumbnailUrl":"https:\/\/staging.srokafinal.lets-preprod.com\/wp-content\/uploads\/2024\/06\/1260.208.jpg","datePublished":"2024-07-26T07:21:42+00:00","dateModified":"2024-10-18T16:23:24+00:00","description":"Destinado a todos los amantes del viento a favor que buscan un foil que se deslice r\u00e1pido y duro para todas las condiciones de viento ligero o oleaje.","breadcrumb":{"@id":"https:\/\/staging.srokafinal.lets-preprod.com\/es\/produit\/producto-1\/#breadcrumb"},"inLanguage":"es","potentialAction":[{"@type":"ReadAction","target":["https:\/\/staging.srokafinal.lets-preprod.com\/es\/produit\/producto-1\/"]}]},{"@type":"ImageObject","inLanguage":"es","@id":"https:\/\/staging.srokafinal.lets-preprod.com\/es\/produit\/producto-1\/#primaryimage","url":"https:\/\/staging.srokafinal.lets-preprod.com\/wp-content\/uploads\/2024\/06\/1260.208.jpg","contentUrl":"https:\/\/staging.srokafinal.lets-preprod.com\/wp-content\/uploads\/2024\/06\/1260.208.jpg","width":2560,"height":1920,"caption":"Aler\u00f3n delantero UHA 1260 a sotavento"},{"@type":"BreadcrumbList","@id":"https:\/\/staging.srokafinal.lets-preprod.com\/es\/produit\/producto-1\/#breadcrumb","itemListElement":[{"@type":"ListItem","position":1,"name":"Accueil","item":"https:\/\/staging.srokafinal.lets-preprod.com\/es\/"},{"@type":"ListItem","position":2,"name":"Boutique","item":"https:\/\/staging.srokafinal.lets-preprod.com\/boutique\/"},{"@type":"ListItem","position":3,"name":"1260 HAU"}]},{"@type":"WebSite","@id":"https:\/\/staging.srokafinal.lets-preprod.com\/es\/#website","url":"https:\/\/staging.srokafinal.lets-preprod.com\/es\/","name":"SROKA Company","description":"SUP, Kite, Foil, Wing","publisher":{"@id":"https:\/\/staging.srokafinal.lets-preprod.com\/es\/#organization"},"potentialAction":[{"@type":"SearchAction","target":{"@type":"EntryPoint","urlTemplate":"https:\/\/staging.srokafinal.lets-preprod.com\/es\/?s={search_term_string}"},"query-input":{"@type":"PropertyValueSpecification","valueRequired":true,"valueName":"search_term_string"}}],"inLanguage":"es"},{"@type":"Organization","@id":"https:\/\/staging.srokafinal.lets-preprod.com\/es\/#organization","name":"SROKACOMPANY","alternateName":"SROKA","url":"https:\/\/staging.srokafinal.lets-preprod.com\/es\/","logo":{"@type":"ImageObject","inLanguage":"es","@id":"https:\/\/staging.srokafinal.lets-preprod.com\/es\/#\/schema\/logo\/image\/","url":"https:\/\/staging.srokafinal.lets-preprod.com\/wp-content\/uploads\/2021\/01\/logo-sroka-black-transpa.png","contentUrl":"https:\/\/staging.srokafinal.lets-preprod.com\/wp-content\/uploads\/2021\/01\/logo-sroka-black-transpa.png","width":1201,"height":342,"caption":"SROKACOMPANY"},"image":{"@id":"https:\/\/staging.srokafinal.lets-preprod.com\/es\/#\/schema\/logo\/image\/"},"sameAs":["https:\/\/www.facebook.com\/srokawatersports\/","https:\/\/www.instagram.com\/srokawatersports\/","https:\/\/www.youtube.com\/channel\/UCVLHHeaPIm-J5bdEUgxqtZA"]}]}},"uagb_featured_image_src":{"full":["https:\/\/staging.srokafinal.lets-preprod.com\/wp-content\/uploads\/2024\/06\/1260.208.jpg",2560,1920,false],"thumbnail":["https:\/\/staging.srokafinal.lets-preprod.com\/wp-content\/uploads\/2024\/06\/1260.208-150x150.jpg",150,150,true],"medium":["https:\/\/staging.srokafinal.lets-preprod.com\/wp-content\/uploads\/2024\/06\/1260.208-300x225.jpg",300,225,true],"medium_large":["https:\/\/staging.srokafinal.lets-preprod.com\/wp-content\/uploads\/2024\/06\/1260.208-768x576.jpg",768,576,true],"large":["https:\/\/staging.srokafinal.lets-preprod.com\/wp-content\/uploads\/2024\/06\/1260.208-1024x768.jpg",1024,768,true],"1536x1536":["https:\/\/staging.srokafinal.lets-preprod.com\/wp-content\/uploads\/2024\/06\/1260.208-1536x1152.jpg",1536,1152,true],"2048x2048":["https:\/\/staging.srokafinal.lets-preprod.com\/wp-content\/uploads\/2024\/06\/1260.208-2048x1536.jpg",2048,1536,true],"woocommerce_thumbnail":["https:\/\/staging.srokafinal.lets-preprod.com\/wp-content\/uploads\/2024\/06\/1260.208-600x450.jpg",600,450,true],"woocommerce_single":["https:\/\/staging.srokafinal.lets-preprod.com\/wp-content\/uploads\/2024\/06\/1260.208-600x450.jpg",600,450,true],"woocommerce_gallery_thumbnail":["https:\/\/staging.srokafinal.lets-preprod.com\/wp-content\/uploads\/2024\/06\/1260.208-100x100.jpg",100,100,true]},"uagb_author_info":{"display_name":"Cl\u00e9ment Beaurain","author_link":"https:\/\/staging.srokafinal.lets-preprod.com\/es\/blog\/author\/"},"uagb_comment_info":0,"uagb_excerpt":"Volando como un p\u00e1jaro rozando la cresta de las olas a pleno rendimiento velocidad Al descender el oleaje entrena sin esfuerzo. Esto se hace realidad con nuestra gama UHA: Ultra High Aspect Ratio. Esta gama con una gran envergadura te permite hacer foil casi sin viento y sin oleaje, llevando toda la energ\u00eda necesaria en&hellip;","_links":{"self":[{"href":"https:\/\/staging.srokafinal.lets-preprod.com\/es\/wp-json\/wp\/v2\/product\/124441","targetHints":{"allow":["GET"]}}],"collection":[{"href":"https:\/\/staging.srokafinal.lets-preprod.com\/es\/wp-json\/wp\/v2\/product"}],"about":[{"href":"https:\/\/staging.srokafinal.lets-preprod.com\/es\/wp-json\/wp\/v2\/types\/product"}],"wp:featuredmedia":[{"embeddable":true,"href":"https:\/\/staging.srokafinal.lets-preprod.com\/es\/wp-json\/wp\/v2\/media\/119446"}],"wp:attachment":[{"href":"https:\/\/staging.srokafinal.lets-preprod.com\/es\/wp-json\/wp\/v2\/media?parent=124441"}],"wp:term":[{"taxonomy":"product_brand","embeddable":true,"href":"https:\/\/staging.srokafinal.lets-preprod.com\/es\/wp-json\/wp\/v2\/product_brand?post=124441"},{"taxonomy":"product_cat","embeddable":true,"href":"https:\/\/staging.srokafinal.lets-preprod.com\/es\/wp-json\/wp\/v2\/product_cat?post=124441"},{"taxonomy":"product_tag","embeddable":true,"href":"https:\/\/staging.srokafinal.lets-preprod.com\/es\/wp-json\/wp\/v2\/product_tag?post=124441"}],"curies":[{"name":"wp","href":"https:\/\/api.w.org\/{rel}","templated":true}]}}