


{"id":124444,"date":"2024-07-26T07:22:12","date_gmt":"2024-07-26T05:22:12","guid":{"rendered":"https:\/\/srokacompany.com\/produit\/producto-2\/"},"modified":"2024-10-18T16:21:12","modified_gmt":"2024-10-18T16:21:12","slug":"producto-2","status":"publish","type":"product","link":"https:\/\/staging.srokafinal.lets-preprod.com\/es\/produit\/producto-2\/","title":{"rendered":"1100 HAU"},"content":{"rendered":"<hr>\n<p class=\"p1\"><strong>En stock<\/strong><\/p>\n<p>Planea como un p\u00e1jaro rozando la cresta de las olas a toda velocidad mientras desciendes por los trenes de oleaje sin esfuerzo. Esto se hace realidad con nuestra gama UHA: Ultra High Aspect Ratio. Esta gama, con una gran envergadura, permite hacer foil casi sin viento y sin oleaje, tomando toda la energ\u00eda necesaria del oleaje para hacer foil. Si est\u00e1s buscando una cometa para ir r\u00e1pido a sotavento o a sotavento con ala, las cometas UHA han sido creadas para ti y te sorprender\u00e1n por su facilidad y rendimiento. Esta gama consta de 4 tama\u00f1os de ala: 800 UHA (800 cm\u00b2), 930 UHA (930 cm\u00b2), 1100 UHA (1100 cm\u00b2), 1260 UHA (1260 cm\u00b2). Esta gama se adapta perfectamente a las gamas de tablas LW y DW y Superfly.   <\/p>\n<p>Sobre la base del \u00e9xito de la gama HA Speed, decidimos aplicar el mismo perfil para proporcionar el mismo despegue suave pero con un rendimiento de velocidad impresionante. Es imposible decepcionarse con esta gama UHA: Speed, Glide y Handling son las tres palabras que mejor caracterizan a esta nueva gama.<\/p>\n<p><strong>El 1100 UHA es un buen todoterreno para cualquiera que quiera volar f\u00e1cilmente en vela, ir contra el viento como un loco, deslizarse sin esfuerzo y bajar por los trenes de oleaje m\u00e1s potentes.<br \/>\nLe permitir\u00e1 alcanzar Vmax alrededor de 25 nudos. <\/strong>  \u00a1\u00a1Aceleraci\u00f3n garantizada!!<\/p>\n","protected":false},"excerpt":{"rendered":"<p>En stock Planea como un p\u00e1jaro rozando la cresta de las olas a toda velocidad mientras desciendes por los trenes de oleaje sin esfuerzo. Esto se hace realidad con nuestra gama UHA: Ultra High Aspect Ratio. Esta gama, con una gran envergadura, permite hacer foil casi sin viento y sin oleaje, tomando toda la energ\u00eda [&hellip;]<\/p>\n","protected":false},"featured_media":130387,"template":"","meta":{"_acf_changed":false,"_uag_custom_page_level_css":""},"product_brand":[],"product_cat":[2476],"product_tag":[],"class_list":{"0":"post-124444","1":"product","2":"type-product","3":"status-publish","4":"has-post-thumbnail","6":"product_cat-lamina-de-alas","7":"product_shipping_class-lamina-completa-o-piezas-de-repuesto-unidad-de-ala-es-2","9":"first","10":"instock","11":"taxable","12":"shipping-taxable","13":"purchasable","14":"product-type-simple"},"acf":[],"yoast_head":"<!-- This site is optimized with the Yoast SEO plugin v25.1 - https:\/\/yoast.com\/wordpress\/plugins\/seo\/ -->\n<title>1100 HAU - SROKA Company<\/title>\n<meta name=\"description\" content=\"Downwind, Freefly son tus pasiones, la 1100 UHA ha sido dise\u00f1ada para estas dos disciplinas. Un papel de aluminio que va r\u00e1pido y flota\" \/>\n<meta name=\"robots\" content=\"noindex, follow, max-snippet:-1, max-image-preview:large, max-video-preview:-1\" \/>\n<meta property=\"og:locale\" content=\"es_ES\" \/>\n<meta property=\"og:type\" content=\"article\" \/>\n<meta property=\"og:title\" content=\"1100 HAU - SROKA Company\" \/>\n<meta property=\"og:description\" content=\"Downwind, Freefly son tus pasiones, la 1100 UHA ha sido dise\u00f1ada para estas dos disciplinas. Un papel de aluminio que va r\u00e1pido y flota\" \/>\n<meta property=\"og:url\" content=\"https:\/\/staging.srokafinal.lets-preprod.com\/es\/produit\/producto-2\/\" \/>\n<meta property=\"og:site_name\" content=\"SROKA Company\" \/>\n<meta property=\"article:publisher\" content=\"https:\/\/www.facebook.com\/srokawatersports\/\" \/>\n<meta property=\"article:modified_time\" content=\"2024-10-18T16:21:12+00:00\" \/>\n<meta property=\"og:image\" content=\"https:\/\/staging.srokafinal.lets-preprod.com\/wp-content\/uploads\/2024\/07\/1100-UHA-2.jpg\" \/>\n\t<meta property=\"og:image:width\" content=\"1200\" \/>\n\t<meta property=\"og:image:height\" content=\"912\" \/>\n\t<meta property=\"og:image:type\" content=\"image\/jpeg\" \/>\n<meta name=\"twitter:label1\" content=\"Tiempo de lectura\" \/>\n\t<meta name=\"twitter:data1\" content=\"1 minuto\" \/>\n<script type=\"application\/ld+json\" class=\"yoast-schema-graph\">{\"@context\":\"https:\/\/schema.org\",\"@graph\":[{\"@type\":\"WebPage\",\"@id\":\"https:\/\/staging.srokafinal.lets-preprod.com\/es\/produit\/producto-2\/\",\"url\":\"https:\/\/staging.srokafinal.lets-preprod.com\/es\/produit\/producto-2\/\",\"name\":\"1100 HAU - SROKA Company\",\"isPartOf\":{\"@id\":\"https:\/\/staging.srokafinal.lets-preprod.com\/es\/#website\"},\"primaryImageOfPage\":{\"@id\":\"https:\/\/staging.srokafinal.lets-preprod.com\/es\/produit\/producto-2\/#primaryimage\"},\"image\":{\"@id\":\"https:\/\/staging.srokafinal.lets-preprod.com\/es\/produit\/producto-2\/#primaryimage\"},\"thumbnailUrl\":\"https:\/\/staging.srokafinal.lets-preprod.com\/wp-content\/uploads\/2024\/07\/1100-UHA-2.jpg\",\"datePublished\":\"2024-07-26T05:22:12+00:00\",\"dateModified\":\"2024-10-18T16:21:12+00:00\",\"description\":\"Downwind, Freefly son tus pasiones, la 1100 UHA ha sido dise\u00f1ada para estas dos disciplinas. Un papel de aluminio que va r\u00e1pido y flota\",\"breadcrumb\":{\"@id\":\"https:\/\/staging.srokafinal.lets-preprod.com\/es\/produit\/producto-2\/#breadcrumb\"},\"inLanguage\":\"es\",\"potentialAction\":[{\"@type\":\"ReadAction\",\"target\":[\"https:\/\/staging.srokafinal.lets-preprod.com\/es\/produit\/producto-2\/\"]}]},{\"@type\":\"ImageObject\",\"inLanguage\":\"es\",\"@id\":\"https:\/\/staging.srokafinal.lets-preprod.com\/es\/produit\/producto-2\/#primaryimage\",\"url\":\"https:\/\/staging.srokafinal.lets-preprod.com\/wp-content\/uploads\/2024\/07\/1100-UHA-2.jpg\",\"contentUrl\":\"https:\/\/staging.srokafinal.lets-preprod.com\/wp-content\/uploads\/2024\/07\/1100-UHA-2.jpg\",\"width\":1200,\"height\":912},{\"@type\":\"BreadcrumbList\",\"@id\":\"https:\/\/staging.srokafinal.lets-preprod.com\/es\/produit\/producto-2\/#breadcrumb\",\"itemListElement\":[{\"@type\":\"ListItem\",\"position\":1,\"name\":\"Accueil\",\"item\":\"https:\/\/staging.srokafinal.lets-preprod.com\/es\/\"},{\"@type\":\"ListItem\",\"position\":2,\"name\":\"Boutique\",\"item\":\"https:\/\/staging.srokafinal.lets-preprod.com\/boutique\/\"},{\"@type\":\"ListItem\",\"position\":3,\"name\":\"1100 HAU\"}]},{\"@type\":\"WebSite\",\"@id\":\"https:\/\/staging.srokafinal.lets-preprod.com\/es\/#website\",\"url\":\"https:\/\/staging.srokafinal.lets-preprod.com\/es\/\",\"name\":\"SROKA Company\",\"description\":\"SUP, Kite, Foil, Wing\",\"publisher\":{\"@id\":\"https:\/\/staging.srokafinal.lets-preprod.com\/es\/#organization\"},\"potentialAction\":[{\"@type\":\"SearchAction\",\"target\":{\"@type\":\"EntryPoint\",\"urlTemplate\":\"https:\/\/staging.srokafinal.lets-preprod.com\/es\/?s={search_term_string}\"},\"query-input\":{\"@type\":\"PropertyValueSpecification\",\"valueRequired\":true,\"valueName\":\"search_term_string\"}}],\"inLanguage\":\"es\"},{\"@type\":\"Organization\",\"@id\":\"https:\/\/staging.srokafinal.lets-preprod.com\/es\/#organization\",\"name\":\"SROKACOMPANY\",\"alternateName\":\"SROKA\",\"url\":\"https:\/\/staging.srokafinal.lets-preprod.com\/es\/\",\"logo\":{\"@type\":\"ImageObject\",\"inLanguage\":\"es\",\"@id\":\"https:\/\/staging.srokafinal.lets-preprod.com\/es\/#\/schema\/logo\/image\/\",\"url\":\"https:\/\/staging.srokafinal.lets-preprod.com\/wp-content\/uploads\/2021\/01\/logo-sroka-black-transpa.png\",\"contentUrl\":\"https:\/\/staging.srokafinal.lets-preprod.com\/wp-content\/uploads\/2021\/01\/logo-sroka-black-transpa.png\",\"width\":1201,\"height\":342,\"caption\":\"SROKACOMPANY\"},\"image\":{\"@id\":\"https:\/\/staging.srokafinal.lets-preprod.com\/es\/#\/schema\/logo\/image\/\"},\"sameAs\":[\"https:\/\/www.facebook.com\/srokawatersports\/\",\"https:\/\/www.instagram.com\/srokawatersports\/\",\"https:\/\/www.youtube.com\/channel\/UCVLHHeaPIm-J5bdEUgxqtZA\"]}]}<\/script>\n<!-- \/ Yoast SEO plugin. -->","yoast_head_json":{"title":"1100 HAU - SROKA Company","description":"Downwind, Freefly son tus pasiones, la 1100 UHA ha sido dise\u00f1ada para estas dos disciplinas. Un papel de aluminio que va r\u00e1pido y flota","robots":{"index":"noindex","follow":"follow","max-snippet":"max-snippet:-1","max-image-preview":"max-image-preview:large","max-video-preview":"max-video-preview:-1"},"og_locale":"es_ES","og_type":"article","og_title":"1100 HAU - SROKA Company","og_description":"Downwind, Freefly son tus pasiones, la 1100 UHA ha sido dise\u00f1ada para estas dos disciplinas. Un papel de aluminio que va r\u00e1pido y flota","og_url":"https:\/\/staging.srokafinal.lets-preprod.com\/es\/produit\/producto-2\/","og_site_name":"SROKA Company","article_publisher":"https:\/\/www.facebook.com\/srokawatersports\/","article_modified_time":"2024-10-18T16:21:12+00:00","og_image":[{"width":1200,"height":912,"url":"https:\/\/staging.srokafinal.lets-preprod.com\/wp-content\/uploads\/2024\/07\/1100-UHA-2.jpg","type":"image\/jpeg"}],"twitter_misc":{"Tiempo de lectura":"1 minuto"},"schema":{"@context":"https:\/\/schema.org","@graph":[{"@type":"WebPage","@id":"https:\/\/staging.srokafinal.lets-preprod.com\/es\/produit\/producto-2\/","url":"https:\/\/staging.srokafinal.lets-preprod.com\/es\/produit\/producto-2\/","name":"1100 HAU - SROKA Company","isPartOf":{"@id":"https:\/\/staging.srokafinal.lets-preprod.com\/es\/#website"},"primaryImageOfPage":{"@id":"https:\/\/staging.srokafinal.lets-preprod.com\/es\/produit\/producto-2\/#primaryimage"},"image":{"@id":"https:\/\/staging.srokafinal.lets-preprod.com\/es\/produit\/producto-2\/#primaryimage"},"thumbnailUrl":"https:\/\/staging.srokafinal.lets-preprod.com\/wp-content\/uploads\/2024\/07\/1100-UHA-2.jpg","datePublished":"2024-07-26T05:22:12+00:00","dateModified":"2024-10-18T16:21:12+00:00","description":"Downwind, Freefly son tus pasiones, la 1100 UHA ha sido dise\u00f1ada para estas dos disciplinas. Un papel de aluminio que va r\u00e1pido y flota","breadcrumb":{"@id":"https:\/\/staging.srokafinal.lets-preprod.com\/es\/produit\/producto-2\/#breadcrumb"},"inLanguage":"es","potentialAction":[{"@type":"ReadAction","target":["https:\/\/staging.srokafinal.lets-preprod.com\/es\/produit\/producto-2\/"]}]},{"@type":"ImageObject","inLanguage":"es","@id":"https:\/\/staging.srokafinal.lets-preprod.com\/es\/produit\/producto-2\/#primaryimage","url":"https:\/\/staging.srokafinal.lets-preprod.com\/wp-content\/uploads\/2024\/07\/1100-UHA-2.jpg","contentUrl":"https:\/\/staging.srokafinal.lets-preprod.com\/wp-content\/uploads\/2024\/07\/1100-UHA-2.jpg","width":1200,"height":912},{"@type":"BreadcrumbList","@id":"https:\/\/staging.srokafinal.lets-preprod.com\/es\/produit\/producto-2\/#breadcrumb","itemListElement":[{"@type":"ListItem","position":1,"name":"Accueil","item":"https:\/\/staging.srokafinal.lets-preprod.com\/es\/"},{"@type":"ListItem","position":2,"name":"Boutique","item":"https:\/\/staging.srokafinal.lets-preprod.com\/boutique\/"},{"@type":"ListItem","position":3,"name":"1100 HAU"}]},{"@type":"WebSite","@id":"https:\/\/staging.srokafinal.lets-preprod.com\/es\/#website","url":"https:\/\/staging.srokafinal.lets-preprod.com\/es\/","name":"SROKA Company","description":"SUP, Kite, Foil, Wing","publisher":{"@id":"https:\/\/staging.srokafinal.lets-preprod.com\/es\/#organization"},"potentialAction":[{"@type":"SearchAction","target":{"@type":"EntryPoint","urlTemplate":"https:\/\/staging.srokafinal.lets-preprod.com\/es\/?s={search_term_string}"},"query-input":{"@type":"PropertyValueSpecification","valueRequired":true,"valueName":"search_term_string"}}],"inLanguage":"es"},{"@type":"Organization","@id":"https:\/\/staging.srokafinal.lets-preprod.com\/es\/#organization","name":"SROKACOMPANY","alternateName":"SROKA","url":"https:\/\/staging.srokafinal.lets-preprod.com\/es\/","logo":{"@type":"ImageObject","inLanguage":"es","@id":"https:\/\/staging.srokafinal.lets-preprod.com\/es\/#\/schema\/logo\/image\/","url":"https:\/\/staging.srokafinal.lets-preprod.com\/wp-content\/uploads\/2021\/01\/logo-sroka-black-transpa.png","contentUrl":"https:\/\/staging.srokafinal.lets-preprod.com\/wp-content\/uploads\/2021\/01\/logo-sroka-black-transpa.png","width":1201,"height":342,"caption":"SROKACOMPANY"},"image":{"@id":"https:\/\/staging.srokafinal.lets-preprod.com\/es\/#\/schema\/logo\/image\/"},"sameAs":["https:\/\/www.facebook.com\/srokawatersports\/","https:\/\/www.instagram.com\/srokawatersports\/","https:\/\/www.youtube.com\/channel\/UCVLHHeaPIm-J5bdEUgxqtZA"]}]}},"uagb_featured_image_src":{"full":["https:\/\/staging.srokafinal.lets-preprod.com\/wp-content\/uploads\/2024\/07\/1100-UHA-2.jpg",1200,912,false],"thumbnail":["https:\/\/staging.srokafinal.lets-preprod.com\/wp-content\/uploads\/2024\/07\/1100-UHA-2-150x150.jpg",150,150,true],"medium":["https:\/\/staging.srokafinal.lets-preprod.com\/wp-content\/uploads\/2024\/07\/1100-UHA-2-300x228.jpg",300,228,true],"medium_large":["https:\/\/staging.srokafinal.lets-preprod.com\/wp-content\/uploads\/2024\/07\/1100-UHA-2-768x584.jpg",768,584,true],"large":["https:\/\/staging.srokafinal.lets-preprod.com\/wp-content\/uploads\/2024\/07\/1100-UHA-2-1024x778.jpg",1024,778,true],"1536x1536":["https:\/\/staging.srokafinal.lets-preprod.com\/wp-content\/uploads\/2024\/07\/1100-UHA-2.jpg",1200,912,false],"2048x2048":["https:\/\/staging.srokafinal.lets-preprod.com\/wp-content\/uploads\/2024\/07\/1100-UHA-2.jpg",1200,912,false],"woocommerce_thumbnail":["https:\/\/staging.srokafinal.lets-preprod.com\/wp-content\/uploads\/2024\/07\/1100-UHA-2-600x456.jpg",600,456,true],"woocommerce_single":["https:\/\/staging.srokafinal.lets-preprod.com\/wp-content\/uploads\/2024\/07\/1100-UHA-2-600x456.jpg",600,456,true],"woocommerce_gallery_thumbnail":["https:\/\/staging.srokafinal.lets-preprod.com\/wp-content\/uploads\/2024\/07\/1100-UHA-2-100x100.jpg",100,100,true]},"uagb_author_info":{"display_name":"Cl\u00e9ment Beaurain","author_link":"https:\/\/staging.srokafinal.lets-preprod.com\/es\/blog\/author\/"},"uagb_comment_info":0,"uagb_excerpt":"En stock Planea como un p\u00e1jaro rozando la cresta de las olas a toda velocidad mientras desciendes por los trenes de oleaje sin esfuerzo. Esto se hace realidad con nuestra gama UHA: Ultra High Aspect Ratio. Esta gama, con una gran envergadura, permite hacer foil casi sin viento y sin oleaje, tomando toda la energ\u00eda&hellip;","_links":{"self":[{"href":"https:\/\/staging.srokafinal.lets-preprod.com\/es\/wp-json\/wp\/v2\/product\/124444","targetHints":{"allow":["GET"]}}],"collection":[{"href":"https:\/\/staging.srokafinal.lets-preprod.com\/es\/wp-json\/wp\/v2\/product"}],"about":[{"href":"https:\/\/staging.srokafinal.lets-preprod.com\/es\/wp-json\/wp\/v2\/types\/product"}],"wp:featuredmedia":[{"embeddable":true,"href":"https:\/\/staging.srokafinal.lets-preprod.com\/es\/wp-json\/wp\/v2\/media\/130387"}],"wp:attachment":[{"href":"https:\/\/staging.srokafinal.lets-preprod.com\/es\/wp-json\/wp\/v2\/media?parent=124444"}],"wp:term":[{"taxonomy":"product_brand","embeddable":true,"href":"https:\/\/staging.srokafinal.lets-preprod.com\/es\/wp-json\/wp\/v2\/product_brand?post=124444"},{"taxonomy":"product_cat","embeddable":true,"href":"https:\/\/staging.srokafinal.lets-preprod.com\/es\/wp-json\/wp\/v2\/product_cat?post=124444"},{"taxonomy":"product_tag","embeddable":true,"href":"https:\/\/staging.srokafinal.lets-preprod.com\/es\/wp-json\/wp\/v2\/product_tag?post=124444"}],"curies":[{"name":"wp","href":"https:\/\/api.w.org\/{rel}","templated":true}]}}