


{"id":124478,"date":"2024-07-26T07:23:53","date_gmt":"2024-07-26T05:23:53","guid":{"rendered":"https:\/\/srokacompany.com\/produit\/producto-3\/"},"modified":"2024-10-18T16:21:20","modified_gmt":"2024-10-18T16:21:20","slug":"producto-3","status":"publish","type":"product","link":"https:\/\/staging.srokafinal.lets-preprod.com\/es\/produit\/producto-3\/","title":{"rendered":"930 HUA"},"content":{"rendered":"<hr>\n<p><strong>El 930 UHA te llevar\u00e1 a otro mundo.<\/strong>  Si pensabas que lo hab\u00edas visto todo, pi\u00e9nsalo de nuevo.<br \/>\n\u00bfTener el ascensor de un 1200 cm\u00b2 y la velocidad de un 900 es tu sue\u00f1o?<br \/>\nLo logramos.<br \/>\nF\u00e1cil de usar, te permitir\u00e1 salir muy temprano y volar a velocidades incre\u00edbles.<br \/>\nPlanea como un p\u00e1jaro rozando la cresta de las olas a toda velocidad mientras desciendes por los trenes de oleaje sin esfuerzo.<br \/>\nEsto se hace realidad con nuestra gama UHA:U   <\/p>\n<p> <strong>Relaci\u00f3n de aspecto alta ltra. Esta gama con una gran envergadura te permite hacer foil casi sin viento y sin oleaje, llevando toda la energ\u00eda necesaria en el oleaje para hacer foil.<\/strong>  Si est\u00e1s buscando una cometa para ir r\u00e1pido a sotavento o a sotavento con ala, las cometas UHA han sido creadas para ti y te sorprender\u00e1n por su facilidad y rendimiento. Esta <strong>gama consta de 4 tama\u00f1os de ala:<\/strong> 800 UHA (800 cm\u00b2), 930 UHA (930 cm\u00b2), 1100 UHA (1100 cm\u00b2), 1260 UHA (1260 cm\u00b2). Esta gama se adapta perfectamente a las gamas de tablas LW y DW y Superfly.  <\/p>\n<p>Sobre la base del \u00e9xito de la gama HA Speed, decidimos aplicar el mismo perfil para proporcionar el mismo despegue suave pero con un rendimiento de velocidad impresionante. Es imposible decepcionarse con esta gama UHA: Speed<strong>, Glide y Handling son las tres palabras que mejor caracterizan esta nueva gama.<\/strong><\/p>\n","protected":false},"excerpt":{"rendered":"<p>El 930 UHA te llevar\u00e1 a otro mundo. Si pensabas que lo hab\u00edas visto todo, pi\u00e9nsalo de nuevo. \u00bfTener el ascensor de un 1200 cm\u00b2 y la velocidad de un 900 es tu sue\u00f1o? Lo logramos. F\u00e1cil de usar, te permitir\u00e1 salir muy temprano y volar a velocidades incre\u00edbles. Planea como un p\u00e1jaro rozando la [&hellip;]<\/p>\n","protected":false},"featured_media":119502,"template":"","meta":{"_acf_changed":false,"_uag_custom_page_level_css":""},"product_brand":[],"product_cat":[2476],"product_tag":[],"class_list":{"0":"post-124478","1":"product","2":"type-product","3":"status-publish","4":"has-post-thumbnail","6":"product_cat-lamina-de-alas","7":"product_shipping_class-lamina-completa-o-piezas-de-repuesto-unidad-de-ala","9":"first","10":"instock","11":"taxable","12":"shipping-taxable","13":"purchasable","14":"product-type-simple"},"acf":[],"yoast_head":"<!-- This site is optimized with the Yoast SEO plugin v25.1 - https:\/\/yoast.com\/wordpress\/plugins\/seo\/ -->\n<title>930 HUA - SROKA Company<\/title>\n<meta name=\"description\" content=\"Fast downwind - Pumping - Pump race, Sup - Sup race- downwind son todos los distintivos de esta nueva 930 UHA.\" \/>\n<meta name=\"robots\" content=\"noindex, follow, max-snippet:-1, max-image-preview:large, max-video-preview:-1\" \/>\n<meta property=\"og:locale\" content=\"es_ES\" \/>\n<meta property=\"og:type\" content=\"article\" \/>\n<meta property=\"og:title\" content=\"930 HUA - SROKA Company\" \/>\n<meta property=\"og:description\" content=\"Fast downwind - Pumping - Pump race, Sup - Sup race- downwind son todos los distintivos de esta nueva 930 UHA.\" \/>\n<meta property=\"og:url\" content=\"https:\/\/staging.srokafinal.lets-preprod.com\/es\/produit\/producto-3\/\" \/>\n<meta property=\"og:site_name\" content=\"SROKA Company\" \/>\n<meta property=\"article:publisher\" content=\"https:\/\/www.facebook.com\/srokawatersports\/\" \/>\n<meta property=\"article:modified_time\" content=\"2024-10-18T16:21:20+00:00\" \/>\n<meta property=\"og:image\" content=\"https:\/\/staging.srokafinal.lets-preprod.com\/wp-content\/uploads\/2024\/06\/930.200.jpg\" \/>\n\t<meta property=\"og:image:width\" content=\"2560\" \/>\n\t<meta property=\"og:image:height\" content=\"1920\" \/>\n\t<meta property=\"og:image:type\" content=\"image\/jpeg\" \/>\n<meta name=\"twitter:label1\" content=\"Tiempo de lectura\" \/>\n\t<meta name=\"twitter:data1\" content=\"1 minuto\" \/>\n<script type=\"application\/ld+json\" class=\"yoast-schema-graph\">{\"@context\":\"https:\/\/schema.org\",\"@graph\":[{\"@type\":\"WebPage\",\"@id\":\"https:\/\/staging.srokafinal.lets-preprod.com\/es\/produit\/producto-3\/\",\"url\":\"https:\/\/staging.srokafinal.lets-preprod.com\/es\/produit\/producto-3\/\",\"name\":\"930 HUA - SROKA Company\",\"isPartOf\":{\"@id\":\"https:\/\/staging.srokafinal.lets-preprod.com\/es\/#website\"},\"primaryImageOfPage\":{\"@id\":\"https:\/\/staging.srokafinal.lets-preprod.com\/es\/produit\/producto-3\/#primaryimage\"},\"image\":{\"@id\":\"https:\/\/staging.srokafinal.lets-preprod.com\/es\/produit\/producto-3\/#primaryimage\"},\"thumbnailUrl\":\"https:\/\/staging.srokafinal.lets-preprod.com\/wp-content\/uploads\/2024\/06\/930.200.jpg\",\"datePublished\":\"2024-07-26T05:23:53+00:00\",\"dateModified\":\"2024-10-18T16:21:20+00:00\",\"description\":\"Fast downwind - Pumping - Pump race, Sup - Sup race- downwind son todos los distintivos de esta nueva 930 UHA.\",\"breadcrumb\":{\"@id\":\"https:\/\/staging.srokafinal.lets-preprod.com\/es\/produit\/producto-3\/#breadcrumb\"},\"inLanguage\":\"es\",\"potentialAction\":[{\"@type\":\"ReadAction\",\"target\":[\"https:\/\/staging.srokafinal.lets-preprod.com\/es\/produit\/producto-3\/\"]}]},{\"@type\":\"ImageObject\",\"inLanguage\":\"es\",\"@id\":\"https:\/\/staging.srokafinal.lets-preprod.com\/es\/produit\/producto-3\/#primaryimage\",\"url\":\"https:\/\/staging.srokafinal.lets-preprod.com\/wp-content\/uploads\/2024\/06\/930.200.jpg\",\"contentUrl\":\"https:\/\/staging.srokafinal.lets-preprod.com\/wp-content\/uploads\/2024\/06\/930.200.jpg\",\"width\":2560,\"height\":1920},{\"@type\":\"BreadcrumbList\",\"@id\":\"https:\/\/staging.srokafinal.lets-preprod.com\/es\/produit\/producto-3\/#breadcrumb\",\"itemListElement\":[{\"@type\":\"ListItem\",\"position\":1,\"name\":\"Accueil\",\"item\":\"https:\/\/staging.srokafinal.lets-preprod.com\/es\/\"},{\"@type\":\"ListItem\",\"position\":2,\"name\":\"Boutique\",\"item\":\"https:\/\/staging.srokafinal.lets-preprod.com\/boutique\/\"},{\"@type\":\"ListItem\",\"position\":3,\"name\":\"930 HUA\"}]},{\"@type\":\"WebSite\",\"@id\":\"https:\/\/staging.srokafinal.lets-preprod.com\/es\/#website\",\"url\":\"https:\/\/staging.srokafinal.lets-preprod.com\/es\/\",\"name\":\"SROKA Company\",\"description\":\"SUP, Kite, Foil, Wing\",\"publisher\":{\"@id\":\"https:\/\/staging.srokafinal.lets-preprod.com\/es\/#organization\"},\"potentialAction\":[{\"@type\":\"SearchAction\",\"target\":{\"@type\":\"EntryPoint\",\"urlTemplate\":\"https:\/\/staging.srokafinal.lets-preprod.com\/es\/?s={search_term_string}\"},\"query-input\":{\"@type\":\"PropertyValueSpecification\",\"valueRequired\":true,\"valueName\":\"search_term_string\"}}],\"inLanguage\":\"es\"},{\"@type\":\"Organization\",\"@id\":\"https:\/\/staging.srokafinal.lets-preprod.com\/es\/#organization\",\"name\":\"SROKACOMPANY\",\"alternateName\":\"SROKA\",\"url\":\"https:\/\/staging.srokafinal.lets-preprod.com\/es\/\",\"logo\":{\"@type\":\"ImageObject\",\"inLanguage\":\"es\",\"@id\":\"https:\/\/staging.srokafinal.lets-preprod.com\/es\/#\/schema\/logo\/image\/\",\"url\":\"https:\/\/staging.srokafinal.lets-preprod.com\/wp-content\/uploads\/2021\/01\/logo-sroka-black-transpa.png\",\"contentUrl\":\"https:\/\/staging.srokafinal.lets-preprod.com\/wp-content\/uploads\/2021\/01\/logo-sroka-black-transpa.png\",\"width\":1201,\"height\":342,\"caption\":\"SROKACOMPANY\"},\"image\":{\"@id\":\"https:\/\/staging.srokafinal.lets-preprod.com\/es\/#\/schema\/logo\/image\/\"},\"sameAs\":[\"https:\/\/www.facebook.com\/srokawatersports\/\",\"https:\/\/www.instagram.com\/srokawatersports\/\",\"https:\/\/www.youtube.com\/channel\/UCVLHHeaPIm-J5bdEUgxqtZA\"]}]}<\/script>\n<!-- \/ Yoast SEO plugin. -->","yoast_head_json":{"title":"930 HUA - SROKA Company","description":"Fast downwind - Pumping - Pump race, Sup - Sup race- downwind son todos los distintivos de esta nueva 930 UHA.","robots":{"index":"noindex","follow":"follow","max-snippet":"max-snippet:-1","max-image-preview":"max-image-preview:large","max-video-preview":"max-video-preview:-1"},"og_locale":"es_ES","og_type":"article","og_title":"930 HUA - SROKA Company","og_description":"Fast downwind - Pumping - Pump race, Sup - Sup race- downwind son todos los distintivos de esta nueva 930 UHA.","og_url":"https:\/\/staging.srokafinal.lets-preprod.com\/es\/produit\/producto-3\/","og_site_name":"SROKA Company","article_publisher":"https:\/\/www.facebook.com\/srokawatersports\/","article_modified_time":"2024-10-18T16:21:20+00:00","og_image":[{"width":2560,"height":1920,"url":"https:\/\/staging.srokafinal.lets-preprod.com\/wp-content\/uploads\/2024\/06\/930.200.jpg","type":"image\/jpeg"}],"twitter_misc":{"Tiempo de lectura":"1 minuto"},"schema":{"@context":"https:\/\/schema.org","@graph":[{"@type":"WebPage","@id":"https:\/\/staging.srokafinal.lets-preprod.com\/es\/produit\/producto-3\/","url":"https:\/\/staging.srokafinal.lets-preprod.com\/es\/produit\/producto-3\/","name":"930 HUA - SROKA Company","isPartOf":{"@id":"https:\/\/staging.srokafinal.lets-preprod.com\/es\/#website"},"primaryImageOfPage":{"@id":"https:\/\/staging.srokafinal.lets-preprod.com\/es\/produit\/producto-3\/#primaryimage"},"image":{"@id":"https:\/\/staging.srokafinal.lets-preprod.com\/es\/produit\/producto-3\/#primaryimage"},"thumbnailUrl":"https:\/\/staging.srokafinal.lets-preprod.com\/wp-content\/uploads\/2024\/06\/930.200.jpg","datePublished":"2024-07-26T05:23:53+00:00","dateModified":"2024-10-18T16:21:20+00:00","description":"Fast downwind - Pumping - Pump race, Sup - Sup race- downwind son todos los distintivos de esta nueva 930 UHA.","breadcrumb":{"@id":"https:\/\/staging.srokafinal.lets-preprod.com\/es\/produit\/producto-3\/#breadcrumb"},"inLanguage":"es","potentialAction":[{"@type":"ReadAction","target":["https:\/\/staging.srokafinal.lets-preprod.com\/es\/produit\/producto-3\/"]}]},{"@type":"ImageObject","inLanguage":"es","@id":"https:\/\/staging.srokafinal.lets-preprod.com\/es\/produit\/producto-3\/#primaryimage","url":"https:\/\/staging.srokafinal.lets-preprod.com\/wp-content\/uploads\/2024\/06\/930.200.jpg","contentUrl":"https:\/\/staging.srokafinal.lets-preprod.com\/wp-content\/uploads\/2024\/06\/930.200.jpg","width":2560,"height":1920},{"@type":"BreadcrumbList","@id":"https:\/\/staging.srokafinal.lets-preprod.com\/es\/produit\/producto-3\/#breadcrumb","itemListElement":[{"@type":"ListItem","position":1,"name":"Accueil","item":"https:\/\/staging.srokafinal.lets-preprod.com\/es\/"},{"@type":"ListItem","position":2,"name":"Boutique","item":"https:\/\/staging.srokafinal.lets-preprod.com\/boutique\/"},{"@type":"ListItem","position":3,"name":"930 HUA"}]},{"@type":"WebSite","@id":"https:\/\/staging.srokafinal.lets-preprod.com\/es\/#website","url":"https:\/\/staging.srokafinal.lets-preprod.com\/es\/","name":"SROKA Company","description":"SUP, Kite, Foil, Wing","publisher":{"@id":"https:\/\/staging.srokafinal.lets-preprod.com\/es\/#organization"},"potentialAction":[{"@type":"SearchAction","target":{"@type":"EntryPoint","urlTemplate":"https:\/\/staging.srokafinal.lets-preprod.com\/es\/?s={search_term_string}"},"query-input":{"@type":"PropertyValueSpecification","valueRequired":true,"valueName":"search_term_string"}}],"inLanguage":"es"},{"@type":"Organization","@id":"https:\/\/staging.srokafinal.lets-preprod.com\/es\/#organization","name":"SROKACOMPANY","alternateName":"SROKA","url":"https:\/\/staging.srokafinal.lets-preprod.com\/es\/","logo":{"@type":"ImageObject","inLanguage":"es","@id":"https:\/\/staging.srokafinal.lets-preprod.com\/es\/#\/schema\/logo\/image\/","url":"https:\/\/staging.srokafinal.lets-preprod.com\/wp-content\/uploads\/2021\/01\/logo-sroka-black-transpa.png","contentUrl":"https:\/\/staging.srokafinal.lets-preprod.com\/wp-content\/uploads\/2021\/01\/logo-sroka-black-transpa.png","width":1201,"height":342,"caption":"SROKACOMPANY"},"image":{"@id":"https:\/\/staging.srokafinal.lets-preprod.com\/es\/#\/schema\/logo\/image\/"},"sameAs":["https:\/\/www.facebook.com\/srokawatersports\/","https:\/\/www.instagram.com\/srokawatersports\/","https:\/\/www.youtube.com\/channel\/UCVLHHeaPIm-J5bdEUgxqtZA"]}]}},"uagb_featured_image_src":{"full":["https:\/\/staging.srokafinal.lets-preprod.com\/wp-content\/uploads\/2024\/06\/930.200.jpg",2560,1920,false],"thumbnail":["https:\/\/staging.srokafinal.lets-preprod.com\/wp-content\/uploads\/2024\/06\/930.200-150x150.jpg",150,150,true],"medium":["https:\/\/staging.srokafinal.lets-preprod.com\/wp-content\/uploads\/2024\/06\/930.200-300x225.jpg",300,225,true],"medium_large":["https:\/\/staging.srokafinal.lets-preprod.com\/wp-content\/uploads\/2024\/06\/930.200-768x576.jpg",768,576,true],"large":["https:\/\/staging.srokafinal.lets-preprod.com\/wp-content\/uploads\/2024\/06\/930.200-1024x768.jpg",1024,768,true],"1536x1536":["https:\/\/staging.srokafinal.lets-preprod.com\/wp-content\/uploads\/2024\/06\/930.200-1536x1152.jpg",1536,1152,true],"2048x2048":["https:\/\/staging.srokafinal.lets-preprod.com\/wp-content\/uploads\/2024\/06\/930.200-2048x1536.jpg",2048,1536,true],"woocommerce_thumbnail":["https:\/\/staging.srokafinal.lets-preprod.com\/wp-content\/uploads\/2024\/06\/930.200-600x450.jpg",600,450,true],"woocommerce_single":["https:\/\/staging.srokafinal.lets-preprod.com\/wp-content\/uploads\/2024\/06\/930.200-600x450.jpg",600,450,true],"woocommerce_gallery_thumbnail":["https:\/\/staging.srokafinal.lets-preprod.com\/wp-content\/uploads\/2024\/06\/930.200-100x100.jpg",100,100,true]},"uagb_author_info":{"display_name":"Cl\u00e9ment Beaurain","author_link":"https:\/\/staging.srokafinal.lets-preprod.com\/es\/blog\/author\/"},"uagb_comment_info":0,"uagb_excerpt":"El 930 UHA te llevar\u00e1 a otro mundo. Si pensabas que lo hab\u00edas visto todo, pi\u00e9nsalo de nuevo. \u00bfTener el ascensor de un 1200 cm\u00b2 y la velocidad de un 900 es tu sue\u00f1o? Lo logramos. F\u00e1cil de usar, te permitir\u00e1 salir muy temprano y volar a velocidades incre\u00edbles. Planea como un p\u00e1jaro rozando la&hellip;","_links":{"self":[{"href":"https:\/\/staging.srokafinal.lets-preprod.com\/es\/wp-json\/wp\/v2\/product\/124478","targetHints":{"allow":["GET"]}}],"collection":[{"href":"https:\/\/staging.srokafinal.lets-preprod.com\/es\/wp-json\/wp\/v2\/product"}],"about":[{"href":"https:\/\/staging.srokafinal.lets-preprod.com\/es\/wp-json\/wp\/v2\/types\/product"}],"wp:featuredmedia":[{"embeddable":true,"href":"https:\/\/staging.srokafinal.lets-preprod.com\/es\/wp-json\/wp\/v2\/media\/119502"}],"wp:attachment":[{"href":"https:\/\/staging.srokafinal.lets-preprod.com\/es\/wp-json\/wp\/v2\/media?parent=124478"}],"wp:term":[{"taxonomy":"product_brand","embeddable":true,"href":"https:\/\/staging.srokafinal.lets-preprod.com\/es\/wp-json\/wp\/v2\/product_brand?post=124478"},{"taxonomy":"product_cat","embeddable":true,"href":"https:\/\/staging.srokafinal.lets-preprod.com\/es\/wp-json\/wp\/v2\/product_cat?post=124478"},{"taxonomy":"product_tag","embeddable":true,"href":"https:\/\/staging.srokafinal.lets-preprod.com\/es\/wp-json\/wp\/v2\/product_tag?post=124478"}],"curies":[{"name":"wp","href":"https:\/\/api.w.org\/{rel}","templated":true}]}}