


{"id":131442,"date":"2024-12-06T16:20:22","date_gmt":"2024-12-06T14:20:22","guid":{"rendered":"https:\/\/srokacompany.com\/produit\/700-hau\/"},"modified":"2024-12-06T16:20:22","modified_gmt":"2024-12-06T16:20:22","slug":"700-hau","status":"publish","type":"product","link":"https:\/\/staging.srokafinal.lets-preprod.com\/es\/produit\/700-hau\/","title":{"rendered":"700 HAU"},"content":{"rendered":"<hr>\n<p>El 700 UHA es el arma m\u00e1s radical para batir r\u00e9cords en Downwind. Representa la cometa definitiva para el downwinding o para aquellos que quieren ir r\u00e1pido y subir muy fuerte en wingfoil, girar r\u00e1pidamente, subir r\u00e1pidamente y descender a toda velocidad en trenes de oleaje ilimitados. \u00bfCu\u00e1l ser\u00e1 tu l\u00edmite y tu capacidad de hacer retroceder lo que a\u00fan no era aceptable para ti? Este UHA 700 te permitir\u00e1 descubrirlo. Sin embargo, esta gama sigue siendo muy accesible. Volar como un p\u00e1jaro, rozando la cresta de las olas a toda velocidad mientras desciende sin esfuerzo por los trenes de oleaje, se convierte en una realidad con nuestra gama UHA (Ultra High Aspect Ratio). Esta gama, con una gran envergadura, permite hacer foil casi sin viento y sin oleaje, utilizando toda la energ\u00eda necesaria en el oleaje para hacer foil. Si est\u00e1s buscando una cometa para ir r\u00e1pido en downwind o para downwind en wing, las cometas UHA han sido creadas para ti y te sorprender\u00e1n por su facilidad y rendimiento. Esta gama ahora consta de 5 tama\u00f1os de ala: 700 UHA (700 cm2), 800 UHA (800 cm\u00b2), 930 UHA (930 cm\u00b2), 1100 UHA (1100 cm\u00b2) y 1260 UHA (1260 cm\u00b2). Se adapta perfectamente a las gamas de tablas LW y DW, as\u00ed como a la Superfly. Sobre la base del \u00e9xito de la gama HA Speed, decidimos aplicar el mismo perfil para aportar la misma suavidad al despegue, pero con un rendimiento de velocidad impresionante. Es imposible decepcionarse con esta gama UHA: velocidad, deslizamiento y manejo son las tres palabras que mejor la caracterizan<\/p>\n","protected":false},"excerpt":{"rendered":"<p>El 700 UHA es el arma m\u00e1s radical para batir r\u00e9cords en Downwind. Representa la cometa definitiva para el downwinding o para aquellos que quieren ir r\u00e1pido y subir muy fuerte en wingfoil, girar r\u00e1pidamente, subir r\u00e1pidamente y descender a toda velocidad en trenes de oleaje ilimitados. \u00bfCu\u00e1l ser\u00e1 tu l\u00edmite y tu capacidad de [&hellip;]<\/p>\n","protected":false},"featured_media":130868,"template":"","meta":{"_acf_changed":false,"_uag_custom_page_level_css":""},"product_brand":[],"product_cat":[2476,2483],"product_tag":[],"class_list":{"0":"post-131442","1":"product","2":"type-product","3":"status-publish","4":"has-post-thumbnail","6":"product_cat-lamina-de-alas","7":"product_cat-foil","8":"product_shipping_class-lamina-completa-o-piezas-de-repuesto-unidad-de-ala","10":"first","11":"instock","12":"taxable","13":"shipping-taxable","14":"purchasable","15":"product-type-simple"},"acf":[],"yoast_head":"<!-- This site is optimized with the Yoast SEO plugin v25.1 - https:\/\/yoast.com\/wordpress\/plugins\/seo\/ -->\n<title>700 HAU - SROKA Company<\/title>\n<meta name=\"description\" content=\"Swift downwind - dock Start - Pump race, Sup - Sup race - downwind - Wingfoil. \u00a1Esta aleta 700 UHA no tiene l\u00edmites excepto los tuyos!\" \/>\n<meta name=\"robots\" content=\"noindex, follow, max-snippet:-1, max-image-preview:large, max-video-preview:-1\" \/>\n<meta property=\"og:locale\" content=\"es_ES\" \/>\n<meta property=\"og:type\" content=\"article\" \/>\n<meta property=\"og:title\" content=\"700 HAU - SROKA Company\" \/>\n<meta property=\"og:description\" content=\"Swift downwind - dock Start - Pump race, Sup - Sup race - downwind - Wingfoil. \u00a1Esta aleta 700 UHA no tiene l\u00edmites excepto los tuyos!\" \/>\n<meta property=\"og:url\" content=\"https:\/\/staging.srokafinal.lets-preprod.com\/es\/produit\/700-hau\/\" \/>\n<meta property=\"og:site_name\" content=\"SROKA Company\" \/>\n<meta property=\"article:publisher\" content=\"https:\/\/www.facebook.com\/srokawatersports\/\" \/>\n<meta property=\"article:modified_time\" content=\"2024-12-06T16:20:22+00:00\" \/>\n<meta property=\"og:image\" content=\"https:\/\/staging.srokafinal.lets-preprod.com\/wp-content\/uploads\/2024\/10\/700-UHA-site.png\" \/>\n\t<meta property=\"og:image:width\" content=\"1036\" \/>\n\t<meta property=\"og:image:height\" content=\"778\" \/>\n\t<meta property=\"og:image:type\" content=\"image\/png\" \/>\n<meta name=\"twitter:label1\" content=\"Tiempo de lectura\" \/>\n\t<meta name=\"twitter:data1\" content=\"1 minuto\" \/>\n<script type=\"application\/ld+json\" class=\"yoast-schema-graph\">{\"@context\":\"https:\/\/schema.org\",\"@graph\":[{\"@type\":\"WebPage\",\"@id\":\"https:\/\/staging.srokafinal.lets-preprod.com\/es\/produit\/700-hau\/\",\"url\":\"https:\/\/staging.srokafinal.lets-preprod.com\/es\/produit\/700-hau\/\",\"name\":\"700 HAU - SROKA Company\",\"isPartOf\":{\"@id\":\"https:\/\/staging.srokafinal.lets-preprod.com\/es\/#website\"},\"primaryImageOfPage\":{\"@id\":\"https:\/\/staging.srokafinal.lets-preprod.com\/es\/produit\/700-hau\/#primaryimage\"},\"image\":{\"@id\":\"https:\/\/staging.srokafinal.lets-preprod.com\/es\/produit\/700-hau\/#primaryimage\"},\"thumbnailUrl\":\"https:\/\/staging.srokafinal.lets-preprod.com\/wp-content\/uploads\/2024\/10\/700-UHA-site.png\",\"datePublished\":\"2024-12-06T14:20:22+00:00\",\"dateModified\":\"2024-12-06T16:20:22+00:00\",\"description\":\"Swift downwind - dock Start - Pump race, Sup - Sup race - downwind - Wingfoil. \u00a1Esta aleta 700 UHA no tiene l\u00edmites excepto los tuyos!\",\"breadcrumb\":{\"@id\":\"https:\/\/staging.srokafinal.lets-preprod.com\/es\/produit\/700-hau\/#breadcrumb\"},\"inLanguage\":\"es\",\"potentialAction\":[{\"@type\":\"ReadAction\",\"target\":[\"https:\/\/staging.srokafinal.lets-preprod.com\/es\/produit\/700-hau\/\"]}]},{\"@type\":\"ImageObject\",\"inLanguage\":\"es\",\"@id\":\"https:\/\/staging.srokafinal.lets-preprod.com\/es\/produit\/700-hau\/#primaryimage\",\"url\":\"https:\/\/staging.srokafinal.lets-preprod.com\/wp-content\/uploads\/2024\/10\/700-UHA-site.png\",\"contentUrl\":\"https:\/\/staging.srokafinal.lets-preprod.com\/wp-content\/uploads\/2024\/10\/700-UHA-site.png\",\"width\":1036,\"height\":778,\"caption\":\"Aile avant 700 UHA\"},{\"@type\":\"BreadcrumbList\",\"@id\":\"https:\/\/staging.srokafinal.lets-preprod.com\/es\/produit\/700-hau\/#breadcrumb\",\"itemListElement\":[{\"@type\":\"ListItem\",\"position\":1,\"name\":\"Accueil\",\"item\":\"https:\/\/staging.srokafinal.lets-preprod.com\/es\/\"},{\"@type\":\"ListItem\",\"position\":2,\"name\":\"Boutique\",\"item\":\"https:\/\/staging.srokafinal.lets-preprod.com\/boutique\/\"},{\"@type\":\"ListItem\",\"position\":3,\"name\":\"700 HAU\"}]},{\"@type\":\"WebSite\",\"@id\":\"https:\/\/staging.srokafinal.lets-preprod.com\/es\/#website\",\"url\":\"https:\/\/staging.srokafinal.lets-preprod.com\/es\/\",\"name\":\"SROKA Company\",\"description\":\"SUP, Kite, Foil, Wing\",\"publisher\":{\"@id\":\"https:\/\/staging.srokafinal.lets-preprod.com\/es\/#organization\"},\"potentialAction\":[{\"@type\":\"SearchAction\",\"target\":{\"@type\":\"EntryPoint\",\"urlTemplate\":\"https:\/\/staging.srokafinal.lets-preprod.com\/es\/?s={search_term_string}\"},\"query-input\":{\"@type\":\"PropertyValueSpecification\",\"valueRequired\":true,\"valueName\":\"search_term_string\"}}],\"inLanguage\":\"es\"},{\"@type\":\"Organization\",\"@id\":\"https:\/\/staging.srokafinal.lets-preprod.com\/es\/#organization\",\"name\":\"SROKACOMPANY\",\"alternateName\":\"SROKA\",\"url\":\"https:\/\/staging.srokafinal.lets-preprod.com\/es\/\",\"logo\":{\"@type\":\"ImageObject\",\"inLanguage\":\"es\",\"@id\":\"https:\/\/staging.srokafinal.lets-preprod.com\/es\/#\/schema\/logo\/image\/\",\"url\":\"https:\/\/staging.srokafinal.lets-preprod.com\/wp-content\/uploads\/2021\/01\/logo-sroka-black-transpa.png\",\"contentUrl\":\"https:\/\/staging.srokafinal.lets-preprod.com\/wp-content\/uploads\/2021\/01\/logo-sroka-black-transpa.png\",\"width\":1201,\"height\":342,\"caption\":\"SROKACOMPANY\"},\"image\":{\"@id\":\"https:\/\/staging.srokafinal.lets-preprod.com\/es\/#\/schema\/logo\/image\/\"},\"sameAs\":[\"https:\/\/www.facebook.com\/srokawatersports\/\",\"https:\/\/www.instagram.com\/srokawatersports\/\",\"https:\/\/www.youtube.com\/channel\/UCVLHHeaPIm-J5bdEUgxqtZA\"]}]}<\/script>\n<!-- \/ Yoast SEO plugin. -->","yoast_head_json":{"title":"700 HAU - SROKA Company","description":"Swift downwind - dock Start - Pump race, Sup - Sup race - downwind - Wingfoil. \u00a1Esta aleta 700 UHA no tiene l\u00edmites excepto los tuyos!","robots":{"index":"noindex","follow":"follow","max-snippet":"max-snippet:-1","max-image-preview":"max-image-preview:large","max-video-preview":"max-video-preview:-1"},"og_locale":"es_ES","og_type":"article","og_title":"700 HAU - SROKA Company","og_description":"Swift downwind - dock Start - Pump race, Sup - Sup race - downwind - Wingfoil. \u00a1Esta aleta 700 UHA no tiene l\u00edmites excepto los tuyos!","og_url":"https:\/\/staging.srokafinal.lets-preprod.com\/es\/produit\/700-hau\/","og_site_name":"SROKA Company","article_publisher":"https:\/\/www.facebook.com\/srokawatersports\/","article_modified_time":"2024-12-06T16:20:22+00:00","og_image":[{"width":1036,"height":778,"url":"https:\/\/staging.srokafinal.lets-preprod.com\/wp-content\/uploads\/2024\/10\/700-UHA-site.png","type":"image\/png"}],"twitter_misc":{"Tiempo de lectura":"1 minuto"},"schema":{"@context":"https:\/\/schema.org","@graph":[{"@type":"WebPage","@id":"https:\/\/staging.srokafinal.lets-preprod.com\/es\/produit\/700-hau\/","url":"https:\/\/staging.srokafinal.lets-preprod.com\/es\/produit\/700-hau\/","name":"700 HAU - SROKA Company","isPartOf":{"@id":"https:\/\/staging.srokafinal.lets-preprod.com\/es\/#website"},"primaryImageOfPage":{"@id":"https:\/\/staging.srokafinal.lets-preprod.com\/es\/produit\/700-hau\/#primaryimage"},"image":{"@id":"https:\/\/staging.srokafinal.lets-preprod.com\/es\/produit\/700-hau\/#primaryimage"},"thumbnailUrl":"https:\/\/staging.srokafinal.lets-preprod.com\/wp-content\/uploads\/2024\/10\/700-UHA-site.png","datePublished":"2024-12-06T14:20:22+00:00","dateModified":"2024-12-06T16:20:22+00:00","description":"Swift downwind - dock Start - Pump race, Sup - Sup race - downwind - Wingfoil. \u00a1Esta aleta 700 UHA no tiene l\u00edmites excepto los tuyos!","breadcrumb":{"@id":"https:\/\/staging.srokafinal.lets-preprod.com\/es\/produit\/700-hau\/#breadcrumb"},"inLanguage":"es","potentialAction":[{"@type":"ReadAction","target":["https:\/\/staging.srokafinal.lets-preprod.com\/es\/produit\/700-hau\/"]}]},{"@type":"ImageObject","inLanguage":"es","@id":"https:\/\/staging.srokafinal.lets-preprod.com\/es\/produit\/700-hau\/#primaryimage","url":"https:\/\/staging.srokafinal.lets-preprod.com\/wp-content\/uploads\/2024\/10\/700-UHA-site.png","contentUrl":"https:\/\/staging.srokafinal.lets-preprod.com\/wp-content\/uploads\/2024\/10\/700-UHA-site.png","width":1036,"height":778,"caption":"Aile avant 700 UHA"},{"@type":"BreadcrumbList","@id":"https:\/\/staging.srokafinal.lets-preprod.com\/es\/produit\/700-hau\/#breadcrumb","itemListElement":[{"@type":"ListItem","position":1,"name":"Accueil","item":"https:\/\/staging.srokafinal.lets-preprod.com\/es\/"},{"@type":"ListItem","position":2,"name":"Boutique","item":"https:\/\/staging.srokafinal.lets-preprod.com\/boutique\/"},{"@type":"ListItem","position":3,"name":"700 HAU"}]},{"@type":"WebSite","@id":"https:\/\/staging.srokafinal.lets-preprod.com\/es\/#website","url":"https:\/\/staging.srokafinal.lets-preprod.com\/es\/","name":"SROKA Company","description":"SUP, Kite, Foil, Wing","publisher":{"@id":"https:\/\/staging.srokafinal.lets-preprod.com\/es\/#organization"},"potentialAction":[{"@type":"SearchAction","target":{"@type":"EntryPoint","urlTemplate":"https:\/\/staging.srokafinal.lets-preprod.com\/es\/?s={search_term_string}"},"query-input":{"@type":"PropertyValueSpecification","valueRequired":true,"valueName":"search_term_string"}}],"inLanguage":"es"},{"@type":"Organization","@id":"https:\/\/staging.srokafinal.lets-preprod.com\/es\/#organization","name":"SROKACOMPANY","alternateName":"SROKA","url":"https:\/\/staging.srokafinal.lets-preprod.com\/es\/","logo":{"@type":"ImageObject","inLanguage":"es","@id":"https:\/\/staging.srokafinal.lets-preprod.com\/es\/#\/schema\/logo\/image\/","url":"https:\/\/staging.srokafinal.lets-preprod.com\/wp-content\/uploads\/2021\/01\/logo-sroka-black-transpa.png","contentUrl":"https:\/\/staging.srokafinal.lets-preprod.com\/wp-content\/uploads\/2021\/01\/logo-sroka-black-transpa.png","width":1201,"height":342,"caption":"SROKACOMPANY"},"image":{"@id":"https:\/\/staging.srokafinal.lets-preprod.com\/es\/#\/schema\/logo\/image\/"},"sameAs":["https:\/\/www.facebook.com\/srokawatersports\/","https:\/\/www.instagram.com\/srokawatersports\/","https:\/\/www.youtube.com\/channel\/UCVLHHeaPIm-J5bdEUgxqtZA"]}]}},"uagb_featured_image_src":{"full":["https:\/\/staging.srokafinal.lets-preprod.com\/wp-content\/uploads\/2024\/10\/700-UHA-site.png",1036,778,false],"thumbnail":["https:\/\/staging.srokafinal.lets-preprod.com\/wp-content\/uploads\/2024\/10\/700-UHA-site-150x150.png",150,150,true],"medium":["https:\/\/staging.srokafinal.lets-preprod.com\/wp-content\/uploads\/2024\/10\/700-UHA-site-300x225.png",300,225,true],"medium_large":["https:\/\/staging.srokafinal.lets-preprod.com\/wp-content\/uploads\/2024\/10\/700-UHA-site-768x577.png",768,577,true],"large":["https:\/\/staging.srokafinal.lets-preprod.com\/wp-content\/uploads\/2024\/10\/700-UHA-site-1024x769.png",1024,769,true],"1536x1536":["https:\/\/staging.srokafinal.lets-preprod.com\/wp-content\/uploads\/2024\/10\/700-UHA-site.png",1036,778,false],"2048x2048":["https:\/\/staging.srokafinal.lets-preprod.com\/wp-content\/uploads\/2024\/10\/700-UHA-site.png",1036,778,false],"woocommerce_thumbnail":["https:\/\/staging.srokafinal.lets-preprod.com\/wp-content\/uploads\/2024\/10\/700-UHA-site-600x451.png",600,451,true],"woocommerce_single":["https:\/\/staging.srokafinal.lets-preprod.com\/wp-content\/uploads\/2024\/10\/700-UHA-site-600x451.png",600,451,true],"woocommerce_gallery_thumbnail":["https:\/\/staging.srokafinal.lets-preprod.com\/wp-content\/uploads\/2024\/10\/700-UHA-site-100x100.png",100,100,true]},"uagb_author_info":{"display_name":"emmanuel.d emmanuel.d","author_link":"https:\/\/staging.srokafinal.lets-preprod.com\/es\/blog\/author\/"},"uagb_comment_info":0,"uagb_excerpt":"El 700 UHA es el arma m\u00e1s radical para batir r\u00e9cords en Downwind. Representa la cometa definitiva para el downwinding o para aquellos que quieren ir r\u00e1pido y subir muy fuerte en wingfoil, girar r\u00e1pidamente, subir r\u00e1pidamente y descender a toda velocidad en trenes de oleaje ilimitados. \u00bfCu\u00e1l ser\u00e1 tu l\u00edmite y tu capacidad de&hellip;","_links":{"self":[{"href":"https:\/\/staging.srokafinal.lets-preprod.com\/es\/wp-json\/wp\/v2\/product\/131442","targetHints":{"allow":["GET"]}}],"collection":[{"href":"https:\/\/staging.srokafinal.lets-preprod.com\/es\/wp-json\/wp\/v2\/product"}],"about":[{"href":"https:\/\/staging.srokafinal.lets-preprod.com\/es\/wp-json\/wp\/v2\/types\/product"}],"wp:featuredmedia":[{"embeddable":true,"href":"https:\/\/staging.srokafinal.lets-preprod.com\/es\/wp-json\/wp\/v2\/media\/130868"}],"wp:attachment":[{"href":"https:\/\/staging.srokafinal.lets-preprod.com\/es\/wp-json\/wp\/v2\/media?parent=131442"}],"wp:term":[{"taxonomy":"product_brand","embeddable":true,"href":"https:\/\/staging.srokafinal.lets-preprod.com\/es\/wp-json\/wp\/v2\/product_brand?post=131442"},{"taxonomy":"product_cat","embeddable":true,"href":"https:\/\/staging.srokafinal.lets-preprod.com\/es\/wp-json\/wp\/v2\/product_cat?post=131442"},{"taxonomy":"product_tag","embeddable":true,"href":"https:\/\/staging.srokafinal.lets-preprod.com\/es\/wp-json\/wp\/v2\/product_tag?post=131442"}],"curies":[{"name":"wp","href":"https:\/\/api.w.org\/{rel}","templated":true}]}}