


{"id":132661,"date":"2025-02-06T10:46:46","date_gmt":"2025-02-06T08:46:46","guid":{"rendered":"https:\/\/srokacompany.com\/produit\/ala-v4-elite\/"},"modified":"2025-02-13T14:52:21","modified_gmt":"2025-02-13T14:52:21","slug":"ala-v4-elite","status":"publish","type":"product","link":"https:\/\/staging.srokafinal.lets-preprod.com\/es\/produit\/ala-v4-elite\/","title":{"rendered":"Ala V4 Elite"},"content":{"rendered":"<hr>\n<p class=\"p1\"><b>Imag\u00ednate<\/b> desliz\u00e1ndote por el agua con una ligereza y fluidez sin precedentes. El V4 Elite es la combinaci\u00f3n perfecta de <b>innovaci\u00f3n<\/b> y <b>rendimiento<\/b>. Cada detalle ha sido pensado para brindarte una experiencia de vuelo inigualable. Desde el borde de ataque m\u00e1s llamativo hasta ventanas de visualizaci\u00f3n muy bien posicionadas o simplemente un spinnaker m\u00e1s grueso para brindarle la m\u00e1xima rigidez. Esta nueva cometa SROKA de la gama Elite te aportar\u00e1 rigidez, rendimiento y ligereza.    <\/p>\n<p>&nbsp;<\/p>\n<p><b>\u00a1EL PRODUCTO ESTAR\u00c1 DISPONIBLE A PARTIR DE FINALES DE MARZO!<\/b><\/p>\n","protected":false},"excerpt":{"rendered":"<p>Imag\u00ednate desliz\u00e1ndote por el agua con una ligereza y fluidez sin precedentes. El V4 Elite es la combinaci\u00f3n perfecta de innovaci\u00f3n y rendimiento. Cada detalle ha sido pensado para brindarte una experiencia de vuelo inigualable. Desde el borde de ataque m\u00e1s llamativo hasta ventanas de visualizaci\u00f3n muy bien posicionadas o simplemente un spinnaker m\u00e1s grueso [&hellip;]<\/p>\n","protected":false},"featured_media":131681,"template":"","meta":{"_acf_changed":false,"_uag_custom_page_level_css":""},"product_brand":[],"product_cat":[3183,2476,2475],"product_tag":[],"class_list":{"0":"post-132661","1":"product","2":"type-product","3":"status-publish","4":"has-post-thumbnail","6":"product_cat-elite-es","7":"product_cat-lamina-de-alas","8":"product_cat-alas-de-wing-foil","9":"product_shipping_class-unidad-de-tablero-duro-es","11":"first","12":"instock","13":"taxable","14":"shipping-taxable","15":"purchasable","16":"product-type-variable"},"acf":[],"yoast_head":"<!-- This site is optimized with the Yoast SEO plugin v25.1 - https:\/\/yoast.com\/wordpress\/plugins\/seo\/ -->\n<title>Ala V4 Elite<\/title>\n<meta name=\"description\" content=\"\u00a1Supera tus l\u00edmites! El SROKA Wing V4 Elite est\u00e1 dise\u00f1ado para ciclistas exigentes que buscan un rendimiento y una experiencia de vuelo inigualables.\" \/>\n<meta name=\"robots\" content=\"noindex, follow, max-snippet:-1, max-image-preview:large, max-video-preview:-1\" \/>\n<meta property=\"og:locale\" content=\"es_ES\" \/>\n<meta property=\"og:type\" content=\"article\" \/>\n<meta property=\"og:title\" content=\"Ala V4 Elite\" \/>\n<meta property=\"og:description\" content=\"\u00a1Supera tus l\u00edmites! El SROKA Wing V4 Elite est\u00e1 dise\u00f1ado para ciclistas exigentes que buscan un rendimiento y una experiencia de vuelo inigualables.\" \/>\n<meta property=\"og:url\" content=\"https:\/\/staging.srokafinal.lets-preprod.com\/es\/produit\/ala-v4-elite\/\" \/>\n<meta property=\"og:site_name\" content=\"SROKA Company\" \/>\n<meta property=\"article:publisher\" content=\"https:\/\/www.facebook.com\/srokawatersports\/\" \/>\n<meta property=\"article:modified_time\" content=\"2025-02-13T14:52:21+00:00\" \/>\n<meta property=\"og:image\" content=\"https:\/\/staging.srokafinal.lets-preprod.com\/wp-content\/uploads\/2024\/12\/Wing-V4-Elite-Copy-1.png\" \/>\n\t<meta property=\"og:image:width\" content=\"1036\" \/>\n\t<meta property=\"og:image:height\" content=\"778\" \/>\n\t<meta property=\"og:image:type\" content=\"image\/png\" \/>\n<script type=\"application\/ld+json\" class=\"yoast-schema-graph\">{\"@context\":\"https:\/\/schema.org\",\"@graph\":[{\"@type\":\"WebPage\",\"@id\":\"https:\/\/staging.srokafinal.lets-preprod.com\/es\/produit\/ala-v4-elite\/\",\"url\":\"https:\/\/staging.srokafinal.lets-preprod.com\/es\/produit\/ala-v4-elite\/\",\"name\":\"Ala V4 Elite\",\"isPartOf\":{\"@id\":\"https:\/\/staging.srokafinal.lets-preprod.com\/es\/#website\"},\"primaryImageOfPage\":{\"@id\":\"https:\/\/staging.srokafinal.lets-preprod.com\/es\/produit\/ala-v4-elite\/#primaryimage\"},\"image\":{\"@id\":\"https:\/\/staging.srokafinal.lets-preprod.com\/es\/produit\/ala-v4-elite\/#primaryimage\"},\"thumbnailUrl\":\"https:\/\/staging.srokafinal.lets-preprod.com\/wp-content\/uploads\/2024\/12\/Wing-V4-Elite-Copy-1.png\",\"datePublished\":\"2025-02-06T08:46:46+00:00\",\"dateModified\":\"2025-02-13T14:52:21+00:00\",\"description\":\"\u00a1Supera tus l\u00edmites! El SROKA Wing V4 Elite est\u00e1 dise\u00f1ado para ciclistas exigentes que buscan un rendimiento y una experiencia de vuelo inigualables.\",\"breadcrumb\":{\"@id\":\"https:\/\/staging.srokafinal.lets-preprod.com\/es\/produit\/ala-v4-elite\/#breadcrumb\"},\"inLanguage\":\"es\",\"potentialAction\":[{\"@type\":\"ReadAction\",\"target\":[\"https:\/\/staging.srokafinal.lets-preprod.com\/es\/produit\/ala-v4-elite\/\"]}]},{\"@type\":\"ImageObject\",\"inLanguage\":\"es\",\"@id\":\"https:\/\/staging.srokafinal.lets-preprod.com\/es\/produit\/ala-v4-elite\/#primaryimage\",\"url\":\"https:\/\/staging.srokafinal.lets-preprod.com\/wp-content\/uploads\/2024\/12\/Wing-V4-Elite-Copy-1.png\",\"contentUrl\":\"https:\/\/staging.srokafinal.lets-preprod.com\/wp-content\/uploads\/2024\/12\/Wing-V4-Elite-Copy-1.png\",\"width\":1036,\"height\":778},{\"@type\":\"BreadcrumbList\",\"@id\":\"https:\/\/staging.srokafinal.lets-preprod.com\/es\/produit\/ala-v4-elite\/#breadcrumb\",\"itemListElement\":[{\"@type\":\"ListItem\",\"position\":1,\"name\":\"Accueil\",\"item\":\"https:\/\/staging.srokafinal.lets-preprod.com\/es\/\"},{\"@type\":\"ListItem\",\"position\":2,\"name\":\"Boutique\",\"item\":\"https:\/\/staging.srokafinal.lets-preprod.com\/boutique\/\"},{\"@type\":\"ListItem\",\"position\":3,\"name\":\"Ala V4 Elite\"}]},{\"@type\":\"WebSite\",\"@id\":\"https:\/\/staging.srokafinal.lets-preprod.com\/es\/#website\",\"url\":\"https:\/\/staging.srokafinal.lets-preprod.com\/es\/\",\"name\":\"SROKA Company\",\"description\":\"SUP, Kite, Foil, Wing\",\"publisher\":{\"@id\":\"https:\/\/staging.srokafinal.lets-preprod.com\/es\/#organization\"},\"potentialAction\":[{\"@type\":\"SearchAction\",\"target\":{\"@type\":\"EntryPoint\",\"urlTemplate\":\"https:\/\/staging.srokafinal.lets-preprod.com\/es\/?s={search_term_string}\"},\"query-input\":{\"@type\":\"PropertyValueSpecification\",\"valueRequired\":true,\"valueName\":\"search_term_string\"}}],\"inLanguage\":\"es\"},{\"@type\":\"Organization\",\"@id\":\"https:\/\/staging.srokafinal.lets-preprod.com\/es\/#organization\",\"name\":\"SROKACOMPANY\",\"alternateName\":\"SROKA\",\"url\":\"https:\/\/staging.srokafinal.lets-preprod.com\/es\/\",\"logo\":{\"@type\":\"ImageObject\",\"inLanguage\":\"es\",\"@id\":\"https:\/\/staging.srokafinal.lets-preprod.com\/es\/#\/schema\/logo\/image\/\",\"url\":\"https:\/\/staging.srokafinal.lets-preprod.com\/wp-content\/uploads\/2021\/01\/logo-sroka-black-transpa.png\",\"contentUrl\":\"https:\/\/staging.srokafinal.lets-preprod.com\/wp-content\/uploads\/2021\/01\/logo-sroka-black-transpa.png\",\"width\":1201,\"height\":342,\"caption\":\"SROKACOMPANY\"},\"image\":{\"@id\":\"https:\/\/staging.srokafinal.lets-preprod.com\/es\/#\/schema\/logo\/image\/\"},\"sameAs\":[\"https:\/\/www.facebook.com\/srokawatersports\/\",\"https:\/\/www.instagram.com\/srokawatersports\/\",\"https:\/\/www.youtube.com\/channel\/UCVLHHeaPIm-J5bdEUgxqtZA\"]}]}<\/script>\n<!-- \/ Yoast SEO plugin. -->","yoast_head_json":{"title":"Ala V4 Elite","description":"\u00a1Supera tus l\u00edmites! El SROKA Wing V4 Elite est\u00e1 dise\u00f1ado para ciclistas exigentes que buscan un rendimiento y una experiencia de vuelo inigualables.","robots":{"index":"noindex","follow":"follow","max-snippet":"max-snippet:-1","max-image-preview":"max-image-preview:large","max-video-preview":"max-video-preview:-1"},"og_locale":"es_ES","og_type":"article","og_title":"Ala V4 Elite","og_description":"\u00a1Supera tus l\u00edmites! El SROKA Wing V4 Elite est\u00e1 dise\u00f1ado para ciclistas exigentes que buscan un rendimiento y una experiencia de vuelo inigualables.","og_url":"https:\/\/staging.srokafinal.lets-preprod.com\/es\/produit\/ala-v4-elite\/","og_site_name":"SROKA Company","article_publisher":"https:\/\/www.facebook.com\/srokawatersports\/","article_modified_time":"2025-02-13T14:52:21+00:00","og_image":[{"width":1036,"height":778,"url":"https:\/\/staging.srokafinal.lets-preprod.com\/wp-content\/uploads\/2024\/12\/Wing-V4-Elite-Copy-1.png","type":"image\/png"}],"schema":{"@context":"https:\/\/schema.org","@graph":[{"@type":"WebPage","@id":"https:\/\/staging.srokafinal.lets-preprod.com\/es\/produit\/ala-v4-elite\/","url":"https:\/\/staging.srokafinal.lets-preprod.com\/es\/produit\/ala-v4-elite\/","name":"Ala V4 Elite","isPartOf":{"@id":"https:\/\/staging.srokafinal.lets-preprod.com\/es\/#website"},"primaryImageOfPage":{"@id":"https:\/\/staging.srokafinal.lets-preprod.com\/es\/produit\/ala-v4-elite\/#primaryimage"},"image":{"@id":"https:\/\/staging.srokafinal.lets-preprod.com\/es\/produit\/ala-v4-elite\/#primaryimage"},"thumbnailUrl":"https:\/\/staging.srokafinal.lets-preprod.com\/wp-content\/uploads\/2024\/12\/Wing-V4-Elite-Copy-1.png","datePublished":"2025-02-06T08:46:46+00:00","dateModified":"2025-02-13T14:52:21+00:00","description":"\u00a1Supera tus l\u00edmites! El SROKA Wing V4 Elite est\u00e1 dise\u00f1ado para ciclistas exigentes que buscan un rendimiento y una experiencia de vuelo inigualables.","breadcrumb":{"@id":"https:\/\/staging.srokafinal.lets-preprod.com\/es\/produit\/ala-v4-elite\/#breadcrumb"},"inLanguage":"es","potentialAction":[{"@type":"ReadAction","target":["https:\/\/staging.srokafinal.lets-preprod.com\/es\/produit\/ala-v4-elite\/"]}]},{"@type":"ImageObject","inLanguage":"es","@id":"https:\/\/staging.srokafinal.lets-preprod.com\/es\/produit\/ala-v4-elite\/#primaryimage","url":"https:\/\/staging.srokafinal.lets-preprod.com\/wp-content\/uploads\/2024\/12\/Wing-V4-Elite-Copy-1.png","contentUrl":"https:\/\/staging.srokafinal.lets-preprod.com\/wp-content\/uploads\/2024\/12\/Wing-V4-Elite-Copy-1.png","width":1036,"height":778},{"@type":"BreadcrumbList","@id":"https:\/\/staging.srokafinal.lets-preprod.com\/es\/produit\/ala-v4-elite\/#breadcrumb","itemListElement":[{"@type":"ListItem","position":1,"name":"Accueil","item":"https:\/\/staging.srokafinal.lets-preprod.com\/es\/"},{"@type":"ListItem","position":2,"name":"Boutique","item":"https:\/\/staging.srokafinal.lets-preprod.com\/boutique\/"},{"@type":"ListItem","position":3,"name":"Ala V4 Elite"}]},{"@type":"WebSite","@id":"https:\/\/staging.srokafinal.lets-preprod.com\/es\/#website","url":"https:\/\/staging.srokafinal.lets-preprod.com\/es\/","name":"SROKA Company","description":"SUP, Kite, Foil, Wing","publisher":{"@id":"https:\/\/staging.srokafinal.lets-preprod.com\/es\/#organization"},"potentialAction":[{"@type":"SearchAction","target":{"@type":"EntryPoint","urlTemplate":"https:\/\/staging.srokafinal.lets-preprod.com\/es\/?s={search_term_string}"},"query-input":{"@type":"PropertyValueSpecification","valueRequired":true,"valueName":"search_term_string"}}],"inLanguage":"es"},{"@type":"Organization","@id":"https:\/\/staging.srokafinal.lets-preprod.com\/es\/#organization","name":"SROKACOMPANY","alternateName":"SROKA","url":"https:\/\/staging.srokafinal.lets-preprod.com\/es\/","logo":{"@type":"ImageObject","inLanguage":"es","@id":"https:\/\/staging.srokafinal.lets-preprod.com\/es\/#\/schema\/logo\/image\/","url":"https:\/\/staging.srokafinal.lets-preprod.com\/wp-content\/uploads\/2021\/01\/logo-sroka-black-transpa.png","contentUrl":"https:\/\/staging.srokafinal.lets-preprod.com\/wp-content\/uploads\/2021\/01\/logo-sroka-black-transpa.png","width":1201,"height":342,"caption":"SROKACOMPANY"},"image":{"@id":"https:\/\/staging.srokafinal.lets-preprod.com\/es\/#\/schema\/logo\/image\/"},"sameAs":["https:\/\/www.facebook.com\/srokawatersports\/","https:\/\/www.instagram.com\/srokawatersports\/","https:\/\/www.youtube.com\/channel\/UCVLHHeaPIm-J5bdEUgxqtZA"]}]}},"uagb_featured_image_src":{"full":["https:\/\/staging.srokafinal.lets-preprod.com\/wp-content\/uploads\/2024\/12\/Wing-V4-Elite-Copy-1.png",1036,778,false],"thumbnail":["https:\/\/staging.srokafinal.lets-preprod.com\/wp-content\/uploads\/2024\/12\/Wing-V4-Elite-Copy-1-150x150.png",150,150,true],"medium":["https:\/\/staging.srokafinal.lets-preprod.com\/wp-content\/uploads\/2024\/12\/Wing-V4-Elite-Copy-1-300x225.png",300,225,true],"medium_large":["https:\/\/staging.srokafinal.lets-preprod.com\/wp-content\/uploads\/2024\/12\/Wing-V4-Elite-Copy-1-768x577.png",768,577,true],"large":["https:\/\/staging.srokafinal.lets-preprod.com\/wp-content\/uploads\/2024\/12\/Wing-V4-Elite-Copy-1-1024x769.png",1024,769,true],"1536x1536":["https:\/\/staging.srokafinal.lets-preprod.com\/wp-content\/uploads\/2024\/12\/Wing-V4-Elite-Copy-1.png",1036,778,false],"2048x2048":["https:\/\/staging.srokafinal.lets-preprod.com\/wp-content\/uploads\/2024\/12\/Wing-V4-Elite-Copy-1.png",1036,778,false],"woocommerce_thumbnail":["https:\/\/staging.srokafinal.lets-preprod.com\/wp-content\/uploads\/2024\/12\/Wing-V4-Elite-Copy-1-600x451.png",600,451,true],"woocommerce_single":["https:\/\/staging.srokafinal.lets-preprod.com\/wp-content\/uploads\/2024\/12\/Wing-V4-Elite-Copy-1-600x451.png",600,451,true],"woocommerce_gallery_thumbnail":["https:\/\/staging.srokafinal.lets-preprod.com\/wp-content\/uploads\/2024\/12\/Wing-V4-Elite-Copy-1-100x100.png",100,100,true]},"uagb_author_info":{"display_name":"emmanuel.d emmanuel.d","author_link":"https:\/\/staging.srokafinal.lets-preprod.com\/es\/blog\/author\/"},"uagb_comment_info":0,"uagb_excerpt":"Imag\u00ednate desliz\u00e1ndote por el agua con una ligereza y fluidez sin precedentes. El V4 Elite es la combinaci\u00f3n perfecta de innovaci\u00f3n y rendimiento. Cada detalle ha sido pensado para brindarte una experiencia de vuelo inigualable. Desde el borde de ataque m\u00e1s llamativo hasta ventanas de visualizaci\u00f3n muy bien posicionadas o simplemente un spinnaker m\u00e1s grueso&hellip;","_links":{"self":[{"href":"https:\/\/staging.srokafinal.lets-preprod.com\/es\/wp-json\/wp\/v2\/product\/132661","targetHints":{"allow":["GET"]}}],"collection":[{"href":"https:\/\/staging.srokafinal.lets-preprod.com\/es\/wp-json\/wp\/v2\/product"}],"about":[{"href":"https:\/\/staging.srokafinal.lets-preprod.com\/es\/wp-json\/wp\/v2\/types\/product"}],"wp:featuredmedia":[{"embeddable":true,"href":"https:\/\/staging.srokafinal.lets-preprod.com\/es\/wp-json\/wp\/v2\/media\/131681"}],"wp:attachment":[{"href":"https:\/\/staging.srokafinal.lets-preprod.com\/es\/wp-json\/wp\/v2\/media?parent=132661"}],"wp:term":[{"taxonomy":"product_brand","embeddable":true,"href":"https:\/\/staging.srokafinal.lets-preprod.com\/es\/wp-json\/wp\/v2\/product_brand?post=132661"},{"taxonomy":"product_cat","embeddable":true,"href":"https:\/\/staging.srokafinal.lets-preprod.com\/es\/wp-json\/wp\/v2\/product_cat?post=132661"},{"taxonomy":"product_tag","embeddable":true,"href":"https:\/\/staging.srokafinal.lets-preprod.com\/es\/wp-json\/wp\/v2\/product_tag?post=132661"}],"curies":[{"name":"wp","href":"https:\/\/api.w.org\/{rel}","templated":true}]}}